{"id":20307,"date":"2022-10-10T10:08:39","date_gmt":"2022-10-10T10:08:39","guid":{"rendered":"https:\/\/www.microsave.net\/fr\/?page_id=20307"},"modified":"2025-08-08T16:21:07","modified_gmt":"2025-08-08T10:51:07","slug":"confidentialite","status":"publish","type":"page","link":"https:\/\/www.microsave.net\/fr\/confidentialite\/","title":{"rendered":"Confidentialit\u00e9"},"content":{"rendered":"<div class=\"point\">\n<div class=\"small-title\">\n<h2>Cette politique de confidentialit\u00e9 d\u00e9crit les termes de notre engagement envers votre vie priv\u00e9e.<\/h2>\n<\/div>\n<p>MicroSave Consulting, MSC, \u00a0en tant que propri\u00e9taire et propri\u00e9taire unique de \u00ab Institut Helix de Finance Digitale \u00bb, se r\u00e9serve ses droits d\u2019utilisation exclusive \u00e0 la fois en tant que \u00ab marque \u00bb et autre. MSC, \u00a0est donc le propri\u00e9taire de facto du site et, en tant que tel, le d\u00e9clarant de cette politique et de tous les termes et conditions contenus dans ce document.<\/p>\n<p>MSC, \u00a0respecte votre vie priv\u00e9e et nous nous engageons \u00e0 garder vos informations personnelles et autres informations confidentielles et s\u00e9curis\u00e9es.<\/p>\n<\/div>\n<div class=\"point\">\n<div class=\"small-title\">\n<h2>1. Quand est ce que les conditions de confidentialit\u00e9 de ce site s\u2019appliquent-elles?<\/h2>\n<\/div>\n<ol>\n<li>La d\u00e9claration de confidentialit\u00e9 relative \u00e0 ce site internet explique l\u2019approche adopt\u00e9e par MSC, \u00a0(\u00abMSC\u00bb, \u00abnous\u00bb ) en ce qui concerne les informations personnelles et les donn\u00e9es que nous recueillons sur vous (\u00abVos informations\u00bb) lorsque vous visitez ce site internet, r\u00e9pondez de mani\u00e8re \u00e9lectronique \u00e0 nos publicit\u00e9s en ligne ou lorsque vous nous contactez par l\u2019interm\u00e9diaire d\u2019un ordinateur, d\u2019un appareil mobile ou d\u2019autres appareils \u00e9lectroniques similaires.(\u00abDispositif\u00bb).<\/li>\n<\/ol>\n<p>Il ne s\u2019applique pas aux informations que nous recueillons autrement, par exemple lorsque vous traitez directement avec notre personnel dans un bureau ou par t\u00e9l\u00e9phone. Dans ces cas l\u00e0, d\u2019autres conditions de confidentialit\u00e9 peuvent s\u2019appliquer.<\/p>\n<p>Cette d\u00e9claration de confidentialit\u00e9 du site internet est limit\u00e9e aux informations et aux donn\u00e9es collect\u00e9es sur ce site, nos publicit\u00e9s en ligne et nos communications \u00e9lectroniques. Elle ne s\u2019applique pas lorsque vous quittez notre site, y compris pour aller sur des sites internet tiers o\u00f9 nos publicit\u00e9s en ligne sont affich\u00e9es ou vers des liens de sites internet de tiers que nous n\u2019utilisons ni ne contr\u00f4lons. Veuillez lire les d\u00e9clarations de confidentialit\u00e9 ainsi que les termes et conditions propres \u00e0 ces sites tiers afin de d\u00e9cider s\u2019ils prot\u00e8gent vos droits de mani\u00e8re satisfaisante ou non.<\/p>\n<\/div>\n<div class=\"point\">\n<div class=\"small-title\">\n<h2>2. Vous consentez \u00e0 ce que nous utilisions vos informations et les cookies<\/h2>\n<\/div>\n<p>En utilisant notre site internet, en r\u00e9pondant \u00e0 nos publicit\u00e9s en ligne et\/ou en nous fournissant vos informations, vous consentez \u00e0: (a) notre utilisation de cookies (voir la section 3 (a) ci-dessous) et notre utilisation de vos informations, comme d\u00e9crit dans la D\u00e9claration de confidentialit\u00e9 de ce site internet; (b) ainsi qu\u2019aux termes et conditions mentionn\u00e9s dans la D\u00e9claration de confidentialit\u00e9 de notre site. Si vous n\u2019y consentez pas, veuillez ne pas poursuivre ce document et ne pas fournir vos informations.<\/p>\n<\/div>\n<div class=\"point\">\n<div class=\"small-title\">\n<h2>3. Quelles informations collectons-nous sur vous?<\/h2>\n<\/div>\n<p>Ce site est con\u00e7u pour utiliser des cookies afin de recueillir des informations sur la fa\u00e7on dont les gens l\u2019utilisent (voir Utilisation des cookies) et \u00e0 certains endroits de notre site internet, nous demandons sp\u00e9cifiquement votre information (voir l\u2019abonnement \u00e0 la Newsletter, les inscriptions aux formations ). Sinon, vous pouvez utiliser le site internet sans fournir vos informations.<\/p>\n<p><b>(a) Utilisation de cookies<\/b><\/p>\n<p>Les cookies sont de petits fichiers de donn\u00e9es qui sont plac\u00e9s sur votre appareil lorsque vous visitez certaines parties de notre site internet ou cliquez sur nos publicit\u00e9s en ligne. Des cookies et des technologies similaires permettent d\u2019identifier votre appareil aux fins suivantes:<\/p>\n<p><b>(i)\u00a0<\/b><b>Cookies essentiels.<\/b><\/p>\n<p>Ces cookies sont mis en place partout sur notre site internet et sont requis pour l\u2019utilisation de notre site \u00a0afin de :<\/p>\n<p>\u2013 permettre \u00e0 notre serveur web de d\u00e9terminer si le param\u00e8tre de cookies sur votre navigateur web a \u00e9t\u00e9 activ\u00e9 ou d\u00e9sactiv\u00e9. Cela nous permet de savoir si des donn\u00e9es peuvent \u00eatre collect\u00e9es \u00e0 partir de votre navigateur Web ou non.<\/p>\n<p>\u2013 vous permettre de temporairement conserver des informations entre les pages de notre site afin de vous \u00e9viter d\u2019entrer \u00e0 nouveau vos informations.<\/p>\n<p>\u2013\u00a0identifier temporairement votre appareil apr\u00e8s avoir ouvert une session sur une page s\u00e9curis\u00e9e sur notre site afin que notre serveur web puisse maintenir un dialogue avec votre navigateur et que vous puissiez effectuer certaines activit\u00e9s.<\/p>\n<p><b>(ii) Cookies analytiques\/de performance<\/b><b><br \/>\n<\/b><\/p>\n<p>Ils sont utilis\u00e9s pour nous aider \u00e0 am\u00e9liorer notre site internet en:<\/p>\n<p>\u2013 Analysant vos visites sur notre site internet et reconna\u00eetre votre navigateur si vous \u00eates un visiteur r\u00e9current afin que nous puissions recueillir des statistiques sur les nouveaux visiteurs et sur les visiteurs r\u00e9currents afin d \u2018\u00e9valuer l\u2019efficacit\u00e9 du site.<\/p>\n<p><b>(iii) Cookies fonctionnels.<\/b><b><br \/>\n<\/b><\/p>\n<p>Ceux-ci sont habitu\u00e9s \u00e0 vous reconna\u00eetre lorsque vous retournez sur notre site internet. Cela nous permet de:<\/p>\n<p>\u2013 Personnaliser notre contenu pour vous et vous rappeler vos pr\u00e9f\u00e9rences (par exemple, votre choix de langue et de r\u00e9gion)<\/p>\n<p>\u2013 Enregistrer votre login et d\u2019autres pr\u00e9f\u00e9rences afin que vous ne soyez pas oblig\u00e9s d\u2019entrer \u00e0 nouveau ces informations lorsque vous retournez sur notre site internet.<\/p>\n<p><b>(iv) Cookies publicitaires.<\/b><b><br \/>\n<\/b><\/p>\n<p>Ces cookies enregistrent votre visite sur notre site internet, votre r\u00e9ponse \u00e0 nos publicit\u00e9s en ligne, ils retracent les pages que vous avez visit\u00e9es et les liens que vous avez suivis. Nous utilisons cette information pour:<\/p>\n<p>\u2013 Rendre notre site internet plus pertinent en fonction de vos int\u00e9r\u00eats<\/p>\n<p>\u2013 Fournir des publicit\u00e9s ou des offres en ligne sur notre site ou sur des sites tiers qui sont plus susceptibles de vous int\u00e9resser<\/p>\n<p>\u2013 Limiter le nombre de fois o\u00f9 vous voyez une publicit\u00e9 et \u00e9valuer l\u2019efficacit\u00e9 de nos programmes de marketing et de publicit\u00e9 en ligne.<br \/>\nLes cookies mentionn\u00e9s ci-dessus peuvent \u00eatre plac\u00e9s sur votre appareil soit par nous soit par des tiers en notre nom (par exemple, les r\u00e9gies publicitaires et les fournisseurs de services externes, comme les services d\u2019analyse du trafic Web).<\/p>\n<p>La plupart des navigateurs Web sont initialement configur\u00e9s pour accepter les cookies. Vous pouvez choisir de ne pas accepter les cookies en modifiant les param\u00e8tres de votre navigateur Web, mais si vous bloquez tous les cookies, y compris les cookies \u00ab\u00a0essentiels\u00a0\u00bb, vous constaterez que certaines fonctionnalit\u00e9s de notre site internet ne fonctionneront pas correctement.<\/p>\n<p><b>(b)\u00a0<\/b><b>Bulletin d\u2019inscription<\/b><\/p>\n<p>Il existe des sections sur le site internet o\u00f9 nous demandons des informations personnelles, par exemple, lorsque vous remplissez les formulaires en ligne pour soumettre une demande d\u2019inscription \u00e0 une formation.<\/p>\n<p><b>(c) Candidature de Consultants<\/b><\/p>\n<p>Les informations personnelles fournies sur notre site internet dans le cadre d\u2019une demande d\u2019emploi seront utilis\u00e9es pour d\u00e9terminer votre compatibilit\u00e9 \u00e0 un poste au sein du Groupe\u00a0MSC\u00a0\u00a0et, le cas \u00e9ch\u00e9ant, vos conditions d\u2019emploi ou d\u2019engagement.<\/p>\n<p>Vos informations peuvent \u00e9galement \u00eatre utilis\u00e9es pour surveiller nos initiatives de recrutement et les politiques d\u2019\u00e9galit\u00e9 des chances. Les d\u00e9tails du candidat peuvent \u00eatre divulgu\u00e9s \u00e0 des tiers pour v\u00e9rifier ou obtenir des informations suppl\u00e9mentaires, y compris les \u00e9tablissements d\u2019enseignement, les employeurs actuels ou ant\u00e9rieurs et les organismes de r\u00e9f\u00e9rence de cr\u00e9dit.<\/p>\n<p>Les agences de r\u00e9f\u00e9rence de cr\u00e9dit enregistrent ces recherches et vous pouvez nous contacter pour savoir quelles agences nous avons utilis\u00e9es. Les candidatures refus\u00e9es peuvent \u00eatre conserv\u00e9es pour \u00e9ventuellement correspondre \u00e0 des besoins futurs. Elles sont g\u00e9n\u00e9ralement conserv\u00e9es pendant 12 mois, mais veuillez nous faire savoir si vous ne souhaitez pas que nous conservions vos informations \u00e0 cette fin.<\/p>\n<p><b>(d) Communications en ligne<\/b><b><br \/>\n<\/b><\/p>\n<p>Si vous nous contactez par courrier \u00e9lectronique, nous pouvons conserver un registre de cette correspondance.<\/p>\n<\/div>\n<div class=\"point\">\n<div class=\"small-title\">\n<h2>4. Comment nous utilisons vos informations.<\/h2>\n<\/div>\n<ol start=\"4\">\n<li>Nous traiterons toujours vos informations comme \u00e9tant confidentielles. Nous utiliserons les bonnes pratiques pour les s\u00e9curiser et respecterons les lois relatives \u00e0 la protection des donn\u00e9es et \u00e0 la vie priv\u00e9e.<\/li>\n<\/ol>\n<p><b>(a)\u00a0<\/b><b>Utiliser vos informations \u2013 Objectifs<\/b><\/p>\n<p>Si vous fournissez des informations sur notre site internet en lien avec les produits et services de\u00a0MSC,\u00a0ou que vous nous envoyez une demande \u00e9lectronique, nous utiliserons vos informations afin de fournir et utiliser le produit ou le service que vous demandez, pour r\u00e9pondre \u00e0 votre demande ou \u00e0 d\u2019autres fins connexes qui peuvent inclure:<\/p>\n<p>\u2013 Le suivi de toute demande de produit ou de service pour lesquels vous avez manifest\u00e9 votre int\u00e9r\u00eat<\/p>\n<p>\u2013 La mise \u00e0 jour de vos donn\u00e9es personnelles<\/p>\n<p>\u2013 La compr\u00e9hension vos besoins financiers<\/p>\n<p>\u2013 Le besoin de conformit\u00e9 aux lois et r\u00e8glements<\/p>\n<p>\u2013 La recherche et l\u2019analyse statistique dans le but d\u2019am\u00e9liorer nos produits et nos services<\/p>\n<p>\u2013 Le traitement des requ\u00eates et des plaintes \u00e9ventuelles.<\/p>\n<p><b>(b) Marketing\u00a0<\/b><b><br \/>\n<\/b><\/p>\n<p>De mani\u00e8re g\u00e9n\u00e9rale, nous n\u2019utilisons pas vos informations collect\u00e9es sur ce site internet \u00e0 des fins marketing.<\/p>\n<p><b>(c)\u00a0<\/b><b>La divulgation de vos informations<\/b><b><br \/>\n<\/b><\/p>\n<p>Lors de l\u2019utilisation de vos informations, nous serons susceptibles de devoir les divulguer \u00e0 d\u2019autres entit\u00e9s du groupe MSC, \u00e0 nos agents, conseillers et fournisseurs de services tiers (\u00abAutres parties\u00bb). Lorsque cela se produira, nous exigerons que les autres parties traitent vos informations en utilisant le m\u00eame niveau de confidentialit\u00e9 que nous appliquons. Nous exigerons \u00e9galement qu\u2019ils utilisent uniquement votre information conform\u00e9ment \u00e0 nos instructions.<\/p>\n<p>Si les autres parties sont \u00e0 l\u2019\u00e9tranger, vos informations peuvent \u00eatre envoy\u00e9es dans un autre pays, y compris les pays ayant des lois plus faibles en mati\u00e8re de protection de la vie priv\u00e9e et des donn\u00e9es que dans votre pays de r\u00e9sidence. Nous ne divulguerons vos informations \u00e0 des tiers que si nous avons obtenu votre permission ou si nous sommes sous une obligation l\u00e9gale similaire.<\/p>\n<p>Cela signifie, \u00e0 titre d\u2019exemple, que vos informations peuvent \u00eatre divulgu\u00e9es:<\/p>\n<p>\u2013 Aux r\u00e9gulateurs, superviseurs, gouvernements ou autorit\u00e9s quasi-gouvernementales dans les pays o\u00f9 nous, nos agents, nos conseillers ou nos fournisseurs de services sommes pr\u00e9sents<br \/>\n\u2013\u00a0Aux agents, conseillers ou fournisseurs de services tiers en vertu du devoir de confidentialit\u00e9 aupr\u00e8s du groupe\u00a0MSC,<\/p>\n<p><b>(d)\u00a0<\/b><b>Conservation de vos informations<\/b><\/p>\n<p>Nous conserverons vos informations aussi longtemps que n\u00e9cessaire.<br \/>\nElles sont ensuite d\u00e9truites, sauf si une r\u00e9tention suppl\u00e9mentaire est n\u00e9cessaire pour satisfaire \u00e0 une exigence l\u00e9gale, r\u00e9glementaire ou comptable ou pour prot\u00e9ger nos int\u00e9r\u00eats.<\/p>\n<\/div>\n<div class=\"point\">\n<div class=\"small-title\">\n<h2>5. Confidentialit\u00e9, s\u00e9curit\u00e9 et communication sur internet<\/h2>\n<\/div>\n<p>(a)\u00a0Internet n\u2019est pas une forme s\u00e9curis\u00e9e de communication et l\u2019envoi et la r\u00e9ception d\u2019informations par Internet comportent des risques, y compris le risque d\u2019acc\u00e8s et d\u2019interf\u00e9rences de tiers non autoris\u00e9s. Il est de votre responsabilit\u00e9 de garder le secret de toute identification utilisateur et mot de passe de connexion que vous d\u00e9tenez.<\/p>\n<p>(b)\u00a0Les informations transmises sur Internet peuvent \u00eatre transmises \u00e0 l\u2019\u00e9chelle internationale (m\u00eame si l\u2019exp\u00e9diteur et le destinataire sont situ\u00e9s dans le m\u00eame pays) par l\u2019interm\u00e9diaire de pays ayant des lois plus faibles en mati\u00e8re de protection de la vie priv\u00e9e et des donn\u00e9es que dans votre pays de r\u00e9sidence. En cons\u00e9quence, nous n\u2019acceptons ni la responsabilit\u00e9s de confidentialit\u00e9, ni de s\u00e9curit\u00e9 ni d\u2019int\u00e9grit\u00e9 de vos Informations dans le cadre de leurs transmissions sur Internet.<\/p>\n<p>(c)\u00a0Afin de maintenir la s\u00e9curit\u00e9 de nos syst\u00e8mes, de prot\u00e9ger notre personnel, d\u2019enregistrer nos transactions et, dans certaines circonstances, de pr\u00e9venir et de d\u00e9tecter des infractions ou des activit\u00e9s non autoris\u00e9es, nous nous r\u00e9servons le droit de surveiller toutes les communications Internet, y compris le trafic web et de courrier \u00e9lectronique vers et hors de nos domaines.<\/p>\n<\/div>\n<div class=\"point\">\n<div class=\"small-title\">\n<h2>6. Changement de nos statuts de confidentialit\u00e9<\/h2>\n<\/div>\n<p>Nous mettons \u00e0 jour p\u00e9riodiquement notre d\u00e9claration de confidentialit\u00e9 du site internet et nous vous demandons de consulter r\u00e9guli\u00e8rement ce site pour vous assurer d\u2019avoir pris connaissance de la version la plus r\u00e9cente.<\/p>\n<p>La D\u00e9claration de confidentialit\u00e9 du site web a \u00e9t\u00e9 mise \u00e0 jour le 5 F\u00e9vrier 2014.<\/p>\n<\/div>\n","protected":false},"excerpt":{"rendered":"<p>Cette politique de confidentialit\u00e9 d\u00e9crit les termes de notre engagement envers votre vie priv\u00e9e. MicroSave Consulting, MSC, \u00a0en tant que propri\u00e9taire et propri\u00e9taire unique de \u00ab Institut Helix de Finance Digitale \u00bb, se r\u00e9serve ses droits d\u2019utilisation exclusive \u00e0 la fois en tant que \u00ab marque \u00bb et autre. MSC, \u00a0est donc le propri\u00e9taire de [&hellip;]<\/p>\n","protected":false},"author":1,"featured_media":0,"parent":0,"menu_order":0,"comment_status":"closed","ping_status":"closed","template":"privacy-policy.php","meta":{"_acf_changed":false,"footnotes":""},"class_list":["post-20307","page","type-page","status-publish","hentry"],"acf":[],"yoast_head":"<!-- This site is optimized with the Yoast SEO plugin v27.1.1 - https:\/\/yoast.com\/product\/yoast-seo-wordpress\/ -->\n<title>Confidentialit\u00e9 - MicroSave Consulting (MSC)<\/title>\n<meta name=\"robots\" content=\"index, follow, max-snippet:-1, max-image-preview:large, max-video-preview:-1\" \/>\n<link rel=\"canonical\" href=\"https:\/\/www.microsave.net\/fr\/confidentialite\/\" \/>\n<meta property=\"og:locale\" content=\"en_US\" \/>\n<meta property=\"og:type\" content=\"article\" \/>\n<meta property=\"og:title\" content=\"Confidentialit\u00e9 - MicroSave Consulting (MSC)\" \/>\n<meta property=\"og:description\" content=\"Cette politique de confidentialit\u00e9 d\u00e9crit les termes de notre engagement envers votre vie priv\u00e9e. MicroSave Consulting, MSC, \u00a0en tant que propri\u00e9taire et propri\u00e9taire unique de \u00ab Institut Helix de Finance Digitale \u00bb, se r\u00e9serve ses droits d\u2019utilisation exclusive \u00e0 la fois en tant que \u00ab marque \u00bb et autre. MSC, \u00a0est donc le propri\u00e9taire de [&hellip;]\" \/>\n<meta property=\"og:url\" content=\"https:\/\/www.microsave.net\/fr\/confidentialite\/\" \/>\n<meta property=\"og:site_name\" content=\"MicroSave Consulting (MSC)\" \/>\n<meta property=\"article:publisher\" content=\"https:\/\/www.facebook.com\/MicroSaveConsultingFR\" \/>\n<meta property=\"article:modified_time\" content=\"2025-08-08T10:51:07+00:00\" \/>\n<meta name=\"twitter:card\" content=\"summary_large_image\" \/>\n<meta name=\"twitter:site\" content=\"@MicroSaveFR\" \/>\n<meta name=\"twitter:label1\" content=\"Est. reading time\" \/>\n\t<meta name=\"twitter:data1\" content=\"8 minutes\" \/>\n<script type=\"application\/ld+json\" class=\"yoast-schema-graph\">{\"@context\":\"https:\/\/schema.org\",\"@graph\":[{\"@type\":\"WebPage\",\"@id\":\"https:\/\/www.microsave.net\/fr\/confidentialite\/\",\"url\":\"https:\/\/www.microsave.net\/fr\/confidentialite\/\",\"name\":\"Confidentialit\u00e9 - MicroSave Consulting (MSC)\",\"isPartOf\":{\"@id\":\"https:\/\/www.microsave.net\/fr\/#website\"},\"datePublished\":\"2022-10-10T10:08:39+00:00\",\"dateModified\":\"2025-08-08T10:51:07+00:00\",\"breadcrumb\":{\"@id\":\"https:\/\/www.microsave.net\/fr\/confidentialite\/#breadcrumb\"},\"inLanguage\":\"en-US\",\"potentialAction\":[{\"@type\":\"ReadAction\",\"target\":[\"https:\/\/www.microsave.net\/fr\/confidentialite\/\"]}]},{\"@type\":\"BreadcrumbList\",\"@id\":\"https:\/\/www.microsave.net\/fr\/confidentialite\/#breadcrumb\",\"itemListElement\":[{\"@type\":\"ListItem\",\"position\":1,\"name\":\"Home\",\"item\":\"https:\/\/www.microsave.net\/fr\/\"},{\"@type\":\"ListItem\",\"position\":2,\"name\":\"Confidentialit\u00e9\"}]},{\"@type\":\"WebSite\",\"@id\":\"https:\/\/www.microsave.net\/fr\/#website\",\"url\":\"https:\/\/www.microsave.net\/fr\/\",\"name\":\"Microsave Consulting Fr\",\"description\":\"Consulting pour Services Financiers\",\"publisher\":{\"@id\":\"https:\/\/www.microsave.net\/fr\/#organization\"},\"potentialAction\":[{\"@type\":\"SearchAction\",\"target\":{\"@type\":\"EntryPoint\",\"urlTemplate\":\"https:\/\/www.microsave.net\/fr\/?s={search_term_string}\"},\"query-input\":{\"@type\":\"PropertyValueSpecification\",\"valueRequired\":true,\"valueName\":\"search_term_string\"}}],\"inLanguage\":\"en-US\"},{\"@type\":\"Organization\",\"@id\":\"https:\/\/www.microsave.net\/fr\/#organization\",\"name\":\"MSC CONSULTING\",\"url\":\"https:\/\/www.microsave.net\/fr\/\",\"logo\":{\"@type\":\"ImageObject\",\"inLanguage\":\"en-US\",\"@id\":\"https:\/\/www.microsave.net\/fr\/#\/schema\/logo\/image\/\",\"url\":\"https:\/\/www.microsave.net\/fr\/wp-content\/uploads\/2022\/11\/MSC.jpg\",\"contentUrl\":\"https:\/\/www.microsave.net\/fr\/wp-content\/uploads\/2022\/11\/MSC.jpg\",\"width\":360,\"height\":340,\"caption\":\"MSC CONSULTING\"},\"image\":{\"@id\":\"https:\/\/www.microsave.net\/fr\/#\/schema\/logo\/image\/\"},\"sameAs\":[\"https:\/\/www.facebook.com\/MicroSaveConsultingFR\",\"https:\/\/x.com\/MicroSaveFR\",\"https:\/\/www.youtube.com\/channel\/UC8NseooqQHxCWDoZ63T42ig\"]}]}<\/script>\n<!-- \/ Yoast SEO plugin. -->","yoast_head_json":{"title":"Confidentialit\u00e9 - MicroSave Consulting (MSC)","robots":{"index":"index","follow":"follow","max-snippet":"max-snippet:-1","max-image-preview":"max-image-preview:large","max-video-preview":"max-video-preview:-1"},"canonical":"https:\/\/www.microsave.net\/fr\/confidentialite\/","og_locale":"en_US","og_type":"article","og_title":"Confidentialit\u00e9 - MicroSave Consulting (MSC)","og_description":"Cette politique de confidentialit\u00e9 d\u00e9crit les termes de notre engagement envers votre vie priv\u00e9e. MicroSave Consulting, MSC, \u00a0en tant que propri\u00e9taire et propri\u00e9taire unique de \u00ab Institut Helix de Finance Digitale \u00bb, se r\u00e9serve ses droits d\u2019utilisation exclusive \u00e0 la fois en tant que \u00ab marque \u00bb et autre. MSC, \u00a0est donc le propri\u00e9taire de [&hellip;]","og_url":"https:\/\/www.microsave.net\/fr\/confidentialite\/","og_site_name":"MicroSave Consulting (MSC)","article_publisher":"https:\/\/www.facebook.com\/MicroSaveConsultingFR","article_modified_time":"2025-08-08T10:51:07+00:00","twitter_card":"summary_large_image","twitter_site":"@MicroSaveFR","twitter_misc":{"Est. reading time":"8 minutes"},"schema":{"@context":"https:\/\/schema.org","@graph":[{"@type":"WebPage","@id":"https:\/\/www.microsave.net\/fr\/confidentialite\/","url":"https:\/\/www.microsave.net\/fr\/confidentialite\/","name":"Confidentialit\u00e9 - MicroSave Consulting (MSC)","isPartOf":{"@id":"https:\/\/www.microsave.net\/fr\/#website"},"datePublished":"2022-10-10T10:08:39+00:00","dateModified":"2025-08-08T10:51:07+00:00","breadcrumb":{"@id":"https:\/\/www.microsave.net\/fr\/confidentialite\/#breadcrumb"},"inLanguage":"en-US","potentialAction":[{"@type":"ReadAction","target":["https:\/\/www.microsave.net\/fr\/confidentialite\/"]}]},{"@type":"BreadcrumbList","@id":"https:\/\/www.microsave.net\/fr\/confidentialite\/#breadcrumb","itemListElement":[{"@type":"ListItem","position":1,"name":"Home","item":"https:\/\/www.microsave.net\/fr\/"},{"@type":"ListItem","position":2,"name":"Confidentialit\u00e9"}]},{"@type":"WebSite","@id":"https:\/\/www.microsave.net\/fr\/#website","url":"https:\/\/www.microsave.net\/fr\/","name":"Microsave Consulting Fr","description":"Consulting pour Services Financiers","publisher":{"@id":"https:\/\/www.microsave.net\/fr\/#organization"},"potentialAction":[{"@type":"SearchAction","target":{"@type":"EntryPoint","urlTemplate":"https:\/\/www.microsave.net\/fr\/?s={search_term_string}"},"query-input":{"@type":"PropertyValueSpecification","valueRequired":true,"valueName":"search_term_string"}}],"inLanguage":"en-US"},{"@type":"Organization","@id":"https:\/\/www.microsave.net\/fr\/#organization","name":"MSC CONSULTING","url":"https:\/\/www.microsave.net\/fr\/","logo":{"@type":"ImageObject","inLanguage":"en-US","@id":"https:\/\/www.microsave.net\/fr\/#\/schema\/logo\/image\/","url":"https:\/\/www.microsave.net\/fr\/wp-content\/uploads\/2022\/11\/MSC.jpg","contentUrl":"https:\/\/www.microsave.net\/fr\/wp-content\/uploads\/2022\/11\/MSC.jpg","width":360,"height":340,"caption":"MSC CONSULTING"},"image":{"@id":"https:\/\/www.microsave.net\/fr\/#\/schema\/logo\/image\/"},"sameAs":["https:\/\/www.facebook.com\/MicroSaveConsultingFR","https:\/\/x.com\/MicroSaveFR","https:\/\/www.youtube.com\/channel\/UC8NseooqQHxCWDoZ63T42ig"]}]}},"_links":{"self":[{"href":"https:\/\/www.microsave.net\/fr\/wp-json\/wp\/v2\/pages\/20307","targetHints":{"allow":["GET"]}}],"collection":[{"href":"https:\/\/www.microsave.net\/fr\/wp-json\/wp\/v2\/pages"}],"about":[{"href":"https:\/\/www.microsave.net\/fr\/wp-json\/wp\/v2\/types\/page"}],"author":[{"embeddable":true,"href":"https:\/\/www.microsave.net\/fr\/wp-json\/wp\/v2\/users\/1"}],"replies":[{"embeddable":true,"href":"https:\/\/www.microsave.net\/fr\/wp-json\/wp\/v2\/comments?post=20307"}],"version-history":[{"count":14,"href":"https:\/\/www.microsave.net\/fr\/wp-json\/wp\/v2\/pages\/20307\/revisions"}],"predecessor-version":[{"id":42744,"href":"https:\/\/www.microsave.net\/fr\/wp-json\/wp\/v2\/pages\/20307\/revisions\/42744"}],"wp:attachment":[{"href":"https:\/\/www.microsave.net\/fr\/wp-json\/wp\/v2\/media?parent=20307"}],"curies":[{"name":"wp","href":"https:\/\/api.w.org\/{rel}","templated":true}]}}