{"id":1204,"date":"2023-12-05T15:24:08","date_gmt":"2023-12-05T12:24:08","guid":{"rendered":"https:\/\/www.microsave.net\/institut-helix\/?page_id=1204"},"modified":"2025-09-12T12:06:24","modified_gmt":"2025-09-12T09:06:24","slug":"concevoir-et-commercialiser-les-services-financiers-digitaux-2","status":"publish","type":"page","link":"https:\/\/www.microsave.net\/institut-helix\/nos-formations\/concevoir-et-commercialiser-les-services-financiers-digitaux-2\/","title":{"rendered":"Designing and Implementing Innovative Solutions-duplicate-1"},"content":{"rendered":"<p>[vc_row type=&#8221;vc_default&#8221; gap=&#8221;30&#8243; css=&#8221;.vc_custom_1553014519469{margin-top: -50px !important;}&#8221;][vc_column el_class=&#8221;dark-mode-inner-courses&#8221;][vc_row_inner gap=&#8221;35&#8243; css=&#8221;.vc_custom_1553014471337{margin-top: 0px !important;}&#8221;][vc_column_inner][vc_column_text css=&#8221;.vc_custom_1701845813857{margin-top: 30px !important;margin-bottom: 5px !important;padding-bottom: 0px !important;}&#8221;]<\/p>\n<h6>Pr\u00e9sentation en vid\u00e9o<\/h6>\n<p>[\/vc_column_text]<div class=\"hr-thin style-line hr-left\" style=\"width: 5%;border-color: #049eb5;border-top-width: 4px;\"><\/div>[vc_video link=&#8221;https:\/\/youtu.be\/i8MUFnWN7sY&#8221; css=&#8221;.vc_custom_1701845856081{margin-top: 30px !important;}&#8221;][vc_column_text css=&#8221;.vc_custom_1757667981152{margin-top: 30px !important;margin-bottom: 25px !important;padding-bottom: 0px !important;}&#8221;]<\/p>\n<h6><img loading=\"lazy\" decoding=\"async\" class=\"alignleft wp-image-619\" src=\"https:\/\/www.microsave.net\/institut-helix\/wp-content\/uploads\/2019\/02\/aper\u00e7u-300x300.png\" alt=\"\" width=\"40\" height=\"40\" \/>Aper\u00e7u de la formation<\/h6>\n<p>[\/vc_column_text][vc_column_text css=&#8221;.vc_custom_1701782229356{margin-top: 10px !important;}&#8221;]De nombreux d\u00e9ploiements de services financiers digitaux peinent \u00e0 se d\u00e9velopper du fait de taux \u00e9lev\u00e9s d\u2019inactivit\u00e9 des clients enregistr\u00e9s et une utilisation faible des services. L\u2019offre de services financiers digitaux n\u00e9cessite non seulement un bon produit et un canal de distribution\u00a0excellent, mais aussi une bonne strat\u00e9gie de marketing. Ce cours cible les institutions qui ont besoin de d\u00e9finir une strat\u00e9gie marketing ou qui cherchent \u00e0 accro\u00eetre l\u2019usage de leurs produits\u00a0et services.[\/vc_column_text][vc_column_text css=&#8221;.vc_custom_1701772958256{margin-top: 30px !important;margin-bottom: 5px !important;padding-bottom: 0px !important;}&#8221;]<\/p>\n<h6><img loading=\"lazy\" decoding=\"async\" class=\"alignleft wp-image-630\" src=\"https:\/\/www.microsave.net\/institut-helix\/wp-content\/uploads\/2019\/02\/interet-300x300.png\" alt=\"\" width=\"40\" height=\"40\" \/>Int\u00e9r\u00eat<\/h6>\n<p>[\/vc_column_text][vc_column_text css=&#8221;.vc_custom_1701782236820{margin-top: 10px !important;}&#8221;]Les participants comprendront comment \u00e9laborer et offrir des strat\u00e9gies de marketing pour communiquer efficacement la proposition de valeur \u00e0 leur march\u00e9 cible. Pour ce faire, il analyse les biais comportementaux des consommateurs et le parcours client, de la sensibilisation \u00e0 l\u2019utilisation active du service.[\/vc_column_text][vc_column_text css=&#8221;.vc_custom_1701773004547{margin-top: 30px !important;margin-bottom: 5px !important;padding-bottom: 0px !important;}&#8221;]<\/p>\n<h6><img loading=\"lazy\" decoding=\"async\" class=\"alignleft wp-image-622\" src=\"https:\/\/www.microsave.net\/institut-helix\/wp-content\/uploads\/2019\/02\/cible-300x300.png\" alt=\"\" width=\"40\" height=\"40\" \/>Public cible<\/h6>\n<p>[\/vc_column_text][vc_empty_space height=&#8221;10px&#8221;][vc_column_text]<img loading=\"lazy\" decoding=\"async\" class=\"alignleft wp-image-696\" src=\"https:\/\/www.microsave.net\/institut-helix\/wp-content\/uploads\/2019\/03\/bullet-300x300.png\" alt=\"\" width=\"20\" height=\"20\" \/><\/p>\n<p>Responsable produits<\/p>\n<p><img loading=\"lazy\" decoding=\"async\" class=\"alignleft wp-image-696\" src=\"https:\/\/www.microsave.net\/institut-helix\/wp-content\/uploads\/2019\/03\/bullet-300x300.png\" alt=\"\" width=\"20\" height=\"20\" \/><\/p>\n<p>Responsable marketing<\/p>\n<p><img loading=\"lazy\" decoding=\"async\" class=\"alignleft wp-image-696\" src=\"https:\/\/www.microsave.net\/institut-helix\/wp-content\/uploads\/2019\/03\/bullet-300x300.png\" alt=\"\" width=\"20\" height=\"20\" \/><\/p>\n<p>Responsable commerciaux<\/p>\n<p><img loading=\"lazy\" decoding=\"async\" class=\"alignleft wp-image-696\" src=\"https:\/\/www.microsave.net\/institut-helix\/wp-content\/uploads\/2019\/03\/bullet-300x300.png\" alt=\"\" width=\"20\" height=\"20\" \/><\/p>\n<p>Consultants[\/vc_column_text][\/vc_column_inner][\/vc_row_inner][vc_column_text css=&#8221;.vc_custom_1701774382508{margin-bottom: 5px !important;padding-bottom: 0px !important;}&#8221;]<\/p>\n<h6><img loading=\"lazy\" decoding=\"async\" class=\"alignleft wp-image-627\" src=\"https:\/\/www.microsave.net\/institut-helix\/wp-content\/uploads\/2019\/02\/contenu.png\" alt=\"\" width=\"40\" height=\"40\" \/>Contenu de la formation<\/h6>\n<p>[\/vc_column_text][vc_empty_space height=&#8221;15px&#8221;][vc_column_text]<img loading=\"lazy\" decoding=\"async\" class=\"alignleft wp-image-696\" src=\"https:\/\/www.microsave.net\/institut-helix\/wp-content\/uploads\/2019\/03\/bullet-300x300.png\" alt=\"\" width=\"20\" height=\"20\" \/><\/p>\n<p>Comprendre votre client\u00e8le<\/p>\n<p><img loading=\"lazy\" decoding=\"async\" class=\"alignleft wp-image-696\" src=\"https:\/\/www.microsave.net\/institut-helix\/wp-content\/uploads\/2019\/03\/bullet-300x300.png\" alt=\"\" width=\"20\" height=\"20\" \/><\/p>\n<p>Introduction aux enseignements du march\u00e9 pour l\u2019innovation et le design (MI4ID)<\/p>\n<p><img loading=\"lazy\" decoding=\"async\" class=\"alignleft wp-image-696\" src=\"https:\/\/www.microsave.net\/institut-helix\/wp-content\/uploads\/2019\/03\/bullet-300x300.png\" alt=\"\" width=\"20\" height=\"20\" \/><\/p>\n<p>Enseignement du march\u00e9<\/p>\n<p><img loading=\"lazy\" decoding=\"async\" class=\"alignleft wp-image-696\" src=\"https:\/\/www.microsave.net\/institut-helix\/wp-content\/uploads\/2019\/03\/bullet-300x300.png\" alt=\"\" width=\"20\" height=\"20\" \/><\/p>\n<p>Elaboration des produits<\/p>\n<p><img loading=\"lazy\" decoding=\"async\" class=\"alignleft wp-image-696\" src=\"https:\/\/www.microsave.net\/institut-helix\/wp-content\/uploads\/2019\/03\/bullet-300x300.png\" alt=\"\" width=\"20\" height=\"20\" \/><\/p>\n<p>Conception du business model<\/p>\n<p><img loading=\"lazy\" decoding=\"async\" class=\"alignleft wp-image-696\" src=\"https:\/\/www.microsave.net\/institut-helix\/wp-content\/uploads\/2019\/03\/bullet-300x300.png\" alt=\"\" width=\"20\" height=\"20\" \/><\/p>\n<p>Pilote et apprentissage<\/p>\n<p><img loading=\"lazy\" decoding=\"async\" class=\"alignleft wp-image-696\" src=\"https:\/\/www.microsave.net\/institut-helix\/wp-content\/uploads\/2019\/03\/bullet-300x300.png\" alt=\"\" width=\"20\" height=\"20\" \/><\/p>\n<p>Adaptation des messages au parcours client<\/p>\n<p><img loading=\"lazy\" decoding=\"async\" class=\"alignleft wp-image-696\" src=\"https:\/\/www.microsave.net\/institut-helix\/wp-content\/uploads\/2019\/03\/bullet-300x300.png\" alt=\"\" width=\"20\" height=\"20\" \/><\/p>\n<p>Canaux, image et cadre de communication<\/p>\n<p><img loading=\"lazy\" decoding=\"async\" class=\"alignleft wp-image-696\" src=\"https:\/\/www.microsave.net\/institut-helix\/wp-content\/uploads\/2019\/03\/bullet-300x300.png\" alt=\"\" width=\"20\" height=\"20\" \/><\/p>\n<p>Evaluation et impact du marketing[\/vc_column_text][vc_column_text css=&#8221;.vc_custom_1757661737176{margin-top: 25px !important;margin-bottom: 5px !important;padding-bottom: 0px !important;}&#8221;]<\/p>\n<h6><img loading=\"lazy\" decoding=\"async\" class=\"wp-image-36 alignleft\" src=\"https:\/\/www.microsave.net\/institut-helix\/wp-content\/uploads\/2019\/03\/temoignage-300x300.png\" alt=\"\" width=\"40\" height=\"40\" srcset=\"https:\/\/www.microsave.net\/institut-helix\/wp-content\/uploads\/2019\/03\/temoignage-300x300.png 300w, https:\/\/www.microsave.net\/institut-helix\/wp-content\/uploads\/2019\/03\/temoignage-150x150.png 150w, https:\/\/www.microsave.net\/institut-helix\/wp-content\/uploads\/2019\/03\/temoignage.png 337w\" sizes=\"(max-width: 40px) 100vw, 40px\" \/>T\u00e9moignage<\/h6>\n<p>[\/vc_column_text][vc_row_inner css=&#8221;.vc_custom_1757661732598{margin-top: 30px !important;}&#8221;][vc_column_inner]<div id=\"ult-carousel-42238668869d29e92e3aaf\" class=\"ult-carousel-wrapper   ult_horizontal\" data-gutter=\"15\" data-rtl=\"false\" ><div class=\"ult-carousel-116602191969d29e92e37ea \" >[vc_column_text]<\/p>\n<p style=\"text-align: center\"><span style=\"font-weight: 400\"><em>&#8220;La formation PDA est unique en son genre. Vous comprenez pleinement le processus \u00e9tape par \u00e9tape pour parvenir \u00e0 un produit viable. La beaut\u00e9 est l&#8217;utilisation de cas dans des exemples et des groupes de travail pratique au sein de la classe. Ceux-ci aident \u00e0 transformer les apprentissages en r\u00e9alit\u00e9s. Les formateurs sont \u00e9galement clairs et tr\u00e8s comp\u00e9tents. Je suis tr\u00e8s honor\u00e9 d\u2019avoir particip\u00e9 \u00e0 cela. J&#8217;attends avec impatience de nombreuses autres opportunit\u00e9s d&#8217;acqu\u00e9rir de telles connaissances, qui m&#8217;aideront \u00e0 piloter le programme d&#8217;inclusion financi\u00e8re.&#8221;\u00a0<\/em><\/span><\/p>\n<p style=\"text-align: center\"><strong>K\u00e9vin Amateshe<\/strong> | Banque Nationale \u2013 Kenya<\/p>\n<p>[\/vc_column_text][vc_column_text]<\/p>\n<p style=\"text-align: center\"><em><span style=\"font-weight: 400\">&#8220;La formation avec Helix en d\u00e9veloppement de produits m&#8217;a non seulement ouvert les yeux sur les lacunes de notre syst\u00e8me DFS actuel, mais m&#8217;a \u00e9galement montr\u00e9 un tout nouveau monde d&#8217;opportunit\u00e9s pour d\u00e9velopper des produits DFS qui r\u00e9pondront aux besoins des clients. Le mat\u00e9riel de formation est excellent et les formateurs sont tout simplement parfaits ! Je crois qu&#8217;avec ces connaissances, je r\u00e9ussirai bient\u00f4t \u00e0 d\u00e9velopper et \u00e0 lancer un nouveau produit sur le march\u00e9!&#8221;\u00a0<\/span><\/em><\/p>\n<p style=\"text-align: center\"><span style=\"font-weight: 400\"><strong>Agn\u00e8s Katureebe<\/strong> | Ouganda-T\u00e9l\u00e9com<\/span><\/p>\n<p>[\/vc_column_text][vc_column_text]<\/p>\n<p style=\"text-align: center\"><em><span style=\"font-weight: 400\">&#8220;Excellente exp\u00e9rience de formation et animateurs. Exp\u00e9rience pratique tr\u00e8s instructive pour stimuler l&#8217;innovation. Vous met au d\u00e9fi de penser au-del\u00e0 des murs de votre march\u00e9 imm\u00e9diat et de comprendre les principaux acteurs de l\u2019environnement DFS.&#8221;\u00a0<\/span><\/em><\/p>\n<p style=\"text-align: center\"><span style=\"font-weight: 400\"><strong>Augustin Kobbina<\/strong> | Banque Fidelity \u2013 Ghana<\/span><\/p>\n<p>[\/vc_column_text]<\/div><\/div>\t\t\t<script type=\"text\/javascript\">\n\t\t\t\tjQuery(document).ready(function ($) {\n\t\t\t\t\tif( typeof jQuery('.ult-carousel-116602191969d29e92e37ea').slick == \"function\"){\n\t\t\t\t\t\t$('.ult-carousel-116602191969d29e92e37ea').slick({dots: true,autoplay: true,autoplaySpeed: 15000,speed: 1000,infinite: true,arrows: true,nextArrow: '<button type=\"button\" role=\"button\" aria-label=\"Next\" style=\"color:#049eb6; font-size:20px;\" class=\"slick-next default\"><i class=\"ultsl-arrow-right6\"><\/i><\/button>',prevArrow: '<button type=\"button\" role=\"button\" aria-label=\"Previous\" style=\"color:#049eb6; font-size:20px;\" class=\"slick-prev default\"><i class=\"ultsl-arrow-left6\"><\/i><\/button>',slidesToScroll:1,slidesToShow:1,swipe: true,draggable: true,touchMove: true,pauseOnHover: true,pauseOnFocus: false,responsive: [\n\t\t\t\t\t\t\t{\n\t\t\t\t\t\t\t  breakpoint: 1026,\n\t\t\t\t\t\t\t  settings: {\n\t\t\t\t\t\t\t\tslidesToShow: 1,\n\t\t\t\t\t\t\t\tslidesToScroll: 1,  \n\t\t\t\t\t\t\t  }\n\t\t\t\t\t\t\t},\n\t\t\t\t\t\t\t{\n\t\t\t\t\t\t\t  breakpoint: 1025,\n\t\t\t\t\t\t\t  settings: {\n\t\t\t\t\t\t\t\tslidesToShow: 1,\n\t\t\t\t\t\t\t\tslidesToScroll: 1\n\t\t\t\t\t\t\t  }\n\t\t\t\t\t\t\t},\n\t\t\t\t\t\t\t{\n\t\t\t\t\t\t\t  breakpoint: 760,\n\t\t\t\t\t\t\t  settings: {\n\t\t\t\t\t\t\t\tslidesToShow: 1,\n\t\t\t\t\t\t\t\tslidesToScroll: 1\n\t\t\t\t\t\t\t  }\n\t\t\t\t\t\t\t}\n\t\t\t\t\t\t],pauseOnDotsHover: true,customPaging: function(slider, i) {\n                   return '<i type=\"button\" style= \"color:#2b3e79;\" class=\"ultsl-record\" data-role=\"none\"><\/i>';\n                },});\n\t\t\t\t\t}\n\t\t\t\t});\n\t\t\t<\/script>\n\t\t\t[\/vc_column_inner][\/vc_row_inner]<style type=\"text\/css\" data-type=\"the7_shortcodes-inline-css\">#default-btn-750f1d1a3882e58d6ff3b98b0ed1a16c > i {\n  font-size: 11px;\n}\n#default-btn-750f1d1a3882e58d6ff3b98b0ed1a16c * {\n  vertical-align: middle;\n}\n<\/style><div class=\"btn-align-center\"><a href=\"https:\/\/www.microsave.net\/institut-helix\/contactez-nous\/\" class=\"default-btn-shortcode dt-btn dt-btn-l  vc_custom_1701845884064\" id=\"default-btn-750f1d1a3882e58d6ff3b98b0ed1a16c\"><span>Contactez-nous<\/span><\/a><\/div>[vc_row_inner css=&#8221;.vc_custom_1551137930367{margin-top: 50px !important;}&#8221;][vc_column_inner][vc_column_text css=&#8221;.vc_custom_1701847648487{margin-bottom: 5px !important;padding-bottom: 0px !important;}&#8221;]<\/p>\n<h6>Nos autres formations en classe<\/h6>\n<p>[\/vc_column_text]<div class=\"hr-thin style-line hr-left\" style=\"width: 5%;border-color: #049eb5;border-top-width: 4px;\"><\/div>[\/vc_column_inner][\/vc_row_inner][vc_row_inner css=&#8221;.vc_custom_1551137913272{margin-top: 40px !important;}&#8221;][vc_column_inner width=&#8221;1\/4&#8243;][vc_single_image image=&#8221;1163&#8243; img_size=&#8221;full&#8221; alignment=&#8221;center&#8221; style=&#8221;vc_box_rounded&#8221; onclick=&#8221;custom_link&#8221; css_animation=&#8221;fadeIn&#8221; link=&#8221;https:\/\/www.microsave.net\/institut-helix\/nos-formations\/concevoir-et-implementer-un-reseau-dagents\/&#8221;][\/vc_column_inner][vc_column_inner width=&#8221;1\/4&#8243;][vc_single_image image=&#8221;1164&#8243; img_size=&#8221;full&#8221; alignment=&#8221;center&#8221; style=&#8221;vc_box_rounded&#8221; onclick=&#8221;custom_link&#8221; css_animation=&#8221;fadeIn&#8221; link=&#8221;https:\/\/www.microsave.net\/institut-helix\/nos-formations\/gerer-les-risques-et-prevenir-de-la-fraude-en-finance-digitale\/&#8221;][\/vc_column_inner][vc_column_inner width=&#8221;1\/4&#8243;][vc_single_image image=&#8221;1165&#8243; img_size=&#8221;full&#8221; alignment=&#8221;center&#8221; style=&#8221;vc_box_rounded&#8221; onclick=&#8221;custom_link&#8221; css_animation=&#8221;fadeIn&#8221; link=&#8221;https:\/\/www.microsave.net\/institut-helix\/nos-formations\/reussir-sa-transformation-digitale\/&#8221;][\/vc_column_inner][vc_column_inner width=&#8221;1\/4&#8243;][vc_single_image image=&#8221;1166&#8243; img_size=&#8221;full&#8221; alignment=&#8221;center&#8221; style=&#8221;vc_box_rounded&#8221; onclick=&#8221;custom_link&#8221; css_animation=&#8221;fadeIn&#8221; link=&#8221;https:\/\/www.microsave.net\/institut-helix\/nos-formations\/gerer-la-croissance-dun-reseau-dagents\/&#8221;][\/vc_column_inner][\/vc_row_inner][vc_row_inner el_class=&#8221;courses-box&#8221;][vc_column_inner width=&#8221;1\/4&#8243;][vc_single_image image=&#8221;1168&#8243; img_size=&#8221;full&#8221; alignment=&#8221;center&#8221; style=&#8221;vc_box_rounded&#8221; onclick=&#8221;custom_link&#8221; css_animation=&#8221;fadeIn&#8221; link=&#8221;https:\/\/www.microsave.net\/institut-helix\/nos-formations\/se-lancer-dans-le-credit-digital\/&#8221;][\/vc_column_inner][vc_column_inner width=&#8221;1\/4&#8243;][vc_single_image image=&#8221;1169&#8243; img_size=&#8221;full&#8221; alignment=&#8221;center&#8221; style=&#8221;vc_box_rounded&#8221; onclick=&#8221;custom_link&#8221; css_animation=&#8221;fadeIn&#8221; link=&#8221;https:\/\/www.microsave.net\/institut-helix\/nos-formations\/concevoir-et-commercialiser-les-services-financiers-digitaux-2\/&#8221;][\/vc_column_inner][vc_column_inner width=&#8221;1\/4&#8243;][vc_single_image image=&#8221;1170&#8243; img_size=&#8221;full&#8221; alignment=&#8221;center&#8221; style=&#8221;vc_box_rounded&#8221; onclick=&#8221;custom_link&#8221; css_animation=&#8221;fadeIn&#8221; link=&#8221;https:\/\/www.microsave.net\/institut-helix\/nos-formations\/se-lancer-dans-la-finance-digitale\/&#8221;][\/vc_column_inner][vc_column_inner width=&#8221;1\/4&#8243;][vc_single_image image=&#8221;1172&#8243; img_size=&#8221;full&#8221; alignment=&#8221;center&#8221; style=&#8221;vc_box_rounded&#8221; onclick=&#8221;custom_link&#8221; css_animation=&#8221;fadeIn&#8221; link=&#8221;https:\/\/www.microsave.net\/institut-helix\/building-msmes&#8221;][\/vc_column_inner][\/vc_row_inner][vc_row_inner el_class=&#8221;courses-box&#8221;][vc_column_inner width=&#8221;1\/4&#8243;][vc_single_image image=&#8221;1173&#8243; img_size=&#8221;full&#8221; alignment=&#8221;center&#8221; style=&#8221;vc_box_rounded&#8221; onclick=&#8221;custom_link&#8221; css_animation=&#8221;fadeIn&#8221; link=&#8221;https:\/\/www.microsave.net\/institut-helix\/climate-finance-101&#8243;][\/vc_column_inner][vc_column_inner width=&#8221;1\/4&#8243;][vc_single_image image=&#8221;1174&#8243; img_size=&#8221;full&#8221; alignment=&#8221;center&#8221; style=&#8221;vc_box_rounded&#8221; onclick=&#8221;custom_link&#8221; css_animation=&#8221;fadeIn&#8221; link=&#8221;https:\/\/www.microsave.net\/institut-helix\/building-state-capacity&#8221;][\/vc_column_inner][vc_column_inner width=&#8221;1\/4&#8243;][\/vc_column_inner][vc_column_inner width=&#8221;1\/4&#8243;][\/vc_column_inner][\/vc_row_inner][\/vc_column][\/vc_row][vc_row][vc_column][\/vc_column][\/vc_row][vc_row link=&#8221;url:https%3A%2F%2Fmicrosave.net\/helix-institute%2Fhelix-institute%2Fcontact-us%2F|||&#8221; smooth_scroll=&#8221;n&#8221; size=&#8221;big&#8221; font_size=&#8221;14px&#8221; button_padding=&#8221;12px 18px 12px 18px&#8221; border_radius=&#8221;1px&#8221; btn_width=&#8221;btn_auto_width&#8221; custom_btn_width=&#8221;200&#8243; button_alignment=&#8221;btn_center&#8221; default_btn_bg_color=&#8221;&#8221; bg_hover_color=&#8221;&#8221; text_color=&#8221;&#8221; text_hover_color=&#8221;&#8221; icon_picker=&#8221;&#8221; icon_align=&#8221;left&#8221;][vc_column][\/vc_column][\/vc_row]<\/p>\n","protected":false},"excerpt":{"rendered":"<p>[vc_row type=&#8221;vc_default&#8221; gap=&#8221;30&#8243; css=&#8221;.vc_custom_1553014519469{margin-top: -50px !important;}&#8221;][vc_column el_class=&#8221;dark-mode-inner-courses&#8221;][vc_row_inner gap=&#8221;35&#8243; css=&#8221;.vc_custom_1553014471337{margin-top: 0px !important;}&#8221;][vc_column_inner][vc_column_text css=&#8221;.vc_custom_1701845813857{margin-top: 30px !important;margin-bottom: 5px !important;padding-bottom: 0px !important;}&#8221;] Pr\u00e9sentation en vid\u00e9o [\/vc_column_text][vc_video link=&#8221;https:\/\/youtu.be\/i8MUFnWN7sY&#8221; css=&#8221;.vc_custom_1701845856081{margin-top: 30px !important;}&#8221;][vc_column_text css=&#8221;.vc_custom_1757667981152{margin-top: 30px !important;margin-bottom: 25px !important;padding-bottom: 0px !important;}&#8221;] Aper\u00e7u de la formation [\/vc_column_text][vc_column_text css=&#8221;.vc_custom_1701782229356{margin-top: 10px !important;}&#8221;]De nombreux d\u00e9ploiements de services financiers digitaux peinent \u00e0 se d\u00e9velopper du fait de taux&hellip;<\/p>\n","protected":false},"author":4,"featured_media":0,"parent":762,"menu_order":0,"comment_status":"closed","ping_status":"closed","template":"","meta":{"_acf_changed":false},"acf":[],"_links":{"self":[{"href":"https:\/\/www.microsave.net\/institut-helix\/wp-json\/wp\/v2\/pages\/1204"}],"collection":[{"href":"https:\/\/www.microsave.net\/institut-helix\/wp-json\/wp\/v2\/pages"}],"about":[{"href":"https:\/\/www.microsave.net\/institut-helix\/wp-json\/wp\/v2\/types\/page"}],"author":[{"embeddable":true,"href":"https:\/\/www.microsave.net\/institut-helix\/wp-json\/wp\/v2\/users\/4"}],"replies":[{"embeddable":true,"href":"https:\/\/www.microsave.net\/institut-helix\/wp-json\/wp\/v2\/comments?post=1204"}],"version-history":[{"count":10,"href":"https:\/\/www.microsave.net\/institut-helix\/wp-json\/wp\/v2\/pages\/1204\/revisions"}],"predecessor-version":[{"id":1527,"href":"https:\/\/www.microsave.net\/institut-helix\/wp-json\/wp\/v2\/pages\/1204\/revisions\/1527"}],"up":[{"embeddable":true,"href":"https:\/\/www.microsave.net\/institut-helix\/wp-json\/wp\/v2\/pages\/762"}],"wp:attachment":[{"href":"https:\/\/www.microsave.net\/institut-helix\/wp-json\/wp\/v2\/media?parent=1204"}],"curies":[{"name":"wp","href":"https:\/\/api.w.org\/{rel}","templated":true}]}}