{"id":1212,"date":"2023-12-05T15:24:08","date_gmt":"2023-12-05T12:24:08","guid":{"rendered":"https:\/\/www.microsave.net\/institut-helix\/?page_id=1212"},"modified":"2025-09-12T14:40:54","modified_gmt":"2025-09-12T11:40:54","slug":"reussir-sa-transformation-digitale","status":"publish","type":"page","link":"https:\/\/www.microsave.net\/institut-helix\/nos-formations\/reussir-sa-transformation-digitale\/","title":{"rendered":"Digital Transformation for financial institutions-duplicate-1"},"content":{"rendered":"<p>[vc_row type=&#8221;vc_default&#8221; gap=&#8221;30&#8243; css=&#8221;.vc_custom_1553014519469{margin-top: -50px !important;}&#8221;][vc_column el_class=&#8221;dark-mode-inner-courses&#8221;][vc_column_text css=&#8221;.vc_custom_1701846413880{margin-top: 30px !important;margin-bottom: 5px !important;padding-bottom: 0px !important;}&#8221;]<\/p>\n<h6>Pr\u00e9sentation en vid\u00e9o<\/h6>\n<p>[\/vc_column_text]<div class=\"hr-thin style-line hr-left\" style=\"width: 5%;border-color: #049eb5;border-top-width: 4px;\"><\/div>[vc_video link=&#8221;https:\/\/youtu.be\/-Q6jhOt1dHM&#8221; css=&#8221;.vc_custom_1701846420424{margin-top: 30px !important;}&#8221;][vc_column_text css=&#8221;.vc_custom_1701775472241{margin-top: 30px !important;margin-bottom: 5px !important;padding-bottom: 0px !important;}&#8221;]<\/p>\n<h6><img loading=\"lazy\" decoding=\"async\" class=\"alignleft wp-image-619\" src=\"https:\/\/www.microsave.net\/institut-helix\/wp-content\/uploads\/2019\/02\/aper\u00e7u-300x300.png\" alt=\"\" width=\"40\" height=\"40\" \/>Aper\u00e7u de la formation<\/h6>\n<p>[\/vc_column_text][vc_row_inner][vc_column_inner][vc_column_text css=&#8221;.vc_custom_1701775482369{margin-top: 10px !important;}&#8221;]Les institutions financi\u00e8res sont de plus en plus confronte\u0301es a\u0300 la pression d\u2019e\u0301voluer vers la digitalisation de leurs services. Les avantages de la finance digitale sont nombreux, dans la mesure ou\u0300 les services financiers digitaux permettent de re\u0301duire les cou\u0302ts ope\u0301rationnels et d\u2019accroi\u0302tre la porte\u0301e et l\u2019efficacite\u0301 des institutions financie\u0300res. Toutefois, la finance digitale est extre\u0302mement complexe et les de\u0301fis ope\u0301rationnels qu\u2019elle pose peuvent rapidement submerger les institutions financi\u00e8res. Ce programme de formation pre\u0301sente les options strate\u0301giques possibles pour se lancer dans la finance digitale, et met en lumie\u0300re les enjeux lie\u0301s au choix et a\u0300 l\u2019imple\u0301mentation de chacune de ces options.[\/vc_column_text][vc_column_text css=&#8221;.vc_custom_1701775505872{margin-top: 30px !important;margin-bottom: 5px !important;padding-bottom: 0px !important;}&#8221;]<\/p>\n<h6><img loading=\"lazy\" decoding=\"async\" class=\"alignleft wp-image-630\" src=\"https:\/\/www.microsave.net\/institut-helix\/wp-content\/uploads\/2019\/02\/interet-300x300.png\" alt=\"\" width=\"40\" height=\"40\" \/>Int\u00e9r\u00eat<\/h6>\n<p>[\/vc_column_text][vc_column_text]<img loading=\"lazy\" decoding=\"async\" class=\"alignleft wp-image-696\" src=\"https:\/\/www.microsave.net\/institut-helix\/wp-content\/uploads\/2019\/03\/bullet-300x300.png\" alt=\"\" width=\"20\" height=\"20\" \/><\/p>\n<p>Comprendre l\u2019importance de l\u2019approche syste\u0301mique d\u2019une transformation digitale<\/p>\n<p><img loading=\"lazy\" decoding=\"async\" class=\"alignleft wp-image-696\" src=\"https:\/\/www.microsave.net\/institut-helix\/wp-content\/uploads\/2019\/03\/bullet-300x300.png\" alt=\"\" width=\"20\" height=\"20\" \/><\/p>\n<p>Examiner les diffe\u0301rentes options de transformation digitale des institutions nancie\u0300res a\u0300 partir d\u2019e\u0301tudes de cas et des meilleures pratiques<\/p>\n<p><img loading=\"lazy\" decoding=\"async\" class=\"alignleft wp-image-696\" src=\"https:\/\/www.microsave.net\/institut-helix\/wp-content\/uploads\/2019\/03\/bullet-300x300.png\" alt=\"\" width=\"20\" height=\"20\" \/><\/p>\n<p>Doter les dirigeants des institutions nancie\u0300res des compe\u0301tences et des ressources ne\u0301cessaires pour planifier et ge\u0301rer leur transformation digitale<\/p>\n<p><img loading=\"lazy\" decoding=\"async\" class=\"alignleft wp-image-696\" src=\"https:\/\/www.microsave.net\/institut-helix\/wp-content\/uploads\/2019\/03\/bullet-300x300.png\" alt=\"\" width=\"20\" height=\"20\" \/><\/p>\n<p>Apprendre des lec\u0327ons tire\u0301es du terrain[\/vc_column_text][vc_column_text css=&#8221;.vc_custom_1701775645735{margin-top: 30px !important;margin-bottom: 5px !important;padding-bottom: 0px !important;}&#8221;]<\/p>\n<h6><img loading=\"lazy\" decoding=\"async\" class=\"alignleft wp-image-622\" src=\"https:\/\/www.microsave.net\/institut-helix\/wp-content\/uploads\/2019\/02\/cible-300x300.png\" alt=\"\" width=\"40\" height=\"40\" \/>Public cible<\/h6>\n<p>[\/vc_column_text][vc_empty_space height=&#8221;10px&#8221;][vc_column_text]Cette formation est conc\u0327ue pour les professionnels des institutions financie\u0300res qui envisagent activement leur transformation digitale et la mise en oeuvre de services financiers digitaux :[\/vc_column_text][vc_column_text]<img loading=\"lazy\" decoding=\"async\" class=\"alignleft wp-image-696\" src=\"https:\/\/www.microsave.net\/institut-helix\/wp-content\/uploads\/2019\/03\/bullet-300x300.png\" alt=\"\" width=\"20\" height=\"20\" \/><\/p>\n<p>Responsables des ope\u0301rations ou de l\u2019exploitation<\/p>\n<p><img loading=\"lazy\" decoding=\"async\" class=\"alignleft wp-image-696\" src=\"https:\/\/www.microsave.net\/institut-helix\/wp-content\/uploads\/2019\/03\/bullet-300x300.png\" alt=\"\" width=\"20\" height=\"20\" \/><\/p>\n<p>Responsables produit<\/p>\n<p><img loading=\"lazy\" decoding=\"async\" class=\"alignleft wp-image-696\" src=\"https:\/\/www.microsave.net\/institut-helix\/wp-content\/uploads\/2019\/03\/bullet-300x300.png\" alt=\"\" width=\"20\" height=\"20\" \/><\/p>\n<p>Responsables distribution<\/p>\n<p><img loading=\"lazy\" decoding=\"async\" class=\"alignleft wp-image-696\" src=\"https:\/\/www.microsave.net\/institut-helix\/wp-content\/uploads\/2019\/03\/bullet-300x300.png\" alt=\"\" width=\"20\" height=\"20\" \/><\/p>\n<p>Responsables informatique et mone\u0301tique<\/p>\n<p><img loading=\"lazy\" decoding=\"async\" class=\"alignleft wp-image-696\" src=\"https:\/\/www.microsave.net\/institut-helix\/wp-content\/uploads\/2019\/03\/bullet-300x300.png\" alt=\"\" width=\"20\" height=\"20\" \/><\/p>\n<p>Consultants[\/vc_column_text][\/vc_column_inner][\/vc_row_inner][vc_column_text css=&#8221;.vc_custom_1701780210630{margin-bottom: 5px !important;padding-bottom: 0px !important;}&#8221;]<\/p>\n<h6><img loading=\"lazy\" decoding=\"async\" class=\"alignleft wp-image-627\" src=\"https:\/\/www.microsave.net\/institut-helix\/wp-content\/uploads\/2019\/02\/contenu.png\" alt=\"\" width=\"40\" height=\"40\" \/>Contenu de la formation<\/h6>\n<p>[\/vc_column_text][vc_empty_space height=&#8221;15px&#8221;][vc_column_text]<img loading=\"lazy\" decoding=\"async\" class=\"alignleft wp-image-696\" src=\"https:\/\/www.microsave.net\/institut-helix\/wp-content\/uploads\/2019\/03\/bullet-300x300.png\" alt=\"\" width=\"20\" height=\"20\" \/><\/p>\n<p>Inclusion financi\u00e8re et \u00e9cosyst\u00e8me de la finance digitale<\/p>\n<p><img loading=\"lazy\" decoding=\"async\" class=\"alignleft wp-image-696\" src=\"https:\/\/www.microsave.net\/institut-helix\/wp-content\/uploads\/2019\/03\/bullet-300x300.png\" alt=\"\" width=\"20\" height=\"20\" \/><\/p>\n<p>Importance et pertinence de la transformation digitale pour les institutions financi\u00e8res<\/p>\n<p><img loading=\"lazy\" decoding=\"async\" class=\"alignleft wp-image-696\" src=\"https:\/\/www.microsave.net\/institut-helix\/wp-content\/uploads\/2019\/03\/bullet-300x300.png\" alt=\"\" width=\"20\" height=\"20\" \/><\/p>\n<p>Planification strat\u00e9gique pour la transformation digitale<\/p>\n<p><img loading=\"lazy\" decoding=\"async\" class=\"alignleft wp-image-696\" src=\"https:\/\/www.microsave.net\/institut-helix\/wp-content\/uploads\/2019\/03\/bullet-300x300.png\" alt=\"\" width=\"20\" height=\"20\" \/><\/p>\n<p>R\u00e9ing\u00e9nierie des processus pour la transformation digitale<\/p>\n<p><img loading=\"lazy\" decoding=\"async\" class=\"alignleft wp-image-696\" src=\"https:\/\/www.microsave.net\/institut-helix\/wp-content\/uploads\/2019\/03\/bullet-300x300.png\" alt=\"\" width=\"20\" height=\"20\" \/><\/p>\n<p>R\u00e9ing\u00e9nierie des produits pour la transformation digitale<\/p>\n<p><img loading=\"lazy\" decoding=\"async\" class=\"alignleft wp-image-696\" src=\"https:\/\/www.microsave.net\/institut-helix\/wp-content\/uploads\/2019\/03\/bullet-300x300.png\" alt=\"\" width=\"20\" height=\"20\" \/><\/p>\n<p>R\u00e9ing\u00e9nierie de la distribution<\/p>\n<p><img loading=\"lazy\" decoding=\"async\" class=\"alignleft wp-image-696\" src=\"https:\/\/www.microsave.net\/institut-helix\/wp-content\/uploads\/2019\/03\/bullet-300x300.png\" alt=\"\" width=\"20\" height=\"20\" \/><\/p>\n<p>Gestion des risques pour la transformation digitale<\/p>\n<p><img loading=\"lazy\" decoding=\"async\" class=\"alignleft wp-image-696\" src=\"https:\/\/www.microsave.net\/institut-helix\/wp-content\/uploads\/2019\/03\/bullet-300x300.png\" alt=\"\" width=\"20\" height=\"20\" \/><\/p>\n<p>Mise en \u0153uvre de la transformation digitale[\/vc_column_text][vc_column_text css=&#8221;.vc_custom_1757677251286{margin-top: 25px !important;margin-bottom: 5px !important;padding-bottom: 0px !important;}&#8221;]<\/p>\n<h6><img loading=\"lazy\" decoding=\"async\" class=\"wp-image-36 alignleft\" src=\"https:\/\/www.microsave.net\/institut-helix\/wp-content\/uploads\/2019\/03\/temoignage-300x300.png\" alt=\"\" width=\"40\" height=\"40\" srcset=\"https:\/\/www.microsave.net\/institut-helix\/wp-content\/uploads\/2019\/03\/temoignage-300x300.png 300w, https:\/\/www.microsave.net\/institut-helix\/wp-content\/uploads\/2019\/03\/temoignage-150x150.png 150w, https:\/\/www.microsave.net\/institut-helix\/wp-content\/uploads\/2019\/03\/temoignage.png 337w\" sizes=\"(max-width: 40px) 100vw, 40px\" \/>T\u00e9moignage<\/h6>\n<p>[\/vc_column_text][vc_row_inner css=&#8221;.vc_custom_1757661640142{margin-top: 30px !important;}&#8221;][vc_column_inner]<div id=\"ult-carousel-59430784869ee66c94cf6b\" class=\"ult-carousel-wrapper   ult_horizontal\" data-gutter=\"15\" data-rtl=\"false\" ><div class=\"ult-carousel-83107300569ee66c94cabd \" >[vc_column_text]<\/p>\n<p style=\"text-align: center\"><em>&#8220;La formation a \u00e9t\u00e9 enrichissante, notamment en ce qui concerne les discussions de groupe et de panel, qui ont apport\u00e9 de nouvelles id\u00e9es et points de vue qui n&#8217;\u00e9taient pas pris en compte auparavant. Le minist\u00e8re s&#8217;est auparavant concentr\u00e9 sur les risques de fraude sans prendre en compte l&#8217;\u00e9tendue plus large des risques auxquels le secteur est confront\u00e9 et les interd\u00e9pendances potentielles. &#8220;Qui donne \u00e0 r\u00e9fl\u00e9chir.&#8221;<\/em><\/p>\n<p style=\"text-align: center\"><b>John Kamanyire |\u00a0 <\/b>MTN &#8211; Ouganda<\/p>\n<p>[\/vc_column_text][vc_column_text]<\/p>\n<p style=\"text-align: center\"><em><span style=\"font-weight: 400\">&#8220;Les animateurs avaient une connaissance approfondie du cours; ils ont su apporter des r\u00e9ponses pertinentes aux questions pos\u00e9es. Excellent cours, tr\u00e8s informatif et bien dispens\u00e9 par un corps professoral excellent et comp\u00e9tent dans le domaine des DFS.&#8221; <\/span><\/em><\/p>\n<p style=\"text-align: center\"><b>Ehigiamusoe Lilian <\/b>| Lapo MFB \u2013 Nigeria<\/p>\n<p>[\/vc_column_text][vc_column_text]<\/p>\n<p style=\"text-align: center\"><span style=\"font-weight: 400\">\u00a0<em>&#8220;Le cours m&#8217;a permis de comprendre l&#8217;environnement autour de la fraude dans les services financiers num\u00e9riques et est dispens\u00e9 de mani\u00e8re tr\u00e8s pratique. Il aborde le probl\u00e8me du point de vue du fournisseur sans s\u00e9parer les ORM et les banques. Il a clarifi\u00e9 ce qu&#8217;une organisation doit mettre en place pour pr\u00e9venir, d\u00e9tecter et att\u00e9nuer les risques et la fraude dans les services financiers num\u00e9riques.&#8221; \u00a0<\/em><\/span><\/p>\n<p style=\"text-align: center\"><b>Vladislav Nimerenco <\/b>| NCELL \u2013 N\u00e9pal<\/p>\n<p>[\/vc_column_text]<\/div><\/div>\t\t\t<script type=\"text\/javascript\">\n\t\t\t\tjQuery(document).ready(function ($) {\n\t\t\t\t\tif( typeof jQuery('.ult-carousel-83107300569ee66c94cabd').slick == \"function\"){\n\t\t\t\t\t\t$('.ult-carousel-83107300569ee66c94cabd').slick({dots: true,autoplay: true,autoplaySpeed: 15000,speed: 1000,infinite: true,arrows: true,nextArrow: '<button type=\"button\" role=\"button\" aria-label=\"Next\" style=\"color:#049eb6; font-size:20px;\" class=\"slick-next default\"><i class=\"ultsl-arrow-right6\"><\/i><\/button>',prevArrow: '<button type=\"button\" role=\"button\" aria-label=\"Previous\" style=\"color:#049eb6; font-size:20px;\" class=\"slick-prev default\"><i class=\"ultsl-arrow-left6\"><\/i><\/button>',slidesToScroll:1,slidesToShow:1,swipe: true,draggable: true,touchMove: true,pauseOnHover: true,pauseOnFocus: false,responsive: [\n\t\t\t\t\t\t\t{\n\t\t\t\t\t\t\t  breakpoint: 1026,\n\t\t\t\t\t\t\t  settings: {\n\t\t\t\t\t\t\t\tslidesToShow: 1,\n\t\t\t\t\t\t\t\tslidesToScroll: 1,  \n\t\t\t\t\t\t\t  }\n\t\t\t\t\t\t\t},\n\t\t\t\t\t\t\t{\n\t\t\t\t\t\t\t  breakpoint: 1025,\n\t\t\t\t\t\t\t  settings: {\n\t\t\t\t\t\t\t\tslidesToShow: 1,\n\t\t\t\t\t\t\t\tslidesToScroll: 1\n\t\t\t\t\t\t\t  }\n\t\t\t\t\t\t\t},\n\t\t\t\t\t\t\t{\n\t\t\t\t\t\t\t  breakpoint: 760,\n\t\t\t\t\t\t\t  settings: {\n\t\t\t\t\t\t\t\tslidesToShow: 1,\n\t\t\t\t\t\t\t\tslidesToScroll: 1\n\t\t\t\t\t\t\t  }\n\t\t\t\t\t\t\t}\n\t\t\t\t\t\t],pauseOnDotsHover: true,customPaging: function(slider, i) {\n                   return '<i type=\"button\" style= \"color:#2b3e79;\" class=\"ultsl-record\" data-role=\"none\"><\/i>';\n                },});\n\t\t\t\t\t}\n\t\t\t\t});\n\t\t\t<\/script>\n\t\t\t[\/vc_column_inner][\/vc_row_inner]<style type=\"text\/css\" data-type=\"the7_shortcodes-inline-css\">#default-btn-5bc06a1e895ec01b5407eb313c3fbb96 > i {\n  font-size: 11px;\n}\n#default-btn-5bc06a1e895ec01b5407eb313c3fbb96 * {\n  vertical-align: middle;\n}\n<\/style><div class=\"btn-align-center\"><a href=\"https:\/\/www.microsave.net\/institut-helix\/contactez-nous\/\" class=\"default-btn-shortcode dt-btn dt-btn-l  vc_custom_1701846326567\" id=\"default-btn-5bc06a1e895ec01b5407eb313c3fbb96\"><span>Contactez-nous<\/span><\/a><\/div>[vc_row_inner css=&#8221;.vc_custom_1551137930367{margin-top: 50px !important;}&#8221;][vc_column_inner][vc_column_text css=&#8221;.vc_custom_1701847252171{margin-bottom: 5px !important;padding-bottom: 0px !important;}&#8221;]<\/p>\n<h6>Nos autres formations en classe<\/h6>\n<p>[\/vc_column_text]<div class=\"hr-thin style-line hr-left\" style=\"width: 5%;border-color: #049eb5;border-top-width: 4px;\"><\/div>[\/vc_column_inner][\/vc_row_inner][vc_row_inner css=&#8221;.vc_custom_1551137913272{margin-top: 40px !important;}&#8221;][vc_column_inner width=&#8221;1\/4&#8243;][vc_single_image image=&#8221;1163&#8243; img_size=&#8221;full&#8221; alignment=&#8221;center&#8221; style=&#8221;vc_box_rounded&#8221; onclick=&#8221;custom_link&#8221; css_animation=&#8221;fadeIn&#8221; link=&#8221;https:\/\/www.microsave.net\/institut-helix\/nos-formations\/concevoir-et-implementer-un-reseau-dagents\/&#8221;][\/vc_column_inner][vc_column_inner width=&#8221;1\/4&#8243;][vc_single_image image=&#8221;1164&#8243; img_size=&#8221;full&#8221; alignment=&#8221;center&#8221; style=&#8221;vc_box_rounded&#8221; onclick=&#8221;custom_link&#8221; css_animation=&#8221;fadeIn&#8221; link=&#8221;https:\/\/www.microsave.net\/institut-helix\/nos-formations\/gerer-les-risques-et-prevenir-de-la-fraude-en-finance-digitale\/&#8221;][\/vc_column_inner][vc_column_inner width=&#8221;1\/4&#8243;][vc_single_image image=&#8221;1165&#8243; img_size=&#8221;full&#8221; alignment=&#8221;center&#8221; style=&#8221;vc_box_rounded&#8221; onclick=&#8221;custom_link&#8221; css_animation=&#8221;fadeIn&#8221; link=&#8221;https:\/\/www.microsave.net\/institut-helix\/nos-formations\/reussir-sa-transformation-digitale\/&#8221;][\/vc_column_inner][vc_column_inner width=&#8221;1\/4&#8243;][vc_single_image image=&#8221;1166&#8243; img_size=&#8221;full&#8221; alignment=&#8221;center&#8221; style=&#8221;vc_box_rounded&#8221; onclick=&#8221;custom_link&#8221; css_animation=&#8221;fadeIn&#8221; link=&#8221;https:\/\/www.microsave.net\/institut-helix\/nos-formations\/gerer-la-croissance-dun-reseau-dagents\/&#8221;][\/vc_column_inner][\/vc_row_inner][vc_row_inner el_class=&#8221;courses-box&#8221;][vc_column_inner width=&#8221;1\/4&#8243;][vc_single_image image=&#8221;1168&#8243; img_size=&#8221;full&#8221; alignment=&#8221;center&#8221; style=&#8221;vc_box_rounded&#8221; onclick=&#8221;custom_link&#8221; css_animation=&#8221;fadeIn&#8221; link=&#8221;https:\/\/www.microsave.net\/institut-helix\/nos-formations\/se-lancer-dans-le-credit-digital\/&#8221;][\/vc_column_inner][vc_column_inner width=&#8221;1\/4&#8243;][vc_single_image image=&#8221;1169&#8243; img_size=&#8221;full&#8221; alignment=&#8221;center&#8221; style=&#8221;vc_box_rounded&#8221; onclick=&#8221;custom_link&#8221; css_animation=&#8221;fadeIn&#8221; link=&#8221;https:\/\/www.microsave.net\/institut-helix\/nos-formations\/concevoir-et-commercialiser-les-services-financiers-digitaux-2\/&#8221;][\/vc_column_inner][vc_column_inner width=&#8221;1\/4&#8243;][vc_single_image image=&#8221;1170&#8243; img_size=&#8221;full&#8221; alignment=&#8221;center&#8221; style=&#8221;vc_box_rounded&#8221; onclick=&#8221;custom_link&#8221; css_animation=&#8221;fadeIn&#8221; link=&#8221;https:\/\/www.microsave.net\/institut-helix\/nos-formations\/se-lancer-dans-la-finance-digitale\/&#8221;][\/vc_column_inner][vc_column_inner width=&#8221;1\/4&#8243;][vc_single_image image=&#8221;1172&#8243; img_size=&#8221;full&#8221; alignment=&#8221;center&#8221; style=&#8221;vc_box_rounded&#8221; onclick=&#8221;custom_link&#8221; css_animation=&#8221;fadeIn&#8221; link=&#8221;https:\/\/www.microsave.net\/institut-helix\/building-msmes&#8221;][\/vc_column_inner][\/vc_row_inner][vc_row_inner el_class=&#8221;courses-box&#8221;][vc_column_inner width=&#8221;1\/4&#8243;][vc_single_image image=&#8221;1173&#8243; img_size=&#8221;full&#8221; alignment=&#8221;center&#8221; style=&#8221;vc_box_rounded&#8221; onclick=&#8221;custom_link&#8221; css_animation=&#8221;fadeIn&#8221; link=&#8221;https:\/\/www.microsave.net\/institut-helix\/climate-finance-101&#8243;][\/vc_column_inner][vc_column_inner width=&#8221;1\/4&#8243;][vc_single_image image=&#8221;1174&#8243; img_size=&#8221;full&#8221; alignment=&#8221;center&#8221; style=&#8221;vc_box_rounded&#8221; onclick=&#8221;custom_link&#8221; css_animation=&#8221;fadeIn&#8221; link=&#8221;https:\/\/www.microsave.net\/institut-helix\/building-state-capacity&#8221;][\/vc_column_inner][vc_column_inner width=&#8221;1\/4&#8243;][\/vc_column_inner][vc_column_inner width=&#8221;1\/4&#8243;][\/vc_column_inner][\/vc_row_inner][\/vc_column][\/vc_row][vc_row][vc_column][\/vc_column][\/vc_row]<\/p>\n","protected":false},"excerpt":{"rendered":"<p>[vc_row type=&#8221;vc_default&#8221; gap=&#8221;30&#8243; css=&#8221;.vc_custom_1553014519469{margin-top: -50px !important;}&#8221;][vc_column el_class=&#8221;dark-mode-inner-courses&#8221;][vc_column_text css=&#8221;.vc_custom_1701846413880{margin-top: 30px !important;margin-bottom: 5px !important;padding-bottom: 0px !important;}&#8221;] Pr\u00e9sentation en vid\u00e9o [\/vc_column_text][vc_video link=&#8221;https:\/\/youtu.be\/-Q6jhOt1dHM&#8221; css=&#8221;.vc_custom_1701846420424{margin-top: 30px !important;}&#8221;][vc_column_text css=&#8221;.vc_custom_1701775472241{margin-top: 30px !important;margin-bottom: 5px !important;padding-bottom: 0px !important;}&#8221;] Aper\u00e7u de la formation [\/vc_column_text][vc_row_inner][vc_column_inner][vc_column_text css=&#8221;.vc_custom_1701775482369{margin-top: 10px !important;}&#8221;]Les institutions financi\u00e8res sont de plus en plus confronte\u0301es a\u0300 la pression d\u2019e\u0301voluer vers la digitalisation de leurs services.&hellip;<\/p>\n","protected":false},"author":4,"featured_media":0,"parent":762,"menu_order":0,"comment_status":"closed","ping_status":"closed","template":"","meta":{"_acf_changed":false},"acf":[],"_links":{"self":[{"href":"https:\/\/www.microsave.net\/institut-helix\/wp-json\/wp\/v2\/pages\/1212"}],"collection":[{"href":"https:\/\/www.microsave.net\/institut-helix\/wp-json\/wp\/v2\/pages"}],"about":[{"href":"https:\/\/www.microsave.net\/institut-helix\/wp-json\/wp\/v2\/types\/page"}],"author":[{"embeddable":true,"href":"https:\/\/www.microsave.net\/institut-helix\/wp-json\/wp\/v2\/users\/4"}],"replies":[{"embeddable":true,"href":"https:\/\/www.microsave.net\/institut-helix\/wp-json\/wp\/v2\/comments?post=1212"}],"version-history":[{"count":10,"href":"https:\/\/www.microsave.net\/institut-helix\/wp-json\/wp\/v2\/pages\/1212\/revisions"}],"predecessor-version":[{"id":1531,"href":"https:\/\/www.microsave.net\/institut-helix\/wp-json\/wp\/v2\/pages\/1212\/revisions\/1531"}],"up":[{"embeddable":true,"href":"https:\/\/www.microsave.net\/institut-helix\/wp-json\/wp\/v2\/pages\/762"}],"wp:attachment":[{"href":"https:\/\/www.microsave.net\/institut-helix\/wp-json\/wp\/v2\/media?parent=1212"}],"curies":[{"name":"wp","href":"https:\/\/api.w.org\/{rel}","templated":true}]}}