{"id":1216,"date":"2023-12-05T15:24:08","date_gmt":"2023-12-05T12:24:08","guid":{"rendered":"https:\/\/www.microsave.net\/institut-helix\/?page_id=1216"},"modified":"2025-09-12T14:41:43","modified_gmt":"2025-09-12T11:41:43","slug":"gerer-la-croissance-dun-reseau-dagents","status":"publish","type":"page","link":"https:\/\/www.microsave.net\/institut-helix\/nos-formations\/gerer-la-croissance-dun-reseau-dagents\/","title":{"rendered":"Optimising Your DFS Agent Network-duplicate-1"},"content":{"rendered":"<p>[vc_row type=&#8221;vc_default&#8221; gap=&#8221;30&#8243; css=&#8221;.vc_custom_1553014519469{margin-top: -50px !important;}&#8221;][vc_column el_class=&#8221;dark-mode-inner-courses&#8221;][vc_row_inner gap=&#8221;35&#8243; css=&#8221;.vc_custom_1553014471337{margin-top: 0px !important;}&#8221;][vc_column_inner][vc_column_text css=&#8221;.vc_custom_1701846233378{margin-top: 30px !important;margin-bottom: 5px !important;padding-bottom: 0px !important;}&#8221;]<\/p>\n<h6>Pr\u00e9sentation en vid\u00e9o<\/h6>\n<p>[\/vc_column_text]<div class=\"hr-thin style-line hr-left\" style=\"width: 5%;border-color: #049eb5;border-top-width: 4px;\"><\/div>[vc_video link=&#8221;https:\/\/youtu.be\/R3pMaGmsbaw&#8221; css=&#8221;.vc_custom_1701846239572{margin-top: 30px !important;}&#8221;][vc_column_text css=&#8221;.vc_custom_1701776539188{margin-top: 30px !important;margin-bottom: 5px !important;padding-bottom: 0px !important;}&#8221;]<\/p>\n<h6><img loading=\"lazy\" decoding=\"async\" class=\"alignleft wp-image-619\" src=\"https:\/\/www.microsave.net\/institut-helix\/wp-content\/uploads\/2019\/02\/aper\u00e7u-300x300.png\" alt=\"\" width=\"40\" height=\"40\" \/>Aper\u00e7u de la formation<\/h6>\n<p>[\/vc_column_text][vc_column_text css=&#8221;.vc_custom_1701776550131{margin-top: 10px !important;}&#8221;]La gestion d\u2019un r\u00e9seau d\u2019agents est l\u2019un des grands d\u00e9fis pour le d\u00e9ploiement de service d\u2019Agency Banking. B\u00e2tir un r\u00e9seau d\u2019agents en dehors des agences et guichets classiques, offre la possibilit\u00e9 de r\u00e9duire les charges d\u2019infrastructure physique et facilite le service de proximit\u00e9 \u00e0 la client\u00e8le. Ce mod\u00e8le exige une bonne connaissance des principes fondamentaux de la distribution de masse et la mise en place d\u2019un dispositif ad\u00e9quat de conformit\u00e9 vis \u00e0 vis de la r\u00e9gulation. Cette formation fournit aux acteurs des outils n\u00e9cessaires au d\u00e9veloppement de strat\u00e9gies efficaces pour la gestion de r\u00e9seaux d\u2019agents \u00e0 des \u00e9chelles nationales.[\/vc_column_text][vc_column_text css=&#8221;.vc_custom_1701776639939{margin-top: 30px !important;margin-bottom: 5px !important;padding-bottom: 0px !important;}&#8221;]<\/p>\n<h6><img loading=\"lazy\" decoding=\"async\" class=\"alignleft wp-image-630\" src=\"https:\/\/www.microsave.net\/institut-helix\/wp-content\/uploads\/2019\/02\/interet-300x300.png\" alt=\"\" width=\"40\" height=\"40\" \/>Int\u00e9r\u00eat<\/h6>\n<p>[\/vc_column_text][vc_column_text css=&#8221;.vc_custom_1701776652301{margin-top: 10px !important;}&#8221;]Le cours est bas\u00e9 sur les meilleures pratiques retenues des ann\u00e9es d\u2019exp\u00e9rience de MicroSave dans la recherche et l\u2019assistance technique aux institutions financi\u00e8res (banques et institutions de microfinance) en Afrique et en Asie.[\/vc_column_text][vc_column_text css=&#8221;.vc_custom_1701776664410{margin-top: 30px !important;margin-bottom: 5px !important;padding-bottom: 0px !important;}&#8221;]<\/p>\n<h6><img loading=\"lazy\" decoding=\"async\" class=\"alignleft wp-image-622\" src=\"https:\/\/www.microsave.net\/institut-helix\/wp-content\/uploads\/2019\/02\/cible-300x300.png\" alt=\"\" width=\"40\" height=\"40\" \/>Public cible<\/h6>\n<p>[\/vc_column_text][vc_empty_space height=&#8221;10px&#8221;][vc_column_text]<img loading=\"lazy\" decoding=\"async\" class=\"alignleft wp-image-696\" src=\"https:\/\/www.microsave.net\/institut-helix\/wp-content\/uploads\/2019\/03\/bullet-300x300.png\" alt=\"\" width=\"20\" height=\"20\" \/><\/p>\n<p>Responsables des ope\u0301rations ou de l\u2019exploitation<\/p>\n<p><img loading=\"lazy\" decoding=\"async\" class=\"alignleft wp-image-696\" src=\"https:\/\/www.microsave.net\/institut-helix\/wp-content\/uploads\/2019\/03\/bullet-300x300.png\" alt=\"\" width=\"20\" height=\"20\" \/><\/p>\n<p>Responsables distribution<\/p>\n<p><img loading=\"lazy\" decoding=\"async\" class=\"alignleft wp-image-696\" src=\"https:\/\/www.microsave.net\/institut-helix\/wp-content\/uploads\/2019\/03\/bullet-300x300.png\" alt=\"\" width=\"20\" height=\"20\" \/><\/p>\n<p>Responsables financiers<\/p>\n<p><img loading=\"lazy\" decoding=\"async\" class=\"alignleft wp-image-696\" src=\"https:\/\/www.microsave.net\/institut-helix\/wp-content\/uploads\/2019\/03\/bullet-300x300.png\" alt=\"\" width=\"20\" height=\"20\" \/><\/p>\n<p>Responsables partenariats<\/p>\n<p><img loading=\"lazy\" decoding=\"async\" class=\"alignleft wp-image-696\" src=\"https:\/\/www.microsave.net\/institut-helix\/wp-content\/uploads\/2019\/03\/bullet-300x300.png\" alt=\"\" width=\"20\" height=\"20\" \/><\/p>\n<p>Consultants[\/vc_column_text][\/vc_column_inner][\/vc_row_inner][vc_column_text css=&#8221;.vc_custom_1701776781651{margin-bottom: 5px !important;padding-bottom: 0px !important;}&#8221;]<\/p>\n<h6><img loading=\"lazy\" decoding=\"async\" class=\"alignleft wp-image-627\" src=\"https:\/\/www.microsave.net\/institut-helix\/wp-content\/uploads\/2019\/02\/contenu.png\" alt=\"\" width=\"40\" height=\"40\" \/>Contenu de la formation<\/h6>\n<p>[\/vc_column_text][vc_empty_space height=&#8221;15px&#8221;][vc_column_text]<img loading=\"lazy\" decoding=\"async\" class=\"alignleft wp-image-696\" src=\"https:\/\/www.microsave.net\/institut-helix\/wp-content\/uploads\/2019\/03\/bullet-300x300.png\" alt=\"\" width=\"20\" height=\"20\" \/><\/p>\n<p>Introduction aux services financiers digitaux<\/p>\n<p><img loading=\"lazy\" decoding=\"async\" class=\"alignleft wp-image-696\" src=\"https:\/\/www.microsave.net\/institut-helix\/wp-content\/uploads\/2019\/03\/bullet-300x300.png\" alt=\"\" width=\"20\" height=\"20\" \/><\/p>\n<p>Principes fondamentaux de la distribution de masse<\/p>\n<p><img loading=\"lazy\" decoding=\"async\" class=\"alignleft wp-image-696\" src=\"https:\/\/www.microsave.net\/institut-helix\/wp-content\/uploads\/2019\/03\/bullet-300x300.png\" alt=\"\" width=\"20\" height=\"20\" \/><\/p>\n<p>Strat\u00e9gie de lancement d\u2019un r\u00e9seau d\u2019agents<\/p>\n<p><img loading=\"lazy\" decoding=\"async\" class=\"alignleft wp-image-696\" src=\"https:\/\/www.microsave.net\/institut-helix\/wp-content\/uploads\/2019\/03\/bullet-300x300.png\" alt=\"\" width=\"20\" height=\"20\" \/><\/p>\n<p>Recrutement des agents<\/p>\n<p><img loading=\"lazy\" decoding=\"async\" class=\"alignleft wp-image-696\" src=\"https:\/\/www.microsave.net\/institut-helix\/wp-content\/uploads\/2019\/03\/bullet-300x300.png\" alt=\"\" width=\"20\" height=\"20\" \/><\/p>\n<p>Formation des agents<\/p>\n<p><img loading=\"lazy\" decoding=\"async\" class=\"alignleft wp-image-696\" src=\"https:\/\/www.microsave.net\/institut-helix\/wp-content\/uploads\/2019\/03\/bullet-300x300.png\" alt=\"\" width=\"20\" height=\"20\" \/><\/p>\n<p>R\u00e9mun\u00e9ration des agents<\/p>\n<p><img loading=\"lazy\" decoding=\"async\" class=\"alignleft wp-image-696\" src=\"https:\/\/www.microsave.net\/institut-helix\/wp-content\/uploads\/2019\/03\/bullet-300x300.png\" alt=\"\" width=\"20\" height=\"20\" \/><\/p>\n<p>Gestion de la liquidit\u00e9 des agents<\/p>\n<p><img loading=\"lazy\" decoding=\"async\" class=\"alignleft wp-image-696\" src=\"https:\/\/www.microsave.net\/institut-helix\/wp-content\/uploads\/2019\/03\/bullet-300x300.png\" alt=\"\" width=\"20\" height=\"20\" \/><\/p>\n<p>Structures des co\u00fbts et sources de revenus<\/p>\n<p><img loading=\"lazy\" decoding=\"async\" class=\"alignleft wp-image-696\" src=\"https:\/\/www.microsave.net\/institut-helix\/wp-content\/uploads\/2019\/03\/bullet-300x300.png\" alt=\"\" width=\"20\" height=\"20\" \/><\/p>\n<p>Introduction \u00e0 la gestion des risques et \u00e0 la pr\u00e9vention de la fraude<\/p>\n<p><img loading=\"lazy\" decoding=\"async\" class=\"alignleft wp-image-696\" src=\"https:\/\/www.microsave.net\/institut-helix\/wp-content\/uploads\/2019\/03\/bullet-300x300.png\" alt=\"\" width=\"20\" height=\"20\" \/><\/p>\n<p>Plan de communication en finance digitale<\/p>\n<p><img loading=\"lazy\" decoding=\"async\" class=\"alignleft wp-image-696\" src=\"https:\/\/www.microsave.net\/institut-helix\/wp-content\/uploads\/2019\/03\/bullet-300x300.png\" alt=\"\" width=\"20\" height=\"20\" \/><\/p>\n<p>Suivi et soutien du r\u00e9seau d\u2019agents[\/vc_column_text][vc_column_text css=&#8221;.vc_custom_1757677300006{margin-top: 25px !important;margin-bottom: 5px !important;padding-bottom: 0px !important;}&#8221;]<\/p>\n<h6><img loading=\"lazy\" decoding=\"async\" class=\"wp-image-36 alignleft\" src=\"https:\/\/www.microsave.net\/institut-helix\/wp-content\/uploads\/2019\/03\/temoignage-300x300.png\" alt=\"\" width=\"40\" height=\"40\" srcset=\"https:\/\/www.microsave.net\/institut-helix\/wp-content\/uploads\/2019\/03\/temoignage-300x300.png 300w, https:\/\/www.microsave.net\/institut-helix\/wp-content\/uploads\/2019\/03\/temoignage-150x150.png 150w, https:\/\/www.microsave.net\/institut-helix\/wp-content\/uploads\/2019\/03\/temoignage.png 337w\" sizes=\"(max-width: 40px) 100vw, 40px\" \/>T\u00e9moignage<\/h6>\n<p>[\/vc_column_text][vc_row_inner css=&#8221;.vc_custom_1757661679006{margin-top: 30px !important;}&#8221;][vc_column_inner]<div id=\"ult-carousel-75331629569ee53e73cc46\" class=\"ult-carousel-wrapper   ult_horizontal\" data-gutter=\"15\" data-rtl=\"false\" ><div class=\"ult-carousel-76130021269ee53e73ca7c \" >[vc_column_text]<\/p>\n<p style=\"text-align: center\"><em><span style=\"font-weight: 400\">&#8220;Ce cours est indispensable pour les fournisseurs de services bancaires sans agence\/MFS qui souhaitent mettre en place et lancer le d\u00e9ploiement de leurs r\u00e9seaux d&#8217;agents. Il vous fournira les bases dont vous avez besoin pour commencer, de la fa\u00e7on de s\u00e9lectionner un agent, qui s\u00e9lectionner, \u00e0 la surveillance, aux implications en mati\u00e8re de risques et bien plus encore ! De plus, les pr\u00e9sentateurs experts amen\u00e9s au cours du cours sont en mesure de pr\u00e9senter aux participants des r\u00e9alit\u00e9s de terrain plut\u00f4t que de simples th\u00e9ories.&#8221;\u00a0<\/span><\/em><\/p>\n<p style=\"text-align: center\"><b>Mohammad Zaayer Nasib <\/b>| MCB Bank \u2013 Pakistan<\/p>\n<p>[\/vc_column_text][vc_column_text]<\/p>\n<p style=\"text-align: center\"><em><span style=\"font-weight: 400\">&#8220;Au d\u00e9part, je pensais que la formation serait tr\u00e8s acad\u00e9mique mais j&#8217;ai r\u00e9alis\u00e9 d\u00e8s le premier jour qu&#8217;elle \u00e9tait tr\u00e8s pratique avec beaucoup d&#8217;exp\u00e9riences r\u00e9elles. J\u2019appr\u00e9cie \u00e9galement les informations internationales et les conclusions des diff\u00e9rents pays. Les diff\u00e9rences culturelles au sein des participants au cours, le m\u00e9lange des t\u00e9l\u00e9coms et des banques ont contribu\u00e9 \u00e0 apporter une grande mixit\u00e9 \u00e0 la formation.&#8221;\u00a0<\/span><\/em><\/p>\n<p style=\"text-align: center\"><b>Edwin Otieno <\/b>| KCB \u2013 Kenya<\/p>\n<p>[\/vc_column_text][vc_column_text]<\/p>\n<p style=\"text-align: center\"><em><span style=\"font-weight: 400\">&#8220;Pour moi, cette formation est un changement de paradigme dans ma connaissance des services financiers num\u00e9riques et une innovation ascendante dans mon r\u00f4le dans l&#8217;industrie des SFN au Ghana, gr\u00e2ce \u00e0 la gestion des liquidit\u00e9s et \u00e0 l&#8217;efficacit\u00e9 op\u00e9rationnelle. Je souhaite \u00e0 tous les acteurs de l\u2019industrie de profiter de cette opportunit\u00e9.&#8221;\u00a0<\/span><\/em><\/p>\n<p style=\"text-align: center\"><b>Wisdom Alorwuse | <\/b>Tigo &#8211; Ghana<\/p>\n<p>[\/vc_column_text][vc_column_text]<\/p>\n<p style=\"text-align: center\"><em><span style=\"font-weight: 400\">&#8220;En tant que professionnel de la finance, cette formation a d\u00e9pass\u00e9 mes attentes et m&#8217;a ouvert les yeux en dissipant de nombreux doutes dans mon esprit sur les bonnes choses \u00e0 faire lorsque l&#8217;on pilote des services financiers num\u00e9riques. Je vois clairement les domaines de la gestion de notre r\u00e9seau d&#8217;agences qui doivent \u00eatre corrig\u00e9s. Pour moi, les connaissances sont parfaites en ce moment, car nous atteignons toujours une masse critique dans nos op\u00e9rations. Je suis convaincu qu&#8217;avec ce nouvel ensemble de comp\u00e9tences, je serai en mesure d&#8217;influencer ma direction et mes \u00e9quipes pour conduire le changement que notre entreprise m\u00e9rite pour aller dans la bonne direction. Merci, Helix, pour cette incroyable opportunit\u00e9 de formation.&#8221;\u00a0<\/span><\/em><\/p>\n<p style=\"text-align: center\"><b>Samba Divine Mofor <\/b>| Airtel &#8211; Chad<\/p>\n<p>[\/vc_column_text]<\/div><\/div>\t\t\t<script type=\"text\/javascript\">\n\t\t\t\tjQuery(document).ready(function ($) {\n\t\t\t\t\tif( typeof jQuery('.ult-carousel-76130021269ee53e73ca7c').slick == \"function\"){\n\t\t\t\t\t\t$('.ult-carousel-76130021269ee53e73ca7c').slick({dots: true,autoplay: true,autoplaySpeed: 15000,speed: 1000,infinite: true,arrows: true,nextArrow: '<button type=\"button\" role=\"button\" aria-label=\"Next\" style=\"color:#049eb6; font-size:20px;\" class=\"slick-next default\"><i class=\"ultsl-arrow-right6\"><\/i><\/button>',prevArrow: '<button type=\"button\" role=\"button\" aria-label=\"Previous\" style=\"color:#049eb6; font-size:20px;\" class=\"slick-prev default\"><i class=\"ultsl-arrow-left6\"><\/i><\/button>',slidesToScroll:1,slidesToShow:1,swipe: true,draggable: true,touchMove: true,pauseOnHover: true,pauseOnFocus: false,responsive: [\n\t\t\t\t\t\t\t{\n\t\t\t\t\t\t\t  breakpoint: 1026,\n\t\t\t\t\t\t\t  settings: {\n\t\t\t\t\t\t\t\tslidesToShow: 1,\n\t\t\t\t\t\t\t\tslidesToScroll: 1,  \n\t\t\t\t\t\t\t  }\n\t\t\t\t\t\t\t},\n\t\t\t\t\t\t\t{\n\t\t\t\t\t\t\t  breakpoint: 1025,\n\t\t\t\t\t\t\t  settings: {\n\t\t\t\t\t\t\t\tslidesToShow: 1,\n\t\t\t\t\t\t\t\tslidesToScroll: 1\n\t\t\t\t\t\t\t  }\n\t\t\t\t\t\t\t},\n\t\t\t\t\t\t\t{\n\t\t\t\t\t\t\t  breakpoint: 760,\n\t\t\t\t\t\t\t  settings: {\n\t\t\t\t\t\t\t\tslidesToShow: 1,\n\t\t\t\t\t\t\t\tslidesToScroll: 1\n\t\t\t\t\t\t\t  }\n\t\t\t\t\t\t\t}\n\t\t\t\t\t\t],pauseOnDotsHover: true,customPaging: function(slider, i) {\n                   return '<i type=\"button\" style= \"color:#2b3e79;\" class=\"ultsl-record\" data-role=\"none\"><\/i>';\n                },});\n\t\t\t\t\t}\n\t\t\t\t});\n\t\t\t<\/script>\n\t\t\t[\/vc_column_inner][\/vc_row_inner]<style type=\"text\/css\" data-type=\"the7_shortcodes-inline-css\">#default-btn-9bf6f40d5048dbaffa7061a99ea193e7 > i {\n  font-size: 11px;\n}\n#default-btn-9bf6f40d5048dbaffa7061a99ea193e7 * {\n  vertical-align: middle;\n}\n<\/style><div class=\"btn-align-center\"><a href=\"https:\/\/www.microsave.net\/institut-helix\/contactez-nous\/\" class=\"default-btn-shortcode dt-btn dt-btn-l  vc_custom_1701846270713\" id=\"default-btn-9bf6f40d5048dbaffa7061a99ea193e7\"><span>Contactez-nous<\/span><\/a><\/div>[vc_row_inner css=&#8221;.vc_custom_1551137930367{margin-top: 50px !important;}&#8221;][vc_column_inner][vc_column_text css=&#8221;.vc_custom_1701847327154{margin-bottom: 5px !important;padding-bottom: 0px !important;}&#8221;]<\/p>\n<h6>Nos autres formations en classe<\/h6>\n<p>[\/vc_column_text]<div class=\"hr-thin style-line hr-left\" style=\"width: 5%;border-color: #049eb5;border-top-width: 4px;\"><\/div>[\/vc_column_inner][\/vc_row_inner][vc_row_inner css=&#8221;.vc_custom_1551137913272{margin-top: 40px !important;}&#8221;][vc_column_inner width=&#8221;1\/4&#8243;][vc_single_image image=&#8221;1163&#8243; img_size=&#8221;full&#8221; alignment=&#8221;center&#8221; style=&#8221;vc_box_rounded&#8221; onclick=&#8221;custom_link&#8221; css_animation=&#8221;fadeIn&#8221; link=&#8221;https:\/\/www.microsave.net\/institut-helix\/nos-formations\/concevoir-et-implementer-un-reseau-dagents\/&#8221;][\/vc_column_inner][vc_column_inner width=&#8221;1\/4&#8243;][vc_single_image image=&#8221;1164&#8243; img_size=&#8221;full&#8221; alignment=&#8221;center&#8221; style=&#8221;vc_box_rounded&#8221; onclick=&#8221;custom_link&#8221; css_animation=&#8221;fadeIn&#8221; link=&#8221;https:\/\/www.microsave.net\/institut-helix\/nos-formations\/gerer-les-risques-et-prevenir-de-la-fraude-en-finance-digitale\/&#8221;][\/vc_column_inner][vc_column_inner width=&#8221;1\/4&#8243;][vc_single_image image=&#8221;1165&#8243; img_size=&#8221;full&#8221; alignment=&#8221;center&#8221; style=&#8221;vc_box_rounded&#8221; onclick=&#8221;custom_link&#8221; css_animation=&#8221;fadeIn&#8221; link=&#8221;https:\/\/www.microsave.net\/institut-helix\/nos-formations\/reussir-sa-transformation-digitale\/&#8221;][\/vc_column_inner][vc_column_inner width=&#8221;1\/4&#8243;][vc_single_image image=&#8221;1166&#8243; img_size=&#8221;full&#8221; alignment=&#8221;center&#8221; style=&#8221;vc_box_rounded&#8221; onclick=&#8221;custom_link&#8221; css_animation=&#8221;fadeIn&#8221; link=&#8221;https:\/\/www.microsave.net\/institut-helix\/nos-formations\/gerer-la-croissance-dun-reseau-dagents\/&#8221;][\/vc_column_inner][\/vc_row_inner][vc_row_inner el_class=&#8221;courses-box&#8221;][vc_column_inner width=&#8221;1\/4&#8243;][vc_single_image image=&#8221;1168&#8243; img_size=&#8221;full&#8221; alignment=&#8221;center&#8221; style=&#8221;vc_box_rounded&#8221; onclick=&#8221;custom_link&#8221; css_animation=&#8221;fadeIn&#8221; link=&#8221;https:\/\/www.microsave.net\/institut-helix\/nos-formations\/se-lancer-dans-le-credit-digital\/&#8221;][\/vc_column_inner][vc_column_inner width=&#8221;1\/4&#8243;][vc_single_image image=&#8221;1169&#8243; img_size=&#8221;full&#8221; alignment=&#8221;center&#8221; style=&#8221;vc_box_rounded&#8221; onclick=&#8221;custom_link&#8221; css_animation=&#8221;fadeIn&#8221; link=&#8221;https:\/\/www.microsave.net\/institut-helix\/nos-formations\/concevoir-et-commercialiser-les-services-financiers-digitaux-2\/&#8221;][\/vc_column_inner][vc_column_inner width=&#8221;1\/4&#8243;][vc_single_image image=&#8221;1170&#8243; img_size=&#8221;full&#8221; alignment=&#8221;center&#8221; style=&#8221;vc_box_rounded&#8221; onclick=&#8221;custom_link&#8221; css_animation=&#8221;fadeIn&#8221; link=&#8221;https:\/\/www.microsave.net\/institut-helix\/nos-formations\/se-lancer-dans-la-finance-digitale\/&#8221;][\/vc_column_inner][vc_column_inner width=&#8221;1\/4&#8243;][vc_single_image image=&#8221;1172&#8243; img_size=&#8221;full&#8221; alignment=&#8221;center&#8221; style=&#8221;vc_box_rounded&#8221; onclick=&#8221;custom_link&#8221; css_animation=&#8221;fadeIn&#8221; link=&#8221;https:\/\/www.microsave.net\/institut-helix\/building-msmes&#8221;][\/vc_column_inner][\/vc_row_inner][vc_row_inner el_class=&#8221;courses-box&#8221;][vc_column_inner width=&#8221;1\/4&#8243;][vc_single_image image=&#8221;1173&#8243; img_size=&#8221;full&#8221; alignment=&#8221;center&#8221; style=&#8221;vc_box_rounded&#8221; onclick=&#8221;custom_link&#8221; css_animation=&#8221;fadeIn&#8221; link=&#8221;https:\/\/www.microsave.net\/institut-helix\/climate-finance-101&#8243;][\/vc_column_inner][vc_column_inner width=&#8221;1\/4&#8243;][vc_single_image image=&#8221;1174&#8243; img_size=&#8221;full&#8221; alignment=&#8221;center&#8221; style=&#8221;vc_box_rounded&#8221; onclick=&#8221;custom_link&#8221; css_animation=&#8221;fadeIn&#8221; link=&#8221;https:\/\/www.microsave.net\/institut-helix\/building-state-capacity&#8221;][\/vc_column_inner][vc_column_inner width=&#8221;1\/4&#8243;][\/vc_column_inner][vc_column_inner width=&#8221;1\/4&#8243;][\/vc_column_inner][\/vc_row_inner][\/vc_column][\/vc_row][vc_row][vc_column][\/vc_column][\/vc_row][vc_row][vc_column][\/vc_column][\/vc_row]<\/p>\n","protected":false},"excerpt":{"rendered":"<p>[vc_row type=&#8221;vc_default&#8221; gap=&#8221;30&#8243; css=&#8221;.vc_custom_1553014519469{margin-top: -50px !important;}&#8221;][vc_column el_class=&#8221;dark-mode-inner-courses&#8221;][vc_row_inner gap=&#8221;35&#8243; css=&#8221;.vc_custom_1553014471337{margin-top: 0px !important;}&#8221;][vc_column_inner][vc_column_text css=&#8221;.vc_custom_1701846233378{margin-top: 30px !important;margin-bottom: 5px !important;padding-bottom: 0px !important;}&#8221;] Pr\u00e9sentation en vid\u00e9o [\/vc_column_text][vc_video link=&#8221;https:\/\/youtu.be\/R3pMaGmsbaw&#8221; css=&#8221;.vc_custom_1701846239572{margin-top: 30px !important;}&#8221;][vc_column_text css=&#8221;.vc_custom_1701776539188{margin-top: 30px !important;margin-bottom: 5px !important;padding-bottom: 0px !important;}&#8221;] Aper\u00e7u de la formation [\/vc_column_text][vc_column_text css=&#8221;.vc_custom_1701776550131{margin-top: 10px !important;}&#8221;]La gestion d\u2019un r\u00e9seau d\u2019agents est l\u2019un des grands d\u00e9fis pour le d\u00e9ploiement de service&hellip;<\/p>\n","protected":false},"author":4,"featured_media":0,"parent":762,"menu_order":0,"comment_status":"closed","ping_status":"closed","template":"","meta":{"_acf_changed":false},"acf":[],"_links":{"self":[{"href":"https:\/\/www.microsave.net\/institut-helix\/wp-json\/wp\/v2\/pages\/1216"}],"collection":[{"href":"https:\/\/www.microsave.net\/institut-helix\/wp-json\/wp\/v2\/pages"}],"about":[{"href":"https:\/\/www.microsave.net\/institut-helix\/wp-json\/wp\/v2\/types\/page"}],"author":[{"embeddable":true,"href":"https:\/\/www.microsave.net\/institut-helix\/wp-json\/wp\/v2\/users\/4"}],"replies":[{"embeddable":true,"href":"https:\/\/www.microsave.net\/institut-helix\/wp-json\/wp\/v2\/comments?post=1216"}],"version-history":[{"count":10,"href":"https:\/\/www.microsave.net\/institut-helix\/wp-json\/wp\/v2\/pages\/1216\/revisions"}],"predecessor-version":[{"id":1532,"href":"https:\/\/www.microsave.net\/institut-helix\/wp-json\/wp\/v2\/pages\/1216\/revisions\/1532"}],"up":[{"embeddable":true,"href":"https:\/\/www.microsave.net\/institut-helix\/wp-json\/wp\/v2\/pages\/762"}],"wp:attachment":[{"href":"https:\/\/www.microsave.net\/institut-helix\/wp-json\/wp\/v2\/media?parent=1216"}],"curies":[{"name":"wp","href":"https:\/\/api.w.org\/{rel}","templated":true}]}}