{"id":1218,"date":"2023-12-05T15:24:08","date_gmt":"2023-12-05T12:24:08","guid":{"rendered":"https:\/\/www.microsave.net\/institut-helix\/?page_id=1218"},"modified":"2025-09-12T10:21:53","modified_gmt":"2025-09-12T07:21:53","slug":"se-lancer-dans-le-credit-digital","status":"publish","type":"page","link":"https:\/\/www.microsave.net\/institut-helix\/nos-formations\/se-lancer-dans-le-credit-digital\/","title":{"rendered":"Digital Credit: Managing Risk and Achieving Scale-duplicate-1"},"content":{"rendered":"<p>[vc_row type=&#8221;vc_default&#8221; gap=&#8221;30&#8243; css=&#8221;.vc_custom_1553014519469{margin-top: -50px !important;}&#8221;][vc_column el_class=&#8221;dark-mode-inner-courses&#8221;][vc_row_inner gap=&#8221;35&#8243; css=&#8221;.vc_custom_1553014471337{margin-top: 0px !important;}&#8221;][vc_column_inner][vc_column_text css=&#8221;.vc_custom_1701846085232{margin-top: 30px !important;margin-bottom: 5px !important;padding-bottom: 0px !important;}&#8221;]<\/p>\n<h6>Pr\u00e9sentation en vid\u00e9o<\/h6>\n<p>[\/vc_column_text]<div class=\"hr-thin style-line hr-left\" style=\"width: 5%;border-color: #049eb5;border-top-width: 4px;\"><\/div>[vc_video link=&#8221;https:\/\/youtu.be\/mgT0bdTDec0&#8243; css=&#8221;.vc_custom_1701846094135{margin-top: 30px !important;}&#8221;][vc_column_text css=&#8221;.vc_custom_1701777029616{margin-top: 30px !important;margin-bottom: 5px !important;padding-bottom: 0px !important;}&#8221;]<\/p>\n<h6><img loading=\"lazy\" decoding=\"async\" class=\"alignleft wp-image-619\" src=\"https:\/\/www.microsave.net\/institut-helix\/wp-content\/uploads\/2019\/02\/aper\u00e7u-300x300.png\" alt=\"\" width=\"40\" height=\"40\" \/>Aper\u00e7u de la formation<\/h6>\n<p>[\/vc_column_text][vc_column_text css=&#8221;.vc_custom_1701777042514{margin-top: 10px !important;}&#8221;]Les petits pr\u00eats octroy\u00e9s rapidement par le biais de canaux num\u00e9riques sont en hausse en Afrique subsaharienne. Le cr\u00e9dit digital est automatique, instantan\u00e9 effectu\u00e9 \u00e0 distance. Ces produits exploitent l\u2019infrastructure num\u00e9rique existante pour gagner ou conserver des parts de march\u00e9. La d\u00e9cision de cr\u00e9dit est bas\u00e9e sur une combinaison d\u2019\u00e9l\u00e9ments avec des interactions limit\u00e9es car tout est fait \u00e0 distance. Cette formation permet aux participants de mieux comprendre les mod\u00e8les existants, les fondamentaux d\u2019analyses de donn\u00e9es, et ainsi mieux appr\u00e9hender le d\u00e9veloppement de produit et sa mise en service pour optimiser ce nouveau canal.[\/vc_column_text][vc_column_text css=&#8221;.vc_custom_1701777055521{margin-top: 30px !important;margin-bottom: 5px !important;padding-bottom: 0px !important;}&#8221;]<\/p>\n<h6><img loading=\"lazy\" decoding=\"async\" class=\"alignleft wp-image-630\" src=\"https:\/\/www.microsave.net\/institut-helix\/wp-content\/uploads\/2019\/02\/interet-300x300.png\" alt=\"\" width=\"40\" height=\"40\" \/>Int\u00e9r\u00eat<\/h6>\n<p>[\/vc_column_text][vc_column_text css=&#8221;.vc_custom_1701777074306{margin-top: 10px !important;}&#8221;]Le participant est amen\u00e9 \u00e0 faire la distinction entre les deux principaux mod\u00e8les : Le mod\u00e8le direct aux particuliers et le mod\u00e8le des services de cr\u00e9dit num\u00e9riques qui sont envoy\u00e9s via un agr\u00e9gateur marchand ou la cha\u00eene de valeur. Ces deux approches comportent des risques tr\u00e8s diff\u00e9rents et am\u00e8nent \u00e0 des mod\u00e8les d\u2019affaires qui seront explor\u00e9s pendant la formation. Seront \u00e9galement abord\u00e9s le cr\u00e9dit scoring et l\u2019utilisation des donn\u00e9es alternatives, telles que celles des enregistrements chez les op\u00e9rateurs, qui font d\u00e9sormais partie des incontournables param\u00e8tres pour l\u2019innovation en cr\u00e9dit digital. A travers des \u00e9tudes de cas, le participant sera form\u00e9 \u00e0 l\u2019analyse de donn\u00e9es, comprendra comment le scoring se d\u00e9veloppe, comment savoir si les tableaux de bord fonctionnent et comment utiliser divers types de donn\u00e9es pour la cartographie de pointage. La conception de produits et\/ou de services sera abord\u00e9e ainsi que leur commercialisation. Ceci inclut des d\u00e9tails du produit comme le t\u00e9nor, le montant du pr\u00eat et le prix initial ainsi que la protection des consommateurs.[\/vc_column_text][vc_column_text css=&#8221;.vc_custom_1701777086770{margin-top: 30px !important;margin-bottom: 5px !important;padding-bottom: 0px !important;}&#8221;]<\/p>\n<h6><img loading=\"lazy\" decoding=\"async\" class=\"alignleft wp-image-622\" src=\"https:\/\/www.microsave.net\/institut-helix\/wp-content\/uploads\/2019\/02\/cible-300x300.png\" alt=\"\" width=\"40\" height=\"40\" \/>Public cible<\/h6>\n<p>[\/vc_column_text][vc_empty_space height=&#8221;10px&#8221;][vc_column_text]<img loading=\"lazy\" decoding=\"async\" class=\"alignleft wp-image-696\" src=\"https:\/\/www.microsave.net\/institut-helix\/wp-content\/uploads\/2019\/03\/bullet-300x300.png\" alt=\"\" width=\"20\" height=\"20\" \/><\/p>\n<p>Responsables produits<\/p>\n<p><img loading=\"lazy\" decoding=\"async\" class=\"alignleft wp-image-696\" src=\"https:\/\/www.microsave.net\/institut-helix\/wp-content\/uploads\/2019\/03\/bullet-300x300.png\" alt=\"\" width=\"20\" height=\"20\" \/><\/p>\n<p>Responsables cr\u00e9dits<\/p>\n<p><img loading=\"lazy\" decoding=\"async\" class=\"alignleft wp-image-696\" src=\"https:\/\/www.microsave.net\/institut-helix\/wp-content\/uploads\/2019\/03\/bullet-300x300.png\" alt=\"\" width=\"20\" height=\"20\" \/><\/p>\n<p>Responsables partenariats<\/p>\n<p><img loading=\"lazy\" decoding=\"async\" class=\"alignleft wp-image-696\" src=\"https:\/\/www.microsave.net\/institut-helix\/wp-content\/uploads\/2019\/03\/bullet-300x300.png\" alt=\"\" width=\"20\" height=\"20\" \/><\/p>\n<p>Responsables marketing<\/p>\n<p><img loading=\"lazy\" decoding=\"async\" class=\"alignleft wp-image-696\" src=\"https:\/\/www.microsave.net\/institut-helix\/wp-content\/uploads\/2019\/03\/bullet-300x300.png\" alt=\"\" width=\"20\" height=\"20\" \/><\/p>\n<p>Responsables distribution<\/p>\n<p><img loading=\"lazy\" decoding=\"async\" class=\"alignleft wp-image-696\" src=\"https:\/\/www.microsave.net\/institut-helix\/wp-content\/uploads\/2019\/03\/bullet-300x300.png\" alt=\"\" width=\"20\" height=\"20\" \/><\/p>\n<p>Consultants[\/vc_column_text][\/vc_column_inner][\/vc_row_inner][vc_column_text css=&#8221;.vc_custom_1701777154353{margin-bottom: 5px !important;padding-bottom: 0px !important;}&#8221;]<\/p>\n<h6><img loading=\"lazy\" decoding=\"async\" class=\"alignleft wp-image-627\" src=\"https:\/\/www.microsave.net\/institut-helix\/wp-content\/uploads\/2019\/02\/contenu.png\" alt=\"\" width=\"40\" height=\"40\" \/>Contenu de la formation<\/h6>\n<p>[\/vc_column_text][vc_empty_space height=&#8221;15px&#8221;][vc_column_text]<img loading=\"lazy\" decoding=\"async\" class=\"alignleft wp-image-696\" src=\"https:\/\/www.microsave.net\/institut-helix\/wp-content\/uploads\/2019\/03\/bullet-300x300.png\" alt=\"\" width=\"20\" height=\"20\" \/><\/p>\n<p>Introduction au cr\u00e9dit digital<\/p>\n<p><img loading=\"lazy\" decoding=\"async\" class=\"alignleft wp-image-696\" src=\"https:\/\/www.microsave.net\/institut-helix\/wp-content\/uploads\/2019\/03\/bullet-300x300.png\" alt=\"\" width=\"20\" height=\"20\" \/><\/p>\n<p>Les diff\u00e9rents mod\u00e8les du cr\u00e9dit digital<\/p>\n<p><img loading=\"lazy\" decoding=\"async\" class=\"alignleft wp-image-696\" src=\"https:\/\/www.microsave.net\/institut-helix\/wp-content\/uploads\/2019\/03\/bullet-300x300.png\" alt=\"\" width=\"20\" height=\"20\" \/><\/p>\n<p>Analyse des donn\u00e9es pour le cr\u00e9dit digital<\/p>\n<p><img loading=\"lazy\" decoding=\"async\" class=\"alignleft wp-image-696\" src=\"https:\/\/www.microsave.net\/institut-helix\/wp-content\/uploads\/2019\/03\/bullet-300x300.png\" alt=\"\" width=\"20\" height=\"20\" \/><\/p>\n<p>D\u00e9veloppement de produit de cr\u00e9dit digital<\/p>\n<p><img loading=\"lazy\" decoding=\"async\" class=\"alignleft wp-image-696\" src=\"https:\/\/www.microsave.net\/institut-helix\/wp-content\/uploads\/2019\/03\/bullet-300x300.png\" alt=\"\" width=\"20\" height=\"20\" \/><\/p>\n<p>Risque du cr\u00e9dit digital et protection des consommateurs<\/p>\n<p><img loading=\"lazy\" decoding=\"async\" class=\"alignleft wp-image-696\" src=\"https:\/\/www.microsave.net\/institut-helix\/wp-content\/uploads\/2019\/03\/bullet-300x300.png\" alt=\"\" width=\"20\" height=\"20\" \/><\/p>\n<p>Strat\u00e9gie de communication marketing pour le cr\u00e9dit digital[\/vc_column_text][vc_column_text css=&#8221;.vc_custom_1757661705783{margin-top: 25px !important;margin-bottom: 5px !important;padding-bottom: 0px !important;}&#8221;]<\/p>\n<h6><img loading=\"lazy\" decoding=\"async\" class=\"wp-image-36 alignleft\" src=\"https:\/\/www.microsave.net\/institut-helix\/wp-content\/uploads\/2019\/03\/temoignage-300x300.png\" alt=\"\" width=\"40\" height=\"40\" srcset=\"https:\/\/www.microsave.net\/institut-helix\/wp-content\/uploads\/2019\/03\/temoignage-300x300.png 300w, https:\/\/www.microsave.net\/institut-helix\/wp-content\/uploads\/2019\/03\/temoignage-150x150.png 150w, https:\/\/www.microsave.net\/institut-helix\/wp-content\/uploads\/2019\/03\/temoignage.png 337w\" sizes=\"(max-width: 40px) 100vw, 40px\" \/>T\u00e9moignage<\/h6>\n<p>[\/vc_column_text][vc_row_inner css=&#8221;.vc_custom_1757661710166{margin-top: 30px !important;}&#8221;][vc_column_inner]<div id=\"ult-carousel-79258317969f19ab039baa\" class=\"ult-carousel-wrapper   ult_horizontal\" data-gutter=\"15\" data-rtl=\"false\" ><div class=\"ult-carousel-150374881169f19ab039911 \" >[vc_column_text]<\/p>\n<p style=\"text-align: center\"><em><span style=\"font-weight: 400\">&#8220;Toutes les banques devraient commencer par cette formation avant de se lancer dans les services bancaires en agence afin que les membres de l&#8217;\u00e9quipe sachent clairement la strat\u00e9gie, les ressources et les syst\u00e8mes \u00e0 utiliser. Cela r\u00e9duira le d\u00e9lai de mise sur le march\u00e9, car les membres de l\u2019\u00e9quipe sauront clairement quoi faire.&#8221;<\/span><\/em><\/p>\n<p style=\"text-align: center\"><b>Patricia<\/b> | Ecobank Zimbabwe<\/p>\n<p>[\/vc_column_text][vc_column_text]<\/p>\n<p style=\"text-align: center\"><span style=\"font-weight: 400\"><em>&#8220;La formation a mis en \u00e9vidence l&#8217;importance du travail d&#8217;\u00e9quipe. Chaque domaine s\u2019int\u00e8gre bien dans la mise en \u0153uvre du mod\u00e8le d\u2019agence bancaire. Cela m&#8217;a fait prendre conscience de la responsabilit\u00e9 partag\u00e9e de toutes les parties impliqu\u00e9es, qu&#8217;il s&#8217;agisse des agents, du personnel bancaire des agents bancaires, de la technologie ou de l&#8217;ANM ou des partenaires agr\u00e9g\u00e9s, du personnel des op\u00e9rations et des unit\u00e9s de contr\u00f4le.&#8221;\u00a0<\/em><\/span><\/p>\n<p style=\"text-align: center\"><b>Effie Gray <\/b>| Ecobank Transnational Inc.<\/p>\n<p>[\/vc_column_text][vc_column_text]<\/p>\n<p style=\"text-align: center\"><em><span style=\"font-weight: 400\">&#8220;Une formation bien structur\u00e9e qui fournit les bases permettant aux IMF d&#8217;identifier et de tirer parti des opportunit\u00e9s li\u00e9es aux SFN. Merci!&#8221;\u00a0<\/span><\/em><\/p>\n<p style=\"text-align: center\"><b>Mauren Devolder<\/b><b> | <\/b>IFC \u2013 Mexique<\/p>\n<p>[\/vc_column_text][vc_column_text]<\/p>\n<p style=\"text-align: center\"><span style=\"font-weight: 400\"><em>&#8220;La formation sur les risques et la fraude dans les services financiers num\u00e9riques est fondamentale pour tout gestionnaire de risques et toute entreprise dont l&#8217;inclusion financi\u00e8re est l&#8217;un de ses objectifs strat\u00e9giques, car elle donne aux participants des moyens pratiques de mettre en \u0153uvre des comp\u00e9tences \u00e0 court et \u00e0 long terme pour se pr\u00e9munir contre les risques dans les services financiers num\u00e9riques.&#8221;<\/em><\/span><\/p>\n<p style=\"text-align: center\"><b>Catherine Ama\u00ef <\/b>| Stanbic \u2013 Ouganda<\/p>\n<p>[\/vc_column_text][vc_column_text]<\/p>\n<p style=\"text-align: center\"><span style=\"font-weight: 400\"><em>&#8220;Les animateurs avaient une connaissance approfondie du cours ; ils ont su apporter des r\u00e9ponses pertinentes aux questions pos\u00e9es. Excellent cours, tr\u00e8s informatif et bien dispens\u00e9 par un corps professoral excellent et comp\u00e9tent dans le domaine du DFS.&#8221;<\/em><\/span><\/p>\n<p style=\"text-align: center\"><b>Ehigiamusoe Lilian <\/b>| Lapo MFB \u2013 Nig\u00e9ria<\/p>\n<p>[\/vc_column_text][vc_column_text]<\/p>\n<p style=\"text-align: center\"><em>&#8220;La formation m&#8217;a permis de mieux comprendre les besoins des clients, la segmentation et la communication marketing. Je suis convaincu qu&#8217;il y aura un changement positif dans l&#8217;utilisation de notre produit DFS \u00e0 l&#8217;avenir.&#8221;\u00a0<\/em><\/p>\n<p style=\"text-align: center\"><strong>Abimbola Agb\u00e9jule<\/strong>\u00a0| Banque Wema \u2013 Nig\u00e9ria<\/p>\n<p>[\/vc_column_text][vc_column_text]<\/p>\n<p style=\"text-align: center\"><em>&#8220;Ce que j&#8217;ai le plus aim\u00e9, c&#8217;est la fa\u00e7on dont les le\u00e7ons \u00e9taient pratiques. Cela a vraiment fait passer le message. Une compr\u00e9hension plus approfondie du parcours client est pour moi un \u00e9l\u00e9ment cl\u00e9 \u00e0 retenir.&#8221;<\/em><\/p>\n<p style=\"text-align: center\"><strong>Fr\u00e9d\u00e9ric Attigah<\/strong> | Tigo Ghana<\/p>\n<p>[\/vc_column_text]<\/div><\/div>\t\t\t<script type=\"text\/javascript\">\n\t\t\t\tjQuery(document).ready(function ($) {\n\t\t\t\t\tif( typeof jQuery('.ult-carousel-150374881169f19ab039911').slick == \"function\"){\n\t\t\t\t\t\t$('.ult-carousel-150374881169f19ab039911').slick({dots: true,autoplay: true,autoplaySpeed: 15000,speed: 1000,infinite: true,arrows: true,nextArrow: '<button type=\"button\" role=\"button\" aria-label=\"Next\" style=\"color:#049eb6; font-size:20px;\" class=\"slick-next default\"><i class=\"ultsl-arrow-right6\"><\/i><\/button>',prevArrow: '<button type=\"button\" role=\"button\" aria-label=\"Previous\" style=\"color:#049eb6; font-size:20px;\" class=\"slick-prev default\"><i class=\"ultsl-arrow-left6\"><\/i><\/button>',slidesToScroll:1,slidesToShow:1,swipe: true,draggable: true,touchMove: true,pauseOnHover: true,pauseOnFocus: false,responsive: [\n\t\t\t\t\t\t\t{\n\t\t\t\t\t\t\t  breakpoint: 1026,\n\t\t\t\t\t\t\t  settings: {\n\t\t\t\t\t\t\t\tslidesToShow: 1,\n\t\t\t\t\t\t\t\tslidesToScroll: 1,  \n\t\t\t\t\t\t\t  }\n\t\t\t\t\t\t\t},\n\t\t\t\t\t\t\t{\n\t\t\t\t\t\t\t  breakpoint: 1025,\n\t\t\t\t\t\t\t  settings: {\n\t\t\t\t\t\t\t\tslidesToShow: 1,\n\t\t\t\t\t\t\t\tslidesToScroll: 1\n\t\t\t\t\t\t\t  }\n\t\t\t\t\t\t\t},\n\t\t\t\t\t\t\t{\n\t\t\t\t\t\t\t  breakpoint: 760,\n\t\t\t\t\t\t\t  settings: {\n\t\t\t\t\t\t\t\tslidesToShow: 1,\n\t\t\t\t\t\t\t\tslidesToScroll: 1\n\t\t\t\t\t\t\t  }\n\t\t\t\t\t\t\t}\n\t\t\t\t\t\t],pauseOnDotsHover: true,customPaging: function(slider, i) {\n                   return '<i type=\"button\" style= \"color:#2b3e79;\" class=\"ultsl-record\" data-role=\"none\"><\/i>';\n                },});\n\t\t\t\t\t}\n\t\t\t\t});\n\t\t\t<\/script>\n\t\t\t[\/vc_column_inner][\/vc_row_inner]<style type=\"text\/css\" data-type=\"the7_shortcodes-inline-css\">#default-btn-0193816c05e2aef68ce420d80b06cefd > i {\n  font-size: 11px;\n}\n#default-btn-0193816c05e2aef68ce420d80b06cefd * {\n  vertical-align: middle;\n}\n<\/style><div class=\"btn-align-center\"><a href=\"https:\/\/www.microsave.net\/institut-helix\/contactez-nous\/\" class=\"default-btn-shortcode dt-btn dt-btn-l  vc_custom_1701846163112\" id=\"default-btn-0193816c05e2aef68ce420d80b06cefd\"><span>Contactez-nous<\/span><\/a><\/div>[vc_row_inner css=&#8221;.vc_custom_1551137930367{margin-top: 50px !important;}&#8221;][vc_column_inner][vc_column_text css=&#8221;.vc_custom_1701847564024{margin-bottom: 5px !important;padding-bottom: 0px !important;}&#8221;]<\/p>\n<h6>Nos autres formations en classe<\/h6>\n<p>[\/vc_column_text]<div class=\"hr-thin style-line hr-left\" style=\"width: 5%;border-color: #049eb5;border-top-width: 4px;\"><\/div>[\/vc_column_inner][\/vc_row_inner][vc_row_inner css=&#8221;.vc_custom_1551137913272{margin-top: 40px !important;}&#8221;][vc_column_inner width=&#8221;1\/4&#8243;][vc_single_image image=&#8221;1163&#8243; img_size=&#8221;full&#8221; alignment=&#8221;center&#8221; style=&#8221;vc_box_rounded&#8221; onclick=&#8221;custom_link&#8221; css_animation=&#8221;fadeIn&#8221; link=&#8221;https:\/\/www.microsave.net\/institut-helix\/nos-formations\/concevoir-et-implementer-un-reseau-dagents\/&#8221;][\/vc_column_inner][vc_column_inner width=&#8221;1\/4&#8243;][vc_single_image image=&#8221;1164&#8243; img_size=&#8221;full&#8221; alignment=&#8221;center&#8221; style=&#8221;vc_box_rounded&#8221; onclick=&#8221;custom_link&#8221; css_animation=&#8221;fadeIn&#8221; link=&#8221;https:\/\/www.microsave.net\/institut-helix\/nos-formations\/gerer-les-risques-et-prevenir-de-la-fraude-en-finance-digitale\/&#8221;][\/vc_column_inner][vc_column_inner width=&#8221;1\/4&#8243;][vc_single_image image=&#8221;1165&#8243; img_size=&#8221;full&#8221; alignment=&#8221;center&#8221; style=&#8221;vc_box_rounded&#8221; onclick=&#8221;custom_link&#8221; css_animation=&#8221;fadeIn&#8221; link=&#8221;https:\/\/www.microsave.net\/institut-helix\/nos-formations\/reussir-sa-transformation-digitale\/&#8221;][\/vc_column_inner][vc_column_inner width=&#8221;1\/4&#8243;][vc_single_image image=&#8221;1166&#8243; img_size=&#8221;full&#8221; alignment=&#8221;center&#8221; style=&#8221;vc_box_rounded&#8221; onclick=&#8221;custom_link&#8221; css_animation=&#8221;fadeIn&#8221; link=&#8221;https:\/\/www.microsave.net\/institut-helix\/nos-formations\/gerer-la-croissance-dun-reseau-dagents\/&#8221;][\/vc_column_inner][\/vc_row_inner][vc_row_inner el_class=&#8221;courses-box&#8221;][vc_column_inner width=&#8221;1\/4&#8243;][vc_single_image image=&#8221;1168&#8243; img_size=&#8221;full&#8221; alignment=&#8221;center&#8221; style=&#8221;vc_box_rounded&#8221; onclick=&#8221;custom_link&#8221; css_animation=&#8221;fadeIn&#8221; link=&#8221;https:\/\/www.microsave.net\/institut-helix\/nos-formations\/se-lancer-dans-le-credit-digital\/&#8221;][\/vc_column_inner][vc_column_inner width=&#8221;1\/4&#8243;][vc_single_image image=&#8221;1169&#8243; img_size=&#8221;full&#8221; alignment=&#8221;center&#8221; style=&#8221;vc_box_rounded&#8221; onclick=&#8221;custom_link&#8221; css_animation=&#8221;fadeIn&#8221; link=&#8221;https:\/\/www.microsave.net\/institut-helix\/nos-formations\/concevoir-et-commercialiser-les-services-financiers-digitaux-2\/&#8221;][\/vc_column_inner][vc_column_inner width=&#8221;1\/4&#8243;][vc_single_image image=&#8221;1170&#8243; img_size=&#8221;full&#8221; alignment=&#8221;center&#8221; style=&#8221;vc_box_rounded&#8221; onclick=&#8221;custom_link&#8221; css_animation=&#8221;fadeIn&#8221; link=&#8221;https:\/\/www.microsave.net\/institut-helix\/nos-formations\/se-lancer-dans-la-finance-digitale\/&#8221;][\/vc_column_inner][vc_column_inner width=&#8221;1\/4&#8243;][vc_single_image image=&#8221;1172&#8243; img_size=&#8221;full&#8221; alignment=&#8221;center&#8221; style=&#8221;vc_box_rounded&#8221; onclick=&#8221;custom_link&#8221; css_animation=&#8221;fadeIn&#8221; link=&#8221;https:\/\/www.microsave.net\/institut-helix\/building-msmes&#8221;][\/vc_column_inner][\/vc_row_inner][vc_row_inner el_class=&#8221;courses-box&#8221;][vc_column_inner width=&#8221;1\/4&#8243;][vc_single_image image=&#8221;1173&#8243; img_size=&#8221;full&#8221; alignment=&#8221;center&#8221; style=&#8221;vc_box_rounded&#8221; onclick=&#8221;custom_link&#8221; css_animation=&#8221;fadeIn&#8221; link=&#8221;https:\/\/www.microsave.net\/institut-helix\/climate-finance-101&#8243;][\/vc_column_inner][vc_column_inner width=&#8221;1\/4&#8243;][vc_single_image image=&#8221;1174&#8243; img_size=&#8221;full&#8221; alignment=&#8221;center&#8221; style=&#8221;vc_box_rounded&#8221; onclick=&#8221;custom_link&#8221; css_animation=&#8221;fadeIn&#8221; link=&#8221;https:\/\/www.microsave.net\/institut-helix\/building-state-capacity&#8221;][\/vc_column_inner][vc_column_inner width=&#8221;1\/4&#8243;][\/vc_column_inner][vc_column_inner width=&#8221;1\/4&#8243;][\/vc_column_inner][\/vc_row_inner][\/vc_column][\/vc_row][vc_row][vc_column][\/vc_column][\/vc_row][vc_row][vc_column][\/vc_column][\/vc_row]<\/p>\n","protected":false},"excerpt":{"rendered":"<p>[vc_row type=&#8221;vc_default&#8221; gap=&#8221;30&#8243; css=&#8221;.vc_custom_1553014519469{margin-top: -50px !important;}&#8221;][vc_column el_class=&#8221;dark-mode-inner-courses&#8221;][vc_row_inner gap=&#8221;35&#8243; css=&#8221;.vc_custom_1553014471337{margin-top: 0px !important;}&#8221;][vc_column_inner][vc_column_text css=&#8221;.vc_custom_1701846085232{margin-top: 30px !important;margin-bottom: 5px !important;padding-bottom: 0px !important;}&#8221;] Pr\u00e9sentation en vid\u00e9o [\/vc_column_text][vc_video link=&#8221;https:\/\/youtu.be\/mgT0bdTDec0&#8243; css=&#8221;.vc_custom_1701846094135{margin-top: 30px !important;}&#8221;][vc_column_text css=&#8221;.vc_custom_1701777029616{margin-top: 30px !important;margin-bottom: 5px !important;padding-bottom: 0px !important;}&#8221;] Aper\u00e7u de la formation [\/vc_column_text][vc_column_text css=&#8221;.vc_custom_1701777042514{margin-top: 10px !important;}&#8221;]Les petits pr\u00eats octroy\u00e9s rapidement par le biais de canaux num\u00e9riques sont en hausse en&hellip;<\/p>\n","protected":false},"author":4,"featured_media":0,"parent":762,"menu_order":0,"comment_status":"closed","ping_status":"closed","template":"","meta":{"_acf_changed":false},"acf":[],"_links":{"self":[{"href":"https:\/\/www.microsave.net\/institut-helix\/wp-json\/wp\/v2\/pages\/1218"}],"collection":[{"href":"https:\/\/www.microsave.net\/institut-helix\/wp-json\/wp\/v2\/pages"}],"about":[{"href":"https:\/\/www.microsave.net\/institut-helix\/wp-json\/wp\/v2\/types\/page"}],"author":[{"embeddable":true,"href":"https:\/\/www.microsave.net\/institut-helix\/wp-json\/wp\/v2\/users\/4"}],"replies":[{"embeddable":true,"href":"https:\/\/www.microsave.net\/institut-helix\/wp-json\/wp\/v2\/comments?post=1218"}],"version-history":[{"count":10,"href":"https:\/\/www.microsave.net\/institut-helix\/wp-json\/wp\/v2\/pages\/1218\/revisions"}],"predecessor-version":[{"id":1520,"href":"https:\/\/www.microsave.net\/institut-helix\/wp-json\/wp\/v2\/pages\/1218\/revisions\/1520"}],"up":[{"embeddable":true,"href":"https:\/\/www.microsave.net\/institut-helix\/wp-json\/wp\/v2\/pages\/762"}],"wp:attachment":[{"href":"https:\/\/www.microsave.net\/institut-helix\/wp-json\/wp\/v2\/media?parent=1218"}],"curies":[{"name":"wp","href":"https:\/\/api.w.org\/{rel}","templated":true}]}}