{"id":1220,"date":"2023-12-05T15:24:08","date_gmt":"2023-12-05T12:24:08","guid":{"rendered":"https:\/\/www.microsave.net\/institut-helix\/?page_id=1220"},"modified":"2025-09-12T10:19:42","modified_gmt":"2025-09-12T07:19:42","slug":"concevoir-et-implementer-un-reseau-dagents","status":"publish","type":"page","link":"https:\/\/www.microsave.net\/institut-helix\/nos-formations\/concevoir-et-implementer-un-reseau-dagents\/","title":{"rendered":"Agent Banking: Getting Strategy and Operations Right-duplicate-1"},"content":{"rendered":"<p>[vc_row type=&#8221;vc_default&#8221; gap=&#8221;30&#8243; css=&#8221;.vc_custom_1553014519469{margin-top: -50px !important;}&#8221;][vc_column el_class=&#8221;dark-mode-inner-courses&#8221;][vc_row_inner gap=&#8221;35&#8243; css=&#8221;.vc_custom_1553014471337{margin-top: 0px !important;}&#8221;][vc_column_inner][vc_column_text css=&#8221;.vc_custom_1701846737936{margin-top: 30px !important;margin-bottom: 5px !important;padding-bottom: 0px !important;}&#8221;]<\/p>\n<h6>Pr\u00e9sentation en vid\u00e9o<\/h6>\n<p>[\/vc_column_text]<div class=\"hr-thin style-line hr-left\" style=\"width: 5%;border-color: #049eb5;border-top-width: 4px;\"><\/div>[vc_video link=&#8221;https:\/\/youtu.be\/R3pMaGmsbaw&#8221; css=&#8221;.vc_custom_1701846744839{margin-top: 30px !important;}&#8221;][vc_column_text css=&#8221;.vc_custom_1701777545217{margin-top: 30px !important;margin-bottom: 5px !important;padding-bottom: 0px !important;}&#8221;]<\/p>\n<h6><img loading=\"lazy\" decoding=\"async\" class=\"alignleft wp-image-619\" src=\"https:\/\/www.microsave.net\/institut-helix\/wp-content\/uploads\/2019\/02\/aper\u00e7u-300x300.png\" alt=\"\" width=\"40\" height=\"40\" \/>Aper\u00e7u de la formation<\/h6>\n<p>[\/vc_column_text][vc_column_text css=&#8221;.vc_custom_1701781364734{margin-top: 10px !important;}&#8221;]La gestion de r\u00e9seau des agents est l\u2019un des grands d\u00e9fis pour le d\u00e9ploiement des services financiers digitaux ainsi que pour les d\u00e9ploiements de service d\u2019agency banking. En effet, un r\u00e9seau d\u2019agent robuste et fiable est le fondement n\u00e9cessaire de tout d\u00e9ploiement r\u00e9ussi de services financiers digitaux. Cette formation \u00e9quipe les leaders de l\u2019industrie des strat\u00e9gies efficaces et les dote des meilleurs outils pour cr\u00e9er, g\u00e9rer et d\u00e9velopper les r\u00e9seaux d\u2019agents sur une large g\u00e9ographie.[\/vc_column_text][vc_column_text css=&#8221;.vc_custom_1701777572585{margin-top: 30px !important;margin-bottom: 5px !important;padding-bottom: 0px !important;}&#8221;]<\/p>\n<h6><img loading=\"lazy\" decoding=\"async\" class=\"alignleft wp-image-630\" src=\"https:\/\/www.microsave.net\/institut-helix\/wp-content\/uploads\/2019\/02\/interet-300x300.png\" alt=\"\" width=\"40\" height=\"40\" \/>Int\u00e9r\u00eat<\/h6>\n<p>[\/vc_column_text][vc_column_text css=&#8221;.vc_custom_1701781378199{margin-top: 10px !important;}&#8221;]La formation s\u2019est construite sur une quasi d\u00e9cennie de travail par MicroSave et l\u2019Institut Helix qui publie des \u00e9tudes et formule des recommandations aux plus grands gestionnaires de r\u00e9seaux d\u2019agents de services financiers digitaux dans le monde. En suivant cette formation, les acteurs conna\u00eetront les bonnes pratiques de gestion d\u2019un r\u00e9seau d\u2019agents qu\u2019ils pourront employer imm\u00e9diatement dans leurs organisations.[\/vc_column_text][vc_column_text css=&#8221;.vc_custom_1701777597560{margin-top: 30px !important;margin-bottom: 5px !important;padding-bottom: 0px !important;}&#8221;]<\/p>\n<h6><img loading=\"lazy\" decoding=\"async\" class=\"alignleft wp-image-622\" src=\"https:\/\/www.microsave.net\/institut-helix\/wp-content\/uploads\/2019\/02\/cible-300x300.png\" alt=\"\" width=\"40\" height=\"40\" \/>Public cible<\/h6>\n<p>[\/vc_column_text][vc_empty_space height=&#8221;10px&#8221;][vc_column_text]<img loading=\"lazy\" decoding=\"async\" class=\"alignleft wp-image-696\" src=\"https:\/\/www.microsave.net\/institut-helix\/wp-content\/uploads\/2019\/03\/bullet-300x300.png\" alt=\"\" width=\"20\" height=\"20\" \/><\/p>\n<p>Responsables des ope\u0301rations ou de l\u2019exploitation<\/p>\n<p><img loading=\"lazy\" decoding=\"async\" class=\"alignleft wp-image-696\" src=\"https:\/\/www.microsave.net\/institut-helix\/wp-content\/uploads\/2019\/03\/bullet-300x300.png\" alt=\"\" width=\"20\" height=\"20\" \/><\/p>\n<p>Responsables distribution<\/p>\n<p><img loading=\"lazy\" decoding=\"async\" class=\"alignleft wp-image-696\" src=\"https:\/\/www.microsave.net\/institut-helix\/wp-content\/uploads\/2019\/03\/bullet-300x300.png\" alt=\"\" width=\"20\" height=\"20\" \/><\/p>\n<p>Responsables financiers<\/p>\n<p><img loading=\"lazy\" decoding=\"async\" class=\"alignleft wp-image-696\" src=\"https:\/\/www.microsave.net\/institut-helix\/wp-content\/uploads\/2019\/03\/bullet-300x300.png\" alt=\"\" width=\"20\" height=\"20\" \/><\/p>\n<p>Responsables partenariats<\/p>\n<p><img loading=\"lazy\" decoding=\"async\" class=\"alignleft wp-image-696\" src=\"https:\/\/www.microsave.net\/institut-helix\/wp-content\/uploads\/2019\/03\/bullet-300x300.png\" alt=\"\" width=\"20\" height=\"20\" \/><\/p>\n<p>Consultants[\/vc_column_text][\/vc_column_inner][\/vc_row_inner][vc_column_text css=&#8221;.vc_custom_1701777666247{margin-bottom: 5px !important;padding-bottom: 0px !important;}&#8221;]<\/p>\n<h6><img loading=\"lazy\" decoding=\"async\" class=\"alignleft wp-image-627\" src=\"https:\/\/www.microsave.net\/institut-helix\/wp-content\/uploads\/2019\/02\/contenu.png\" alt=\"\" width=\"40\" height=\"40\" \/>Contenu de la formation<\/h6>\n<p>[\/vc_column_text][vc_empty_space height=&#8221;15px&#8221;][vc_column_text]<img loading=\"lazy\" decoding=\"async\" class=\"alignleft wp-image-696\" src=\"https:\/\/www.microsave.net\/institut-helix\/wp-content\/uploads\/2019\/03\/bullet-300x300.png\" alt=\"\" width=\"20\" height=\"20\" \/><\/p>\n<p>Introduction aux services financiers digitaux<\/p>\n<p><img loading=\"lazy\" decoding=\"async\" class=\"alignleft wp-image-696\" src=\"https:\/\/www.microsave.net\/institut-helix\/wp-content\/uploads\/2019\/03\/bullet-300x300.png\" alt=\"\" width=\"20\" height=\"20\" \/><\/p>\n<p>Strat\u00e9gie de lancement d\u2019un r\u00e9seau d\u2019agents<\/p>\n<p><img loading=\"lazy\" decoding=\"async\" class=\"alignleft wp-image-696\" src=\"https:\/\/www.microsave.net\/institut-helix\/wp-content\/uploads\/2019\/03\/bullet-300x300.png\" alt=\"\" width=\"20\" height=\"20\" \/><\/p>\n<p>Enseignement du march\u00e9<\/p>\n<p><img loading=\"lazy\" decoding=\"async\" class=\"alignleft wp-image-696\" src=\"https:\/\/www.microsave.net\/institut-helix\/wp-content\/uploads\/2019\/03\/bullet-300x300.png\" alt=\"\" width=\"20\" height=\"20\" \/><\/p>\n<p>Elaboration des produits<\/p>\n<p><img loading=\"lazy\" decoding=\"async\" class=\"alignleft wp-image-696\" src=\"https:\/\/www.microsave.net\/institut-helix\/wp-content\/uploads\/2019\/03\/bullet-300x300.png\" alt=\"\" width=\"20\" height=\"20\" \/><\/p>\n<p>Recrutement des agents<\/p>\n<p><img loading=\"lazy\" decoding=\"async\" class=\"alignleft wp-image-696\" src=\"https:\/\/www.microsave.net\/institut-helix\/wp-content\/uploads\/2019\/03\/bullet-300x300.png\" alt=\"\" width=\"20\" height=\"20\" \/><\/p>\n<p>Formation des agents<\/p>\n<p><img loading=\"lazy\" decoding=\"async\" class=\"alignleft wp-image-696\" src=\"https:\/\/www.microsave.net\/institut-helix\/wp-content\/uploads\/2019\/03\/bullet-300x300.png\" alt=\"\" width=\"20\" height=\"20\" \/><\/p>\n<p>R\u00e9mun\u00e9ration des agents<\/p>\n<p><img loading=\"lazy\" decoding=\"async\" class=\"alignleft wp-image-696\" src=\"https:\/\/www.microsave.net\/institut-helix\/wp-content\/uploads\/2019\/03\/bullet-300x300.png\" alt=\"\" width=\"20\" height=\"20\" \/><\/p>\n<p>Gestion de la liquidit\u00e9 des agents<\/p>\n<p><img loading=\"lazy\" decoding=\"async\" class=\"alignleft wp-image-696\" src=\"https:\/\/www.microsave.net\/institut-helix\/wp-content\/uploads\/2019\/03\/bullet-300x300.png\" alt=\"\" width=\"20\" height=\"20\" \/><\/p>\n<p>Introduction \u00e0 la gestion des risques et \u00e0 la pr\u00e9vention de la fraude<\/p>\n<p><img loading=\"lazy\" decoding=\"async\" class=\"alignleft wp-image-696\" src=\"https:\/\/www.microsave.net\/institut-helix\/wp-content\/uploads\/2019\/03\/bullet-300x300.png\" alt=\"\" width=\"20\" height=\"20\" \/><\/p>\n<p>Partenariats et technologie pour la mise en oeuvre[\/vc_column_text][vc_column_text css=&#8221;.vc_custom_1757661575879{margin-top: 25px !important;margin-bottom: 5px !important;padding-bottom: 0px !important;}&#8221;]<\/p>\n<h6><img loading=\"lazy\" decoding=\"async\" class=\"wp-image-36 alignleft\" src=\"https:\/\/www.microsave.net\/institut-helix\/wp-content\/uploads\/2019\/03\/temoignage-300x300.png\" alt=\"\" width=\"40\" height=\"40\" srcset=\"https:\/\/www.microsave.net\/institut-helix\/wp-content\/uploads\/2019\/03\/temoignage-300x300.png 300w, https:\/\/www.microsave.net\/institut-helix\/wp-content\/uploads\/2019\/03\/temoignage-150x150.png 150w, https:\/\/www.microsave.net\/institut-helix\/wp-content\/uploads\/2019\/03\/temoignage.png 337w\" sizes=\"(max-width: 40px) 100vw, 40px\" \/>T\u00e9moignage<\/h6>\n<p>[\/vc_column_text][vc_row_inner css=&#8221;.vc_custom_1757661580751{margin-top: 30px !important;}&#8221;][vc_column_inner]<div id=\"ult-carousel-67022033069ee53e814493\" class=\"ult-carousel-wrapper   ult_horizontal\" data-gutter=\"15\" data-rtl=\"false\" ><div class=\"ult-carousel-34078477469ee53e81431e \" >[vc_column_text]<\/p>\n<p style=\"text-align: center\"><em>&#8220;La formation a \u00e9t\u00e9 enrichissante, notamment en ce qui concerne les discussions de groupe et de panel, qui ont apport\u00e9 de nouvelles id\u00e9es et points de vue qui n&#8217;\u00e9taient pas pris en compte auparavant. Le minist\u00e8re s&#8217;est auparavant concentr\u00e9 sur les risques de fraude sans prendre en compte l&#8217;\u00e9tendue plus large des risques auxquels le secteur est confront\u00e9 et les interd\u00e9pendances potentielles. &#8220;Qui donne \u00e0 r\u00e9fl\u00e9chir.&#8221;<\/em><\/p>\n<p style=\"text-align: center\"><b>John Kamanyire |\u00a0 <\/b>MTN &#8211; Ouganda<\/p>\n<p>[\/vc_column_text][vc_column_text]<\/p>\n<p style=\"text-align: center\"><em><span style=\"font-weight: 400\">&#8220;Les animateurs avaient une connaissance approfondie du cours; ils ont su apporter des r\u00e9ponses pertinentes aux questions pos\u00e9es. Excellent cours, tr\u00e8s informatif et bien dispens\u00e9 par un corps professoral excellent et comp\u00e9tent dans le domaine des DFS.&#8221; <\/span><\/em><\/p>\n<p style=\"text-align: center\"><b>Ehigiamusoe Lilian <\/b>| Lapo MFB \u2013 Nigeria<\/p>\n<p>[\/vc_column_text][vc_column_text]<\/p>\n<p style=\"text-align: center\"><span style=\"font-weight: 400\">\u00a0<em>&#8220;Le cours m&#8217;a permis de comprendre l&#8217;environnement autour de la fraude dans les services financiers num\u00e9riques et est dispens\u00e9 de mani\u00e8re tr\u00e8s pratique. Il aborde le probl\u00e8me du point de vue du fournisseur sans s\u00e9parer les ORM et les banques. Il a clarifi\u00e9 ce qu&#8217;une organisation doit mettre en place pour pr\u00e9venir, d\u00e9tecter et att\u00e9nuer les risques et la fraude dans les services financiers num\u00e9riques.&#8221; \u00a0<\/em><\/span><\/p>\n<p style=\"text-align: center\"><b>Vladislav Nimerenco <\/b>| NCELL \u2013 N\u00e9pal<\/p>\n<p>[\/vc_column_text]<\/div><\/div>\t\t\t<script type=\"text\/javascript\">\n\t\t\t\tjQuery(document).ready(function ($) {\n\t\t\t\t\tif( typeof jQuery('.ult-carousel-34078477469ee53e81431e').slick == \"function\"){\n\t\t\t\t\t\t$('.ult-carousel-34078477469ee53e81431e').slick({dots: true,autoplay: true,autoplaySpeed: 15000,speed: 1000,infinite: true,arrows: true,nextArrow: '<button type=\"button\" role=\"button\" aria-label=\"Next\" style=\"color:#049eb6; font-size:20px;\" class=\"slick-next default\"><i class=\"ultsl-arrow-right6\"><\/i><\/button>',prevArrow: '<button type=\"button\" role=\"button\" aria-label=\"Previous\" style=\"color:#049eb6; font-size:20px;\" class=\"slick-prev default\"><i class=\"ultsl-arrow-left6\"><\/i><\/button>',slidesToScroll:1,slidesToShow:1,swipe: true,draggable: true,touchMove: true,pauseOnHover: true,pauseOnFocus: false,responsive: [\n\t\t\t\t\t\t\t{\n\t\t\t\t\t\t\t  breakpoint: 1026,\n\t\t\t\t\t\t\t  settings: {\n\t\t\t\t\t\t\t\tslidesToShow: 1,\n\t\t\t\t\t\t\t\tslidesToScroll: 1,  \n\t\t\t\t\t\t\t  }\n\t\t\t\t\t\t\t},\n\t\t\t\t\t\t\t{\n\t\t\t\t\t\t\t  breakpoint: 1025,\n\t\t\t\t\t\t\t  settings: {\n\t\t\t\t\t\t\t\tslidesToShow: 1,\n\t\t\t\t\t\t\t\tslidesToScroll: 1\n\t\t\t\t\t\t\t  }\n\t\t\t\t\t\t\t},\n\t\t\t\t\t\t\t{\n\t\t\t\t\t\t\t  breakpoint: 760,\n\t\t\t\t\t\t\t  settings: {\n\t\t\t\t\t\t\t\tslidesToShow: 1,\n\t\t\t\t\t\t\t\tslidesToScroll: 1\n\t\t\t\t\t\t\t  }\n\t\t\t\t\t\t\t}\n\t\t\t\t\t\t],pauseOnDotsHover: true,customPaging: function(slider, i) {\n                   return '<i type=\"button\" style= \"color:#2b3e79;\" class=\"ultsl-record\" data-role=\"none\"><\/i>';\n                },});\n\t\t\t\t\t}\n\t\t\t\t});\n\t\t\t<\/script>\n\t\t\t<style type=\"text\/css\" data-type=\"the7_shortcodes-inline-css\">#default-btn-b878a6b36fd9fcfa45fcdfe722d12399 > i {\n  font-size: 11px;\n}\n#default-btn-b878a6b36fd9fcfa45fcdfe722d12399 * {\n  vertical-align: middle;\n}\n<\/style><div class=\"btn-align-center\"><a href=\"https:\/\/www.microsave.net\/institut-helix\/contactez-nous\/\" class=\"default-btn-shortcode dt-btn dt-btn-l \" id=\"default-btn-b878a6b36fd9fcfa45fcdfe722d12399\"><span>Contactez-nous<\/span><\/a><\/div>[\/vc_column_inner][\/vc_row_inner][vc_row_inner css=&#8221;.vc_custom_1701840578619{margin-top: 50px !important;}&#8221;][vc_column_inner][vc_column_text css=&#8221;.vc_custom_1701847186824{margin-bottom: 5px !important;}&#8221;]<\/p>\n<h6>Nos autres formations en classe<\/h6>\n<p>[\/vc_column_text]<div class=\"hr-thin style-line hr-left\" style=\"width: 5%;border-color: #049eb5;border-top-width: 4px;\"><\/div>[\/vc_column_inner][\/vc_row_inner][\/vc_column][\/vc_row][vc_row][vc_column el_class=&#8221;courses-box&#8221;][vc_row_inner css=&#8221;.vc_custom_1553026503973{margin-top: 40px !important;}&#8221;][vc_column_inner width=&#8221;1\/4&#8243;][vc_single_image image=&#8221;1163&#8243; img_size=&#8221;full&#8221; alignment=&#8221;center&#8221; style=&#8221;vc_box_rounded&#8221; onclick=&#8221;custom_link&#8221; css_animation=&#8221;fadeIn&#8221; link=&#8221;https:\/\/www.microsave.net\/institut-helix\/nos-formations\/concevoir-et-implementer-un-reseau-dagents\/&#8221;][\/vc_column_inner][vc_column_inner width=&#8221;1\/4&#8243;][vc_single_image image=&#8221;1164&#8243; img_size=&#8221;full&#8221; alignment=&#8221;center&#8221; style=&#8221;vc_box_rounded&#8221; onclick=&#8221;custom_link&#8221; css_animation=&#8221;fadeIn&#8221; link=&#8221;https:\/\/www.microsave.net\/institut-helix\/nos-formations\/gerer-les-risques-et-prevenir-de-la-fraude-en-finance-digitale\/&#8221;][\/vc_column_inner][vc_column_inner width=&#8221;1\/4&#8243;][vc_single_image image=&#8221;1165&#8243; img_size=&#8221;full&#8221; alignment=&#8221;center&#8221; style=&#8221;vc_box_rounded&#8221; onclick=&#8221;custom_link&#8221; css_animation=&#8221;fadeIn&#8221; link=&#8221;https:\/\/www.microsave.net\/institut-helix\/nos-formations\/reussir-sa-transformation-digitale\/&#8221;][\/vc_column_inner][vc_column_inner width=&#8221;1\/4&#8243;][vc_single_image image=&#8221;1166&#8243; img_size=&#8221;full&#8221; alignment=&#8221;center&#8221; style=&#8221;vc_box_rounded&#8221; onclick=&#8221;custom_link&#8221; css_animation=&#8221;fadeIn&#8221; link=&#8221;https:\/\/www.microsave.net\/institut-helix\/nos-formations\/gerer-la-croissance-dun-reseau-dagents\/&#8221;][\/vc_column_inner][\/vc_row_inner][vc_row_inner][vc_column_inner width=&#8221;1\/4&#8243;][vc_single_image image=&#8221;1168&#8243; img_size=&#8221;full&#8221; alignment=&#8221;center&#8221; style=&#8221;vc_box_rounded&#8221; onclick=&#8221;custom_link&#8221; css_animation=&#8221;fadeIn&#8221; link=&#8221;https:\/\/www.microsave.net\/institut-helix\/nos-formations\/se-lancer-dans-le-credit-digital\/&#8221;][\/vc_column_inner][vc_column_inner width=&#8221;1\/4&#8243;][vc_single_image image=&#8221;1169&#8243; img_size=&#8221;full&#8221; alignment=&#8221;center&#8221; style=&#8221;vc_box_rounded&#8221; onclick=&#8221;custom_link&#8221; css_animation=&#8221;fadeIn&#8221; link=&#8221;https:\/\/www.microsave.net\/institut-helix\/nos-formations\/concevoir-et-commercialiser-les-services-financiers-digitaux-2\/&#8221;][\/vc_column_inner][vc_column_inner width=&#8221;1\/4&#8243;][vc_single_image image=&#8221;1170&#8243; img_size=&#8221;full&#8221; alignment=&#8221;center&#8221; style=&#8221;vc_box_rounded&#8221; onclick=&#8221;custom_link&#8221; css_animation=&#8221;fadeIn&#8221; link=&#8221;https:\/\/www.microsave.net\/institut-helix\/nos-formations\/se-lancer-dans-la-finance-digitale\/&#8221;][\/vc_column_inner][vc_column_inner width=&#8221;1\/4&#8243;][vc_single_image image=&#8221;1172&#8243; img_size=&#8221;full&#8221; alignment=&#8221;center&#8221; style=&#8221;vc_box_rounded&#8221; onclick=&#8221;custom_link&#8221; css_animation=&#8221;fadeIn&#8221; link=&#8221;https:\/\/www.microsave.net\/institut-helix\/building-msmes&#8221;][\/vc_column_inner][\/vc_row_inner][vc_row_inner el_class=&#8221;courses-box&#8221;][vc_column_inner width=&#8221;1\/4&#8243;][vc_single_image image=&#8221;1173&#8243; img_size=&#8221;full&#8221; alignment=&#8221;center&#8221; style=&#8221;vc_box_rounded&#8221; onclick=&#8221;custom_link&#8221; css_animation=&#8221;fadeIn&#8221; link=&#8221;https:\/\/www.microsave.net\/institut-helix\/climate-finance-101&#8243;][\/vc_column_inner][vc_column_inner width=&#8221;1\/4&#8243;][vc_single_image image=&#8221;1174&#8243; img_size=&#8221;full&#8221; alignment=&#8221;center&#8221; style=&#8221;vc_box_rounded&#8221; onclick=&#8221;custom_link&#8221; css_animation=&#8221;fadeIn&#8221; link=&#8221;https:\/\/www.microsave.net\/institut-helix\/building-state-capacity&#8221;][\/vc_column_inner][vc_column_inner width=&#8221;1\/4&#8243;][\/vc_column_inner][vc_column_inner width=&#8221;1\/4&#8243;][\/vc_column_inner][\/vc_row_inner][\/vc_column][\/vc_row]<\/p>\n","protected":false},"excerpt":{"rendered":"<p>[vc_row type=&#8221;vc_default&#8221; gap=&#8221;30&#8243; css=&#8221;.vc_custom_1553014519469{margin-top: -50px !important;}&#8221;][vc_column el_class=&#8221;dark-mode-inner-courses&#8221;][vc_row_inner gap=&#8221;35&#8243; css=&#8221;.vc_custom_1553014471337{margin-top: 0px !important;}&#8221;][vc_column_inner][vc_column_text css=&#8221;.vc_custom_1701846737936{margin-top: 30px !important;margin-bottom: 5px !important;padding-bottom: 0px !important;}&#8221;] Pr\u00e9sentation en vid\u00e9o [\/vc_column_text][vc_video link=&#8221;https:\/\/youtu.be\/R3pMaGmsbaw&#8221; css=&#8221;.vc_custom_1701846744839{margin-top: 30px !important;}&#8221;][vc_column_text css=&#8221;.vc_custom_1701777545217{margin-top: 30px !important;margin-bottom: 5px !important;padding-bottom: 0px !important;}&#8221;] Aper\u00e7u de la formation [\/vc_column_text][vc_column_text css=&#8221;.vc_custom_1701781364734{margin-top: 10px !important;}&#8221;]La gestion de r\u00e9seau des agents est l\u2019un des grands d\u00e9fis pour le d\u00e9ploiement des&hellip;<\/p>\n","protected":false},"author":4,"featured_media":0,"parent":762,"menu_order":0,"comment_status":"closed","ping_status":"closed","template":"","meta":{"_acf_changed":false},"acf":[],"_links":{"self":[{"href":"https:\/\/www.microsave.net\/institut-helix\/wp-json\/wp\/v2\/pages\/1220"}],"collection":[{"href":"https:\/\/www.microsave.net\/institut-helix\/wp-json\/wp\/v2\/pages"}],"about":[{"href":"https:\/\/www.microsave.net\/institut-helix\/wp-json\/wp\/v2\/types\/page"}],"author":[{"embeddable":true,"href":"https:\/\/www.microsave.net\/institut-helix\/wp-json\/wp\/v2\/users\/4"}],"replies":[{"embeddable":true,"href":"https:\/\/www.microsave.net\/institut-helix\/wp-json\/wp\/v2\/comments?post=1220"}],"version-history":[{"count":10,"href":"https:\/\/www.microsave.net\/institut-helix\/wp-json\/wp\/v2\/pages\/1220\/revisions"}],"predecessor-version":[{"id":1516,"href":"https:\/\/www.microsave.net\/institut-helix\/wp-json\/wp\/v2\/pages\/1220\/revisions\/1516"}],"up":[{"embeddable":true,"href":"https:\/\/www.microsave.net\/institut-helix\/wp-json\/wp\/v2\/pages\/762"}],"wp:attachment":[{"href":"https:\/\/www.microsave.net\/institut-helix\/wp-json\/wp\/v2\/media?parent=1220"}],"curies":[{"name":"wp","href":"https:\/\/api.w.org\/{rel}","templated":true}]}}