{"id":310,"date":"2019-03-20T00:35:15","date_gmt":"2019-03-19T21:35:15","guid":{"rendered":"https:\/\/www.microsave.net\/institut-helix\/?page_id=310"},"modified":"2025-10-09T12:15:42","modified_gmt":"2025-10-09T09:15:42","slug":"plan-du-site","status":"publish","type":"page","link":"https:\/\/www.microsave.net\/institut-helix\/plan-du-site\/","title":{"rendered":"Sitemap"},"content":{"rendered":"<p>[vc_row el_class=&#8221;sitemap-section&#8221;][vc_column width=&#8221;1\/2&#8243;][vc_column_text]<strong><a href=\"https:\/\/www.microsave.net\/institut-helix\/qui-sommes-nous\/\">Qui Sommes nous ?<\/a><\/strong>[\/vc_column_text][vc_column_text]<strong>Notre formation<\/strong>[\/vc_column_text][vc_column_text]&gt; <a href=\"https:\/\/www.microsave.net\/institut-helix\/nos-formations\/\">Nos formations<\/a>[\/vc_column_text][vc_column_text css=&#8221;.vc_custom_1752837783971{margin-top: 0px !important;}&#8221;]&gt;&gt; <a href=\"https:\/\/www.microsave.net\/institut-helix\/nos-formations\/concevoir-et-implementer-un-reseau-dagents\/\">Concevoir et impl\u00e9menter un r\u00e9seau d\u2019agents<\/a><\/p>\n<p>&gt;&gt; <a href=\"https:\/\/www.microsave.net\/institut-helix\/nos-formations\/gerer-les-risques-et-prevenir-de-la-fraude-en-finance-digitale\/\">G\u00e9rer les risques et pr\u00e9venir de la fraude en finance digitale<\/a><\/p>\n<p>&gt;&gt; <a href=\"https:\/\/www.microsave.net\/institut-helix\/gerer-la-croissance-dun-reseau-dagents\/\">G\u00e9rer la croissance d\u2019un r\u00e9seau d\u2019agents<\/a><\/p>\n<p>&gt;&gt; <a href=\"https:\/\/www.microsave.net\/institut-helix\/nos-formations\/reussir-sa-transformation-digitale\/\">R\u00e9ussir sa transformation digitale<\/a><\/p>\n<p>&gt;&gt; <a href=\"https:\/\/www.microsave.net\/institut-helix\/nos-formations\/se-lancer-dans-le-credit-digital\/\">Se lancer dans le cr\u00e9dit digital<\/a><\/p>\n<p>&gt;&gt; <a href=\"https:\/\/www.microsave.net\/institut-helix\/nos-formations\/concevoir-et-commercialiser-les-services-financiers-digitaux-2\/\">Concevoir et commercialiser les services financiers digitaux<\/a><\/p>\n<p>&gt;&gt; <a href=\"https:\/\/www.microsave.net\/institut-helix\/nos-formations\/se-lancer-dans-la-finance-digitale\/\">Se lancer dans la finance digitale<\/a>[\/vc_column_text][\/vc_column][vc_column width=&#8221;1\/2&#8243;][vc_column_text]<strong><a href=\"https:\/\/www.microsave.net\/institut-helix\/plan-du-site\/\">Confidentialit\u00e9<\/a><\/strong><\/p>\n<p><strong><a href=\"https:\/\/www.microsave.net\/institut-helix\/conditions-dutilisation\/\">Conditions d\u2019utilisation<\/a><\/strong><\/p>\n<p><strong><a href=\"https:\/\/www.microsave.net\/institut-helix\/plan-du-site\/\">Plan du site<\/a><\/strong>[\/vc_column_text][\/vc_column][\/vc_row]<\/p>\n","protected":false},"excerpt":{"rendered":"<p>[vc_row el_class=&#8221;sitemap-section&#8221;][vc_column width=&#8221;1\/2&#8243;][vc_column_text]Qui Sommes nous ?[\/vc_column_text][vc_column_text]Notre formation[\/vc_column_text][vc_column_text]&gt; Nos formations[\/vc_column_text][vc_column_text css=&#8221;.vc_custom_1752837783971{margin-top: 0px !important;}&#8221;]&gt;&gt; Concevoir et impl\u00e9menter un r\u00e9seau d\u2019agents &gt;&gt; G\u00e9rer les risques et pr\u00e9venir de la fraude en finance digitale &gt;&gt; G\u00e9rer la croissance d\u2019un r\u00e9seau d\u2019agents &gt;&gt; R\u00e9ussir sa transformation digitale &gt;&gt; Se lancer dans le cr\u00e9dit digital &gt;&gt; Concevoir et commercialiser les services&hellip;<\/p>\n","protected":false},"author":2,"featured_media":0,"parent":0,"menu_order":0,"comment_status":"closed","ping_status":"closed","template":"","meta":{"_acf_changed":false},"acf":[],"_links":{"self":[{"href":"https:\/\/www.microsave.net\/institut-helix\/wp-json\/wp\/v2\/pages\/310"}],"collection":[{"href":"https:\/\/www.microsave.net\/institut-helix\/wp-json\/wp\/v2\/pages"}],"about":[{"href":"https:\/\/www.microsave.net\/institut-helix\/wp-json\/wp\/v2\/types\/page"}],"author":[{"embeddable":true,"href":"https:\/\/www.microsave.net\/institut-helix\/wp-json\/wp\/v2\/users\/2"}],"replies":[{"embeddable":true,"href":"https:\/\/www.microsave.net\/institut-helix\/wp-json\/wp\/v2\/comments?post=310"}],"version-history":[{"count":11,"href":"https:\/\/www.microsave.net\/institut-helix\/wp-json\/wp\/v2\/pages\/310\/revisions"}],"predecessor-version":[{"id":1539,"href":"https:\/\/www.microsave.net\/institut-helix\/wp-json\/wp\/v2\/pages\/310\/revisions\/1539"}],"wp:attachment":[{"href":"https:\/\/www.microsave.net\/institut-helix\/wp-json\/wp\/v2\/media?parent=310"}],"curies":[{"name":"wp","href":"https:\/\/api.w.org\/{rel}","templated":true}]}}