{"id":505,"date":"2021-07-01T09:22:49","date_gmt":"2021-07-01T06:22:49","guid":{"rendered":"https:\/\/www.microsave.net\/institut-helix\/?page_id=505"},"modified":"2025-07-16T12:49:08","modified_gmt":"2025-07-16T09:49:08","slug":"serie-de-masterclass","status":"publish","type":"page","link":"https:\/\/www.microsave.net\/institut-helix\/serie-de-masterclass\/","title":{"rendered":"Master Class"},"content":{"rendered":"<p>[vc_row type=&#8221;vc_default&#8221; full_width=&#8221;stretch_row&#8221; bg_type=&#8221;bg_color&#8221; css=&#8221;.vc_custom_1752659346990{margin-top: -70px !important;background-color: #f0f0f0 !important;}&#8221; bg_color_value=&#8221;#f0f0f0&#8243; el_class=&#8221;common-bottom-box &#8220;][vc_column][vc_column_text css=&#8221;.vc_custom_1700817646020{padding-top: 20px !important;padding-bottom: 20px !important;}&#8221;]<\/p>\n<h2 style=\"text-align: center\">Nos s\u00e9ries de Masterclasses pr\u00e9sentent des leaders de l\u2019industrie \u00e0 travers le monde. Les instructeurs partagent les le\u00e7ons tir\u00e9es des principaux d\u00e9fis en mati\u00e8re d&#8217;inclusion financi\u00e8re, sociale et \u00e9conomique, leurs succ\u00e8s et leurs \u00e9checs, ainsi que leurs perspectives uniques sur des sujets sp\u00e9cifiques.<\/h2>\n<p>[\/vc_column_text][\/vc_column][\/vc_row][vc_row type=&#8221;vc_default&#8221; full_width=&#8221;stretch_row_content_no_spaces&#8221; css=&#8221;.vc_custom_1550511003183{background: #ffffff url(https:\/\/www.microsave.net\/institut-helix\/wp-content\/uploads\/2019\/02\/DOWN-2.png?id=84) !important;background-position: center !important;background-repeat: no-repeat !important;background-size: cover !important;}&#8221;][vc_column][\/vc_column][\/vc_row][vc_row type=&#8221;vc_default&#8221; full_width=&#8221;stretch_row&#8221; css=&#8221;.vc_custom_1752570848584{margin-bottom: -70px !important;padding-bottom: 20px !important;background-color: #ffffff !important;}&#8221; el_class=&#8221;masterclasses-section&#8221;][vc_column][vc_column_text css=&#8221;.vc_custom_1699609530721{margin-bottom: 0px !important;padding-bottom: 0px !important;}&#8221;]<\/p>\n<h6><strong>Vid\u00e9os Masterclasses<\/strong><\/h6>\n<p>[\/vc_column_text][vc_separator color=&#8221;custom&#8221; align=&#8221;align_left&#8221; border_width=&#8221;4&#8243; el_width=&#8221;10&#8243; css_animation=&#8221;fadeInLeft&#8221; accent_color=&#8221;#009db4&#8243; css=&#8221;.vc_custom_1551049019246{margin-top: 5px !important;padding-top: 0px !important;}&#8221;][vc_row_inner][vc_column_inner width=&#8221;1\/2&#8243;][vc_video link=&#8221;https:\/\/youtu.be\/&#8211;q5ihcSUvc?si=wrFATbaJa2KYSezU&#8221;][\/vc_column_inner][vc_column_inner width=&#8221;1\/2&#8243;][vc_video link=&#8221;https:\/\/youtu.be\/kIwLIZ4MpiY?si=dLTXdxrXEZIaWMhO&#8221;][\/vc_column_inner][\/vc_row_inner][vc_row_inner][vc_column_inner width=&#8221;1\/2&#8243;][vc_video link=&#8221;https:\/\/youtu.be\/dw0_H_O3aZk?si=65a0-hTKsyrORkBy&#8221;][\/vc_column_inner][vc_column_inner width=&#8221;1\/2&#8243;][vc_video link=&#8221;https:\/\/youtu.be\/LO_ahwxPtYI?si=FmuH9CFKCIvRmlUs&#8221;][\/vc_column_inner][\/vc_row_inner][vc_row_inner][vc_column_inner width=&#8221;1\/2&#8243;][vc_video link=&#8221;https:\/\/youtu.be\/NLvrwxEBjCI?si=bZ4Pbx5MTps4u7NP&#8221;][\/vc_column_inner][vc_column_inner width=&#8221;1\/2&#8243;][vc_video link=&#8221;https:\/\/youtu.be\/PbfaW7qOk0Y?si=bQaddkYjr1afV-o_&#8221;][\/vc_column_inner][\/vc_row_inner][vc_row_inner][vc_column_inner width=&#8221;1\/2&#8243;][vc_video link=&#8221;https:\/\/youtu.be\/1Nn9CTQdf0M?si=pV67VMQdqThxQAPm&#8221;][\/vc_column_inner][vc_column_inner width=&#8221;1\/2&#8243;][vc_video link=&#8221;https:\/\/youtu.be\/h8ZAULCtzhw?si=XY3eLHmnf8xJhwbj&#8221;][\/vc_column_inner][\/vc_row_inner][vc_row_inner][vc_column_inner width=&#8221;1\/2&#8243;][vc_video link=&#8221;https:\/\/youtu.be\/xlQoDMKFnhA?si=k2ONCT9wR2dpOttK&#8221;][\/vc_column_inner][vc_column_inner width=&#8221;1\/2&#8243;][vc_video link=&#8221;https:\/\/youtu.be\/c8l-hunjrZk?si=-d5ngyzW72lYVHWH&#8221;][\/vc_column_inner][\/vc_row_inner][vc_row_inner][vc_column_inner width=&#8221;1\/2&#8243;][vc_video link=&#8221;https:\/\/youtu.be\/50XsoE22Xqo?si=FBo2GcRT-TCe81BG&#8221;][\/vc_column_inner][vc_column_inner width=&#8221;1\/2&#8243;][vc_video link=&#8221;https:\/\/youtu.be\/EtUF_wSRQIU?si=SrU2yd-_v_GviVLL&#8221;][\/vc_column_inner][\/vc_row_inner][vc_row_inner][vc_column_inner width=&#8221;1\/2&#8243;][vc_video link=&#8221;https:\/\/youtu.be\/VH9SRoyB9EE?si=tZNB36bsnv7gVnFh&#8221;][\/vc_column_inner][vc_column_inner width=&#8221;1\/2&#8243;][vc_video link=&#8221;https:\/\/youtu.be\/4rdxoCshvYM?si=EQ8BdrGy4wqKJSrv&#8221;][\/vc_column_inner][\/vc_row_inner][vc_row_inner][vc_column_inner width=&#8221;1\/2&#8243;][vc_video link=&#8221;https:\/\/youtu.be\/N4nwdDcs5ow?si=ny77_8zgVG8U_dd1&#8243;][\/vc_column_inner][vc_column_inner width=&#8221;1\/2&#8243;][vc_video link=&#8221;https:\/\/youtu.be\/KW5OjNkEZGo?si=mQf5QMcl7zLOHW4j&#8221;][\/vc_column_inner][\/vc_row_inner][vc_row_inner][vc_column_inner width=&#8221;1\/2&#8243;][vc_video link=&#8221;https:\/\/youtu.be\/VXDTV_HSPAU?si=8ogKVqtsdu7dUXNq&#8221;][\/vc_column_inner][vc_column_inner width=&#8221;1\/2&#8243;][vc_video link=&#8221;https:\/\/youtu.be\/KdhN76uEUHk?si=jtVFCZ1Z0h2pw8_b&#8221;][\/vc_column_inner][\/vc_row_inner][vc_row_inner][vc_column_inner width=&#8221;1\/2&#8243;][vc_video link=&#8221;https:\/\/youtu.be\/ci07bf5pM2k?si=vnU45e7xdtRDLRr5&#8243;][\/vc_column_inner][vc_column_inner width=&#8221;1\/2&#8243;][vc_video link=&#8221;https:\/\/youtu.be\/VXDTV_HSPAU?si=8ogKVqtsdu7dUXNq&#8221;][\/vc_column_inner][\/vc_row_inner][vc_row_inner][vc_column_inner width=&#8221;1\/2&#8243;][vc_video link=&#8221;https:\/\/youtu.be\/HgZs4-cH6T8?si=LEvPJp-zG3tZyxAw&#8221;][\/vc_column_inner][vc_column_inner width=&#8221;1\/2&#8243;][vc_video link=&#8221;https:\/\/youtu.be\/aDnP5TaVJcA?si=UVTkpzUg7LRRcyUe&#8221;][\/vc_column_inner][\/vc_row_inner][vc_row_inner][vc_column_inner width=&#8221;1\/2&#8243;][vc_video link=&#8221;https:\/\/youtu.be\/iiLRTfClawQ?si=a3EqCvZ_qEYvOXXd&#8221;][\/vc_column_inner][vc_column_inner width=&#8221;1\/2&#8243;][vc_video link=&#8221;https:\/\/youtu.be\/U5wyI4ugU4Y?si=zvMW3Hc1sHhCTILm&#8221;][\/vc_column_inner][\/vc_row_inner][vc_row_inner][vc_column_inner width=&#8221;1\/2&#8243;][vc_video link=&#8221;https:\/\/youtu.be\/n4pkwBvD9ik?si=isaZ2fIXZS7H2Rqr&#8221;][\/vc_column_inner][vc_column_inner width=&#8221;1\/2&#8243;][vc_video link=&#8221;https:\/\/youtu.be\/J36bZcENIVY?si=9UZYTDgxEVtqaTRN&#8221;][\/vc_column_inner][\/vc_row_inner][vc_row_inner][vc_column_inner width=&#8221;1\/2&#8243;][vc_video link=&#8221;https:\/\/youtu.be\/BpYbRrthHe0?si=Vt8y1a8gqhd0JHtL&#8221;][\/vc_column_inner][vc_column_inner width=&#8221;1\/2&#8243;][vc_video link=&#8221;https:\/\/youtu.be\/rf7u88_RVeY?si=jFsP-jUcnBEAEuJB&#8221;][\/vc_column_inner][\/vc_row_inner][vc_row_inner][vc_column_inner width=&#8221;1\/2&#8243;][vc_video link=&#8221;https:\/\/youtu.be\/1obf3dULZvs?si=M51Rg2tNB4mUeX9X&#8221;][\/vc_column_inner][vc_column_inner width=&#8221;1\/2&#8243;][vc_video link=&#8221;https:\/\/youtu.be\/OyTcwuY1Vrc?si=7HLxivzbWVJLTUHR&#8221;][\/vc_column_inner][\/vc_row_inner][vc_row_inner][vc_column_inner width=&#8221;1\/2&#8243;][vc_video link=&#8221;https:\/\/youtu.be\/pWvJOPn6aWk?si=4HQBpS8iP5ka2BLa&#8221;][\/vc_column_inner][vc_column_inner width=&#8221;1\/2&#8243;][vc_video link=&#8221;https:\/\/youtu.be\/YqawM378TVQ?si=S5dMpa6vTyPAe7g2&#8243;][\/vc_column_inner][\/vc_row_inner][vc_row_inner][vc_column_inner width=&#8221;1\/2&#8243;][vc_video link=&#8221;https:\/\/youtu.be\/adeGVZz5gmQ?si=AD6HQkSNPaEIA-8M&#8221;][\/vc_column_inner][vc_column_inner width=&#8221;1\/2&#8243;][vc_video link=&#8221;https:\/\/youtu.be\/CY6d6E65jj8?si=xaz3zBN-Z_CsQZv0&#8243;][\/vc_column_inner][\/vc_row_inner][vc_row_inner][vc_column_inner width=&#8221;1\/2&#8243;][vc_video link=&#8221;https:\/\/youtu.be\/Pc9eEsnHXmw?si=hdE36D1VppWf087L&#8221;][\/vc_column_inner][vc_column_inner width=&#8221;1\/2&#8243;][vc_video link=&#8221;https:\/\/youtu.be\/EDPc3SyTlBs?si=Ip-QJYmbTStezBYp&#8221;][\/vc_column_inner][\/vc_row_inner][vc_row_inner][vc_column_inner width=&#8221;1\/2&#8243;][vc_video link=&#8221;https:\/\/youtu.be\/XILnfLrTAos?si=L7aEGIHhVYIJn5o4&#8243;][\/vc_column_inner][vc_column_inner width=&#8221;1\/2&#8243;][vc_video link=&#8221;https:\/\/youtu.be\/N41g6yMFNKo?si=2Hk4GXW9MvF2CqbY&#8221;][\/vc_column_inner][\/vc_row_inner][vc_row_inner][vc_column_inner width=&#8221;1\/2&#8243;][vc_video link=&#8221;https:\/\/youtu.be\/EAt-7LQCZOo?si=wT4xOiH2QwJGtHE4&#8243;][\/vc_column_inner][vc_column_inner width=&#8221;1\/2&#8243;][vc_video link=&#8221;https:\/\/youtu.be\/2tnfmrR1kJM?si=rr6oLiFx1E0G6Ehj&#8221;][\/vc_column_inner][\/vc_row_inner][vc_row_inner][vc_column_inner width=&#8221;1\/2&#8243;][vc_video link=&#8221;https:\/\/youtu.be\/5dpw9BJVDQo?si=uGH7njvUwIJmZZ5V&#8221;][\/vc_column_inner][vc_column_inner width=&#8221;1\/2&#8243;][vc_video link=&#8221;https:\/\/youtu.be\/sqXzUh5PmYQ?si=gTogRLAp-Y_MjKHA&#8221;][\/vc_column_inner][\/vc_row_inner][vc_row_inner][vc_column_inner width=&#8221;1\/2&#8243;][vc_video link=&#8221;https:\/\/youtu.be\/P4jNmrogumg?si=KIvY4W4EDgddfV_8&#8243;][\/vc_column_inner][vc_column_inner width=&#8221;1\/2&#8243;][vc_video link=&#8221;https:\/\/youtu.be\/Loy3FnSpWKw?si=Kmd-KoHqX2FN9DVO&#8221;][\/vc_column_inner][\/vc_row_inner][vc_row_inner][vc_column_inner width=&#8221;1\/2&#8243;][vc_video link=&#8221;https:\/\/youtu.be\/9aVCbbRsWKI?si=tq7jtVL-P8vIsKAH&#8221;][\/vc_column_inner][vc_column_inner width=&#8221;1\/2&#8243;][vc_video link=&#8221;https:\/\/youtu.be\/Z15h7X_CuoE?si=jObUWbDJIvqSCcPc&#8221;][\/vc_column_inner][\/vc_row_inner][vc_row_inner][vc_column_inner width=&#8221;1\/2&#8243;][vc_video link=&#8221;https:\/\/youtu.be\/tbovMR1UI7o?si=v_zbThqnAViz9PSs&#8221;][\/vc_column_inner][vc_column_inner width=&#8221;1\/2&#8243;][vc_video link=&#8221;https:\/\/youtu.be\/y0h1MmtzwyE?si=kmsNAFhwJb5JD43d&#8221;][\/vc_column_inner][\/vc_row_inner][vc_row_inner][vc_column_inner width=&#8221;1\/2&#8243;][vc_video link=&#8221;https:\/\/youtu.be\/K6psLJLtAY4?si=Tn7-pOWrqKTXNWXv&#8221;][\/vc_column_inner][vc_column_inner width=&#8221;1\/2&#8243;][vc_video link=&#8221;https:\/\/youtu.be\/ou7Q20hh7nA?si=iCu1qrVeo8Dw8E5-&#8220;][\/vc_column_inner][\/vc_row_inner][vc_row_inner][vc_column_inner width=&#8221;1\/2&#8243;][vc_video link=&#8221;https:\/\/youtu.be\/0D_I26Yj5gw?si=j95CLmAsiSxpO4f3&#8243;][\/vc_column_inner][vc_column_inner width=&#8221;1\/2&#8243;][vc_video link=&#8221;https:\/\/youtu.be\/75oGvW2xlAw?si=8yJBLcne9qrtaaTb&#8221;][\/vc_column_inner][\/vc_row_inner][vc_row_inner][vc_column_inner width=&#8221;1\/2&#8243;][vc_video link=&#8221;https:\/\/youtu.be\/5AbmrOL76J8?si=TURG0YLXEk3is48c&#8221;][\/vc_column_inner][vc_column_inner width=&#8221;1\/2&#8243;][vc_video link=&#8221;https:\/\/youtu.be\/SiNUvEsfVdY?si=JNdUpiXK8jtgYauG&#8221;][\/vc_column_inner][\/vc_row_inner][vc_row_inner][vc_column_inner width=&#8221;1\/2&#8243;][vc_video link=&#8221;https:\/\/youtu.be\/50ggBu-Zwtg?si=YoGwIAk-J7OrPfM0&#8243;][\/vc_column_inner][vc_column_inner width=&#8221;1\/2&#8243;][vc_video link=&#8221;https:\/\/youtu.be\/mvVoGzd-3Ys?si=x6opqzTBmBLklYlW&#8221;][\/vc_column_inner][\/vc_row_inner][vc_row_inner][vc_column_inner width=&#8221;1\/2&#8243;][vc_video link=&#8221;https:\/\/youtu.be\/VHECujEvrAI?si=5046ESzCrnYMgDd7&#8243;][\/vc_column_inner][vc_column_inner width=&#8221;1\/2&#8243;][vc_video link=&#8221;https:\/\/youtu.be\/zXWAe5ImCK8?si=tt0J7Ut0W78y1PKh&#8221;][\/vc_column_inner][\/vc_row_inner][vc_row_inner][vc_column_inner width=&#8221;1\/2&#8243;][vc_video link=&#8221;https:\/\/youtu.be\/LniQOV9xdCc?si=yddx_w0m9Ivl4h3z&#8221;][\/vc_column_inner][vc_column_inner width=&#8221;1\/2&#8243;][vc_video link=&#8221;https:\/\/youtu.be\/R9GTrBx_t-0?si=6oJiBg722k0txEA1&#8243;][\/vc_column_inner][\/vc_row_inner][vc_row_inner][vc_column_inner width=&#8221;1\/2&#8243;][vc_video link=&#8221;https:\/\/youtu.be\/InhRxaZvMnY?si=2kXAcFAD1N1emfg8&#8243;][\/vc_column_inner][vc_column_inner width=&#8221;1\/2&#8243;][vc_video link=&#8221;https:\/\/youtu.be\/BMaEwvV3egA?si=rh1SvEXgNs2bfXrp&#8221;][\/vc_column_inner][\/vc_row_inner][vc_row_inner][vc_column_inner width=&#8221;1\/2&#8243;][vc_video link=&#8221;https:\/\/youtu.be\/fHblcxEoErA?si=Y12AMt6k3fWLRbCg&#8221;][\/vc_column_inner][vc_column_inner width=&#8221;1\/2&#8243;][vc_video link=&#8221;https:\/\/youtu.be\/HTVxFPEpMf4?si=Qwpz5CkQBJKbx4md&#8221;][\/vc_column_inner][\/vc_row_inner][vc_row_inner][vc_column_inner width=&#8221;1\/2&#8243;][vc_video link=&#8221;https:\/\/youtu.be\/moFpXkWCCMY?si=kY6s48q4HOOcxQLj&#8221;][\/vc_column_inner][vc_column_inner width=&#8221;1\/2&#8243;][vc_video link=&#8221;https:\/\/youtu.be\/M0te3YVtgLo?si=sHtc-kY7qIMZIdPP&#8221;][\/vc_column_inner][\/vc_row_inner][vc_row_inner][vc_column_inner width=&#8221;1\/2&#8243;][vc_video link=&#8221;https:\/\/youtu.be\/orcOsa_Aoqk?si=r8b-jWKP6RJlTtkl&#8221;][\/vc_column_inner][vc_column_inner width=&#8221;1\/2&#8243;][vc_video link=&#8221;https:\/\/youtu.be\/WvnRPy9h5HU?si=mNEnaFz-O6pXfnl3&#8243;][\/vc_column_inner][\/vc_row_inner][vc_row_inner][vc_column_inner width=&#8221;1\/2&#8243;][vc_video link=&#8221;https:\/\/youtu.be\/iXEpYcEp7K0?si=XBwjNedINrImIwfg&#8221;][\/vc_column_inner][vc_column_inner width=&#8221;1\/2&#8243;][vc_video link=&#8221;https:\/\/youtu.be\/1O1g6iJbYV0?si=F1dmON1PefN-DGvc&#8221;][\/vc_column_inner][\/vc_row_inner][vc_row_inner][vc_column_inner width=&#8221;1\/2&#8243;][vc_video link=&#8221;https:\/\/youtu.be\/ccogp6_dFTA?si=4Cpn9HnpVhGYHkbJ&#8221;][\/vc_column_inner][vc_column_inner width=&#8221;1\/2&#8243;][vc_video link=&#8221;https:\/\/youtu.be\/9VXw3eyXylM?si=wJ10J1HUiwRUKrth&#8221;][\/vc_column_inner][\/vc_row_inner][vc_row_inner][vc_column_inner width=&#8221;1\/2&#8243;][vc_video link=&#8221;https:\/\/youtu.be\/Hc1Ru62ndnQ?si=vcGBy5_APBVAhpvv&#8221;][\/vc_column_inner][vc_column_inner width=&#8221;1\/2&#8243;][vc_video link=&#8221;https:\/\/youtu.be\/h5d9pS5NfTU?si=59IYo9SreSAzfefS&#8221;][\/vc_column_inner][\/vc_row_inner][vc_row_inner][vc_column_inner width=&#8221;1\/2&#8243;][vc_video link=&#8221;https:\/\/youtu.be\/bzyiXBVJ-U4?si=td9UeSJ62PQpiJor&#8221;][\/vc_column_inner][vc_column_inner width=&#8221;1\/2&#8243;][vc_video link=&#8221;https:\/\/youtu.be\/anVaqwEZtgs?si=onz4xTVc081db-Cv&#8221;][\/vc_column_inner][\/vc_row_inner][vc_row_inner][vc_column_inner width=&#8221;1\/2&#8243;][vc_video link=&#8221;https:\/\/youtu.be\/s2nINV6pyv4?si=M45OFW_mTSvVKVKJ&#8221;][\/vc_column_inner][vc_column_inner width=&#8221;1\/2&#8243;][vc_video link=&#8221;https:\/\/youtu.be\/htkGMswxySU?si=0W54m2a6B7LDQ37N&#8221;][\/vc_column_inner][\/vc_row_inner][vc_row_inner][vc_column_inner width=&#8221;1\/2&#8243;][vc_video link=&#8221;https:\/\/youtu.be\/i-YsACPM298?si=WCWJ3qfJWLizQNTj&#8221;][\/vc_column_inner][vc_column_inner width=&#8221;1\/2&#8243;][vc_video link=&#8221;https:\/\/youtu.be\/I5GPCDDL9_0?si=9bHE8uhbKVUUkVmU&#8221;][\/vc_column_inner][\/vc_row_inner][vc_row_inner][vc_column_inner width=&#8221;1\/2&#8243;][vc_video link=&#8221;https:\/\/youtu.be\/fWkB4o1odHg?si=-sMglCO0-ju4KMW1&#8243;][\/vc_column_inner][vc_column_inner width=&#8221;1\/2&#8243;][vc_video link=&#8221;https:\/\/youtu.be\/3B2dkiM_aMk?si=UzAP-rXLfxQJafZ2&#8243;][\/vc_column_inner][\/vc_row_inner][vc_row_inner][vc_column_inner width=&#8221;1\/2&#8243;][vc_video link=&#8221;https:\/\/youtu.be\/YSMrF26U6wE?si=-evZ5UWdT5PH6475&#8243;][\/vc_column_inner][vc_column_inner width=&#8221;1\/2&#8243;][vc_video link=&#8221;https:\/\/youtu.be\/N1-elUNDfnA?si=WSaQPiZk1q63W1UF&#8221;][\/vc_column_inner][\/vc_row_inner][vc_row_inner][vc_column_inner width=&#8221;1\/2&#8243;][vc_video link=&#8221;https:\/\/youtu.be\/31Sx0K0tRFI?si=xMI9Q32mY-KtZOia&#8221;][\/vc_column_inner][vc_column_inner width=&#8221;1\/2&#8243;][vc_video link=&#8221;https:\/\/youtu.be\/iFKJ7pxnJH4?si=_H5rBsJugC6lDc_f&#8221;][\/vc_column_inner][\/vc_row_inner][vc_row_inner][vc_column_inner width=&#8221;1\/2&#8243;][vc_video link=&#8221;https:\/\/youtu.be\/Z8aY0k4PJtc?si=2ojhBtrO15wyUaDc&#8221;][\/vc_column_inner][vc_column_inner width=&#8221;1\/2&#8243;][vc_video link=&#8221;https:\/\/youtu.be\/UrV3fBCVWSo?si=hicygzCfD8hNY3SW&#8221;][\/vc_column_inner][\/vc_row_inner][vc_row_inner][vc_column_inner width=&#8221;1\/2&#8243;][vc_video link=&#8221;https:\/\/youtu.be\/hZnFpN_-xsQ?si=cbON0KM9Vw5dGL1c&#8221;][\/vc_column_inner][vc_column_inner width=&#8221;1\/2&#8243;][vc_video link=&#8221;https:\/\/youtu.be\/wjT8-_dyp4I?si=DtRa7nwYElhSGMyG&#8221;][\/vc_column_inner][\/vc_row_inner][vc_row_inner][vc_column_inner width=&#8221;1\/2&#8243;][vc_video link=&#8221;https:\/\/youtu.be\/OwOu-oeChaE?si=D8o7Zpwmm4g45bJT&#8221;][\/vc_column_inner][vc_column_inner width=&#8221;1\/2&#8243;][vc_video link=&#8221;https:\/\/youtu.be\/R3pMaGmsbaw?si=NQ_nFa5jKRZbH5P6&#8243;][\/vc_column_inner][\/vc_row_inner][vc_row_inner][vc_column_inner width=&#8221;1\/2&#8243;][vc_video link=&#8221;https:\/\/youtu.be\/ZBY7cze7uLw?si=DSX7ginkvf7KeGcg&#8221;][\/vc_column_inner][vc_column_inner width=&#8221;1\/2&#8243;][vc_video link=&#8221;https:\/\/youtu.be\/-Q6jhOt1dHM?si=PBLdWo5ztkzlf9Lb&#8221;][\/vc_column_inner][\/vc_row_inner][vc_row_inner][vc_column_inner width=&#8221;1\/2&#8243;][vc_video link=&#8221;https:\/\/youtu.be\/B2EhI2MYmcw?si=7VK7a6Qx9CiZ8l0y&#8221;][\/vc_column_inner][vc_column_inner width=&#8221;1\/2&#8243;][vc_video link=&#8221;https:\/\/youtu.be\/6B_766gIWgY?si=zJ1PHldCsHHCBhM2&#8243;][\/vc_column_inner][\/vc_row_inner][vc_row_inner][vc_column_inner width=&#8221;1\/2&#8243;][vc_video link=&#8221;https:\/\/youtu.be\/WKfMbj-V3xE?si=_qOUX_yS7XyEBn1s&#8221;][\/vc_column_inner][vc_column_inner width=&#8221;1\/2&#8243;][vc_video link=&#8221;https:\/\/youtu.be\/Twf7gYkfNPs?si=Q22kQ3l1yKwwruct&#8221;][\/vc_column_inner][\/vc_row_inner][vc_row_inner][vc_column_inner width=&#8221;1\/2&#8243;][vc_video link=&#8221;https:\/\/youtu.be\/pqWqja3tPA4?si=aip2msoNckfd89ox&#8221;][\/vc_column_inner][vc_column_inner width=&#8221;1\/2&#8243;][vc_video link=&#8221;https:\/\/youtu.be\/Dop9QTnU660?si=AUW_OOrYEdtuNcBZ&#8221;][\/vc_column_inner][\/vc_row_inner][vc_row_inner][vc_column_inner width=&#8221;1\/2&#8243;][vc_video link=&#8221;https:\/\/youtu.be\/zSpYfPWet50?si=ukqMakv9RSwOmw9z&#8221;][\/vc_column_inner][vc_column_inner width=&#8221;1\/2&#8243;][vc_video link=&#8221;https:\/\/youtu.be\/gS6ygomRsvQ?si=4GtyLkrnqFEBMnZv&#8221;][\/vc_column_inner][\/vc_row_inner][vc_row_inner][vc_column_inner width=&#8221;1\/2&#8243;][vc_video link=&#8221;https:\/\/youtu.be\/YdyFDrAWDrI?si=ilrmhiWEt4cwVEVa&#8221;][\/vc_column_inner][vc_column_inner width=&#8221;1\/2&#8243;][vc_video link=&#8221;https:\/\/youtu.be\/i8MUFnWN7sY?si=illitCxRQyXaQY0C&#8221;][\/vc_column_inner][\/vc_row_inner][vc_row_inner][vc_column_inner width=&#8221;1\/2&#8243;][vc_video link=&#8221;https:\/\/youtu.be\/aD_Z30555ts?si=C6DDtLuQx_k7cYbS&#8221;][\/vc_column_inner][vc_column_inner width=&#8221;1\/2&#8243;][vc_video link=&#8221;https:\/\/youtu.be\/mgT0bdTDec0?si=zPECPJvKHPeX5IKa&#8221;][\/vc_column_inner][\/vc_row_inner][vc_row_inner][vc_column_inner width=&#8221;1\/2&#8243;][vc_video link=&#8221;https:\/\/youtu.be\/T5CADUz2w_0?si=LKt6zTKpzHi9bXs9&#8243;][\/vc_column_inner][vc_column_inner width=&#8221;1\/2&#8243;][vc_video link=&#8221;https:\/\/youtu.be\/mgT0bdTDec0?si=zPECPJvKHPeX5IKa&#8221;][\/vc_column_inner][\/vc_row_inner][vc_row_inner][vc_column_inner width=&#8221;1\/2&#8243;][vc_video link=&#8221;https:\/\/youtu.be\/T5CADUz2w_0?si=LKt6zTKpzHi9bXs9&#8243;][\/vc_column_inner][vc_column_inner width=&#8221;1\/2&#8243;][vc_video link=&#8221;https:\/\/youtu.be\/BSPPZ-uoTMI?si=RFlfCCGe0Hvd-agh&#8221;][\/vc_column_inner][\/vc_row_inner][vc_row_inner][vc_column_inner width=&#8221;1\/2&#8243;][vc_video link=&#8221;https:\/\/youtu.be\/BBgRaQl_ch0?si=Wl2uA5-iEvAh87mK&#8221;][\/vc_column_inner][vc_column_inner width=&#8221;1\/2&#8243;][vc_video link=&#8221;https:\/\/youtu.be\/BpqmE9sC2jA?si=6xzFN1oHIgm3fEDJ&#8221;][\/vc_column_inner][\/vc_row_inner][vc_row_inner][vc_column_inner width=&#8221;1\/2&#8243;][vc_video link=&#8221;https:\/\/youtu.be\/MLMSka75IaI?si=IuaEGUwEyzYtD1xH&#8221;][\/vc_column_inner][vc_column_inner width=&#8221;1\/2&#8243;][vc_video link=&#8221;https:\/\/youtu.be\/hby04TbMPl0?si=D_gfNkGwFuxtoS6t&#8221;][\/vc_column_inner][\/vc_row_inner][vc_row_inner][vc_column_inner width=&#8221;1\/2&#8243;][vc_video link=&#8221;https:\/\/youtu.be\/ZetOqQgaAqI?si=AmyFk-5qWmjNiwdU&#8221;][\/vc_column_inner][vc_column_inner width=&#8221;1\/2&#8243;][vc_video link=&#8221;https:\/\/youtu.be\/ouNQQQL561s?si=o7Cdt1pnV68grB_F&#8221;][\/vc_column_inner][\/vc_row_inner][vc_row_inner][vc_column_inner width=&#8221;1\/2&#8243;][vc_video link=&#8221;https:\/\/youtu.be\/UNVhOVTlD3I?si=bAMsbDdmaFVO-zMO&#8221;][\/vc_column_inner][vc_column_inner width=&#8221;1\/2&#8243;][vc_video link=&#8221;https:\/\/youtu.be\/ouNQQQL561s?si=o7Cdt1pnV68grB_F&#8221;][\/vc_column_inner][\/vc_row_inner][vc_row_inner][vc_column_inner width=&#8221;1\/2&#8243;][vc_video link=&#8221;https:\/\/youtu.be\/UNVhOVTlD3I?si=bAMsbDdmaFVO-zMO&#8221;][\/vc_column_inner][vc_column_inner width=&#8221;1\/2&#8243;][vc_video link=&#8221;https:\/\/youtu.be\/-2Jv8jjWDr4?si=i_JQzkczGCQ5AclG&#8221;][\/vc_column_inner][\/vc_row_inner][vc_row_inner][vc_column_inner width=&#8221;1\/2&#8243;][vc_video link=&#8221;https:\/\/youtu.be\/uKGDBpcFvyM?si=GoPOsF3d1uEqAMmo&#8221;][\/vc_column_inner][vc_column_inner width=&#8221;1\/2&#8243;][\/vc_column_inner][\/vc_row_inner][\/vc_column][\/vc_row]<\/p>\n","protected":false},"excerpt":{"rendered":"<p>[vc_row type=&#8221;vc_default&#8221; full_width=&#8221;stretch_row&#8221; bg_type=&#8221;bg_color&#8221; css=&#8221;.vc_custom_1752659346990{margin-top: -70px !important;background-color: #f0f0f0 !important;}&#8221; bg_color_value=&#8221;#f0f0f0&#8243; el_class=&#8221;common-bottom-box &#8220;][vc_column][vc_column_text css=&#8221;.vc_custom_1700817646020{padding-top: 20px !important;padding-bottom: 20px !important;}&#8221;] Nos s\u00e9ries de Masterclasses pr\u00e9sentent des leaders de l\u2019industrie \u00e0 travers le monde. Les instructeurs partagent les le\u00e7ons tir\u00e9es des principaux d\u00e9fis en mati\u00e8re d&#8217;inclusion financi\u00e8re, sociale et \u00e9conomique, leurs succ\u00e8s et leurs \u00e9checs, ainsi que leurs perspectives&hellip;<\/p>\n","protected":false},"author":4,"featured_media":0,"parent":0,"menu_order":0,"comment_status":"closed","ping_status":"closed","template":"","meta":{"_acf_changed":false},"acf":[],"_links":{"self":[{"href":"https:\/\/www.microsave.net\/institut-helix\/wp-json\/wp\/v2\/pages\/505"}],"collection":[{"href":"https:\/\/www.microsave.net\/institut-helix\/wp-json\/wp\/v2\/pages"}],"about":[{"href":"https:\/\/www.microsave.net\/institut-helix\/wp-json\/wp\/v2\/types\/page"}],"author":[{"embeddable":true,"href":"https:\/\/www.microsave.net\/institut-helix\/wp-json\/wp\/v2\/users\/4"}],"replies":[{"embeddable":true,"href":"https:\/\/www.microsave.net\/institut-helix\/wp-json\/wp\/v2\/comments?post=505"}],"version-history":[{"count":41,"href":"https:\/\/www.microsave.net\/institut-helix\/wp-json\/wp\/v2\/pages\/505\/revisions"}],"predecessor-version":[{"id":1462,"href":"https:\/\/www.microsave.net\/institut-helix\/wp-json\/wp\/v2\/pages\/505\/revisions\/1462"}],"wp:attachment":[{"href":"https:\/\/www.microsave.net\/institut-helix\/wp-json\/wp\/v2\/media?parent=505"}],"curies":[{"name":"wp","href":"https:\/\/api.w.org\/{rel}","templated":true}]}}