{"id":738,"date":"2023-09-20T09:13:21","date_gmt":"2023-09-20T06:13:21","guid":{"rendered":"https:\/\/www.microsave.net\/institut-helix\/?page_id=738"},"modified":"2026-04-10T10:15:35","modified_gmt":"2026-04-10T07:15:35","slug":"notre-approche-de-formation","status":"publish","type":"page","link":"https:\/\/www.microsave.net\/institut-helix\/notre-approche-de-formation\/","title":{"rendered":"Our Training Approach"},"content":{"rendered":"<p>[vc_row type=&#8221;vc_default&#8221; full_width=&#8221;stretch_row&#8221; content_placement=&#8221;middle&#8221; css=&#8221;.vc_custom_1736585627586{margin-bottom: -70px !important;padding-bottom: 50px !important;background-color: #ffffff !important;}&#8221; el_class=&#8221;digital-institutional-box&#8221;][vc_column width=&#8221;1\/2&#8243; css=&#8221;.vc_custom_1736585503616{margin-top: 0px !important;padding-top: 0px !important;}&#8221; el_class=&#8221;left-box&#8221;]<div class=\"aio-icon-component    style_1\"><div id=\"Info-box-wrap-8877\" class=\"aio-icon-box default-icon\" style=\"\"  ><div class=\"aio-icon-default\"><div class=\"ult-just-icon-wrapper  \"><div class=\"align-icon\" style=\"text-align:center;\">\n<div class=\"aio-icon-img \" style=\"font-size:48px;display:inline-block;\" >\n\t<img decoding=\"async\" class=\"img-icon\" alt=\"null\" src=\"https:\/\/www.microsave.net\/institut-helix\/wp-content\/uploads\/2023\/10\/image2.png\"\/>\n<\/div><\/div><\/div><\/div><div class=\"aio-icon-description ult-responsive\"  data-ultimate-target='#Info-box-wrap-8877 .aio-icon-description'  data-responsive-json-new='{\"font-size\":\"\",\"line-height\":\"\"}'  style=\"\"><\/p>\n<h2><strong>Formation en ligne<\/strong><\/h2>\n<p>Nous proposons environ 6 \u00e0 25 heures de sessions d&#8217;apprentissage facilit\u00e9es, r\u00e9parties sur une \u00e0 six semaines, par le biais de plateformes num\u00e9riques telles que Zoom. Nous concevons le contenu de base en fonction des besoins de l&#8217;institution.<\/div> <!-- description --><\/div> <!-- aio-icon-box --><\/div> <!-- aio-icon-component -->[\/vc_column][vc_column width=&#8221;1\/2&#8243; el_class=&#8221;right-box&#8221;][vc_single_image image=&#8221;752&#8243; img_size=&#8221;500&#215;260&#8243;][\/vc_column][\/vc_row][vc_row type=&#8221;vc_default&#8221; full_width=&#8221;stretch_row&#8221; content_placement=&#8221;middle&#8221; css=&#8221;.vc_custom_1736585641306{margin-bottom: -70px !important;padding-top: 50px !important;padding-bottom: 50px !important;background-color: #ffffff !important;}&#8221; el_class=&#8221;classroom-box&#8221;][vc_column width=&#8221;1\/2&#8243; css=&#8221;.vc_custom_1736585596691{margin-top: 0px !important;padding-top: 0px !important;}&#8221; el_class=&#8221;left-box&#8221;][vc_single_image image=&#8221;982&#8243; img_size=&#8221;500&#215;260&#8243;][\/vc_column][vc_column width=&#8221;1\/2&#8243; el_class=&#8221;right-box&#8221;]<div class=\"aio-icon-component    style_1\"><div id=\"Info-box-wrap-6885\" class=\"aio-icon-box default-icon\" style=\"\"  ><div class=\"aio-icon-default\"><div class=\"ult-just-icon-wrapper  \"><div class=\"align-icon\" style=\"text-align:center;\">\n<div class=\"aio-icon-img \" style=\"font-size:48px;display:inline-block;\" >\n\t<img decoding=\"async\" class=\"img-icon\" alt=\"null\" src=\"https:\/\/www.microsave.net\/institut-helix\/wp-content\/uploads\/2023\/10\/image3.png\"\/>\n<\/div><\/div><\/div><\/div><div class=\"aio-icon-description ult-responsive\"  data-ultimate-target='#Info-box-wrap-6885 .aio-icon-description'  data-responsive-json-new='{\"font-size\":\"\",\"line-height\":\"\"}'  style=\"\"><\/p>\n<h2><strong>Formations en classe<\/strong><\/h2>\n<p>Nos formations en classe se concentrent sur des m\u00e9thodes actives, en petits groupes, ainsi que sur des \u00e9tudes de cas pratiques, le travail d&#8217;\u00e9quipe et les \u00e9changes entre participants. Les formations sont tr\u00e8s pratiques et con\u00e7ues pour r\u00e9soudre des probl\u00e8mes institutionnels urgents. Nos formateurs encouragent les participants \u00e0 partager leurs r\u00e9flexions avec les autres participants et \u00e0 apprendre les uns des autres.<\/div> <!-- description --><\/div> <!-- aio-icon-box --><\/div> <!-- aio-icon-component -->[\/vc_column][\/vc_row][vc_row type=&#8221;vc_default&#8221; full_width=&#8221;stretch_row&#8221; content_placement=&#8221;middle&#8221; css=&#8221;.vc_custom_1741688289931{margin-bottom: -70px !important;padding-top: 50px !important;padding-bottom: 50px !important;background-color: #ffffff !important;}&#8221; el_class=&#8221;online-learn-box&#8221;][vc_column width=&#8221;1\/2&#8243; css=&#8221;.vc_custom_1736585600125{margin-top: 0px !important;padding-top: 0px !important;}&#8221; el_class=&#8221;left-box&#8221;]<div class=\"aio-icon-component    style_1\"><div id=\"Info-box-wrap-1094\" class=\"aio-icon-box default-icon\" style=\"\"  ><div class=\"aio-icon-default\"><div class=\"ult-just-icon-wrapper  \"><div class=\"align-icon\" style=\"text-align:center;\">\n<div class=\"aio-icon-img \" style=\"font-size:48px;display:inline-block;\" >\n\t<img decoding=\"async\" class=\"img-icon\" alt=\"null\" src=\"https:\/\/www.microsave.net\/institut-helix\/wp-content\/uploads\/2023\/10\/image4.png\"\/>\n<\/div><\/div><\/div><\/div><div class=\"aio-icon-description ult-responsive\"  data-ultimate-target='#Info-box-wrap-1094 .aio-icon-description'  data-responsive-json-new='{\"font-size\":\"\",\"line-height\":\"\"}'  style=\"\"><\/p>\n<h2><strong>Formation e-learning <\/strong><\/h2>\n<p>Gr\u00e2ce \u00e0 notre formation en ligne, nous favorisons le renforcement des capacit\u00e9s par le biais d&#8217;exemples pratiques et d&#8217;\u00e9tudes de cas. Cette approche r\u00e9pond aux besoins des apprenants et leur offre la libert\u00e9 de suivre la formation \u00e0 leur propre rythme et dans leur propre environnement de travail. L&#8217;Institut Helix fournit un certificat de participation quand la formation a \u00e9t\u00e9 termin\u00e9e avec succ\u00e8s. <a href=\"https:\/\/www.microsave.net\/institut-helix\/contactez-nous\/\">Contactez-nous<\/a> pour en savoir plus !<\/div> <!-- description --><\/div> <!-- aio-icon-box --><\/div> <!-- aio-icon-component -->[\/vc_column][vc_column width=&#8221;1\/2&#8243; el_class=&#8221;right-box&#8221;][vc_single_image image=&#8221;1548&#8243; img_size=&#8221;500&#215;260&#8243;][\/vc_column][\/vc_row][vc_row type=&#8221;vc_default&#8221; gap=&#8221;30&#8243; margin_top=&#8221;80px&#8221; css=&#8221;.vc_custom_1757061838550{padding-top: 50px !important;}&#8221; el_class=&#8221;training-box training-approach-box&#8221;][vc_column width=&#8221;1\/2&#8243; css=&#8221;.vc_custom_1736585602862{background-color: #284181 !important;}&#8221; el_class=&#8221;left-box&#8221;]<div class=\"aio-icon-component    style_1\"><a class=\"aio-icon-box-link\" href=\"https:\/\/www.microsave.net\/institut-helix\/nos-formations\/\" title=\"Nos formations\" ><div id=\"Info-box-wrap-6144\" class=\"aio-icon-box square_box-icon\" style=\"border-width:0px;background-color:#284181;\"  ><div class=\"aio-icon-square_box\"><div class=\"ult-just-icon-wrapper  \"><div class=\"align-icon\" style=\"text-align:center;\">\n<div class=\"aio-icon-img \" style=\"font-size:48px;display:inline-block;\" >\n\t<img decoding=\"async\" class=\"img-icon\" alt=\"null\" src=\"https:\/\/www.microsave.net\/institut-helix\/wp-content\/uploads\/2023\/10\/image2.png\"\/>\n<\/div><\/div><\/div><\/div><div class=\"aio-icon-description ult-responsive\"  data-ultimate-target='#Info-box-wrap-6144 .aio-icon-description'  data-responsive-json-new='{\"font-size\":\"\",\"line-height\":\"\"}'  style=\"color:#ffffff;\"><\/p>\n<h2 style=\"color: #fff;\">Nos formations<\/h2>\n<p><\/div> <!-- description --><\/div> <!-- aio-icon-box --><\/a><\/div> <!-- aio-icon-component -->[\/vc_column][vc_column width=&#8221;1\/2&#8243; css=&#8221;.vc_custom_1736585685095{background-color: #00a7be !important;}&#8221; el_class=&#8221;right-box&#8221;]<div class=\"aio-icon-component    style_1\"><a class=\"aio-icon-box-link\" href=\"https:\/\/www.microsave.net\/institut-helix\/outils-de-connaissances\/\" title=\"Outils de connaissances\" ><div id=\"Info-box-wrap-9449\" class=\"aio-icon-box square_box-icon\" style=\"border-width:0px;background-color:#00a7be;\"  ><div class=\"aio-icon-square_box\"><div class=\"ult-just-icon-wrapper  \"><div class=\"align-icon\" style=\"text-align:center;\">\n<div class=\"aio-icon-img \" style=\"font-size:48px;display:inline-block;\" >\n\t<img decoding=\"async\" class=\"img-icon\" alt=\"null\" src=\"https:\/\/www.microsave.net\/institut-helix\/wp-content\/uploads\/2023\/10\/image3.png\"\/>\n<\/div><\/div><\/div><\/div><div class=\"aio-icon-description ult-responsive\"  data-ultimate-target='#Info-box-wrap-9449 .aio-icon-description'  data-responsive-json-new='{\"font-size\":\"\",\"line-height\":\"\"}'  style=\"color:#ffffff;\"><\/p>\n<h2 style=\"color: #fff;\">Outils de connaissances<\/h2>\n<p><\/div> <!-- description --><\/div> <!-- aio-icon-box --><\/a><\/div> <!-- aio-icon-component -->[\/vc_column][\/vc_row]<\/p>\n","protected":false},"excerpt":{"rendered":"<p>[vc_row type=&#8221;vc_default&#8221; full_width=&#8221;stretch_row&#8221; content_placement=&#8221;middle&#8221; css=&#8221;.vc_custom_1736585627586{margin-bottom: -70px !important;padding-bottom: 50px !important;background-color: #ffffff !important;}&#8221; el_class=&#8221;digital-institutional-box&#8221;][vc_column width=&#8221;1\/2&#8243; css=&#8221;.vc_custom_1736585503616{margin-top: 0px !important;padding-top: 0px !important;}&#8221; el_class=&#8221;left-box&#8221;][\/vc_column][vc_column width=&#8221;1\/2&#8243; el_class=&#8221;right-box&#8221;][vc_single_image image=&#8221;752&#8243; img_size=&#8221;500&#215;260&#8243;][\/vc_column][\/vc_row][vc_row type=&#8221;vc_default&#8221; full_width=&#8221;stretch_row&#8221; content_placement=&#8221;middle&#8221; css=&#8221;.vc_custom_1736585641306{margin-bottom: -70px !important;padding-top: 50px !important;padding-bottom: 50px !important;background-color: #ffffff !important;}&#8221; el_class=&#8221;classroom-box&#8221;][vc_column width=&#8221;1\/2&#8243; css=&#8221;.vc_custom_1736585596691{margin-top: 0px !important;padding-top: 0px !important;}&#8221; el_class=&#8221;left-box&#8221;][vc_single_image image=&#8221;982&#8243; img_size=&#8221;500&#215;260&#8243;][\/vc_column][vc_column width=&#8221;1\/2&#8243; el_class=&#8221;right-box&#8221;][\/vc_column][\/vc_row][vc_row type=&#8221;vc_default&#8221; full_width=&#8221;stretch_row&#8221; content_placement=&#8221;middle&#8221; css=&#8221;.vc_custom_1741688289931{margin-bottom: -70px !important;padding-top: 50px !important;padding-bottom:&hellip;<\/p>\n","protected":false},"author":4,"featured_media":0,"parent":0,"menu_order":0,"comment_status":"closed","ping_status":"closed","template":"","meta":{"_acf_changed":false},"acf":[],"_links":{"self":[{"href":"https:\/\/www.microsave.net\/institut-helix\/wp-json\/wp\/v2\/pages\/738"}],"collection":[{"href":"https:\/\/www.microsave.net\/institut-helix\/wp-json\/wp\/v2\/pages"}],"about":[{"href":"https:\/\/www.microsave.net\/institut-helix\/wp-json\/wp\/v2\/types\/page"}],"author":[{"embeddable":true,"href":"https:\/\/www.microsave.net\/institut-helix\/wp-json\/wp\/v2\/users\/4"}],"replies":[{"embeddable":true,"href":"https:\/\/www.microsave.net\/institut-helix\/wp-json\/wp\/v2\/comments?post=738"}],"version-history":[{"count":10,"href":"https:\/\/www.microsave.net\/institut-helix\/wp-json\/wp\/v2\/pages\/738\/revisions"}],"predecessor-version":[{"id":1555,"href":"https:\/\/www.microsave.net\/institut-helix\/wp-json\/wp\/v2\/pages\/738\/revisions\/1555"}],"wp:attachment":[{"href":"https:\/\/www.microsave.net\/institut-helix\/wp-json\/wp\/v2\/media?parent=738"}],"curies":[{"name":"wp","href":"https:\/\/api.w.org\/{rel}","templated":true}]}}