{"id":762,"date":"2023-09-20T13:13:41","date_gmt":"2023-09-20T10:13:41","guid":{"rendered":"https:\/\/www.microsave.net\/institut-helix\/?page_id=762"},"modified":"2025-07-16T12:47:57","modified_gmt":"2025-07-16T09:47:57","slug":"nos-formations","status":"publish","type":"page","link":"https:\/\/www.microsave.net\/institut-helix\/nos-formations\/","title":{"rendered":"Training courses"},"content":{"rendered":"<p>[vc_row type=&#8221;vc_default&#8221; full_width=&#8221;stretch_row&#8221; css=&#8221;.vc_custom_1752659280173{margin-top: -70px !important;margin-bottom: -70px !important;padding-bottom: 50px !important;background-color: #ffffff !important;}&#8221; el_class=&#8221;common-bottom-box&#8221;][vc_column css=&#8221;.vc_custom_1550651857106{margin-top: 0px !important;padding-top: 0px !important;}&#8221;][vc_column_text css=&#8221;.vc_custom_1698491266237{margin-top: 0px !important;padding-top: 50px !important;}&#8221;]<\/p>\n<h2 style=\"text-align: center;font-weight: 400;font-size: 20px\">Chaque formation con\u00e7ue et dispens\u00e9e \u00e0 l&#8217;Institut Helix est bas\u00e9e sur les principes de l&#8217;apprentissage des adultes afin de cr\u00e9er un environnement d&#8217;apprentissage efficace. Les animateurs utilisent une approche interactive par le biais de discussions de groupe et d&#8217;\u00e9tudes de cas pour dispenser les formations. Nos animateurs sont des experts dans leur domaine et poss\u00e8dent des comp\u00e9tences multilingues. Nos outils de formation comprennent des activit\u00e9s d&#8217;apprentissage, des diapositives, des exercices et des documents \u00e0 distribuer. Les participants peuvent poser des questions, recevoir un retour d&#8217;information et acqu\u00e9rir de nouvelles connaissances aupr\u00e8s d&#8217;autres personnes.<\/h2>\n<p>[\/vc_column_text]<div class=\" vc_custom_1698653121000 ubtn-ctn-center \"><a class=\"ubtn-link ult-adjust-bottom-margin ubtn-center ubtn-normal \" href=\"https:\/\/www.microsave.net\/institut-helix\/contactez-nous\/\" title=\"Contact us\" ><button type=\"button\" id=\"ubtn-3516\"  class=\"ubtn ult-adjust-bottom-margin ult-responsive ubtn-normal ubtn-fade-bg  none  ubtn-center   tooltip-69ee5385a6945\"  data-hover=\"#ffffff\" data-border-color=\"#f4a727\" data-bg=\"#f4a727\" data-hover-bg=\"#f4a727\" data-border-hover=\"\" data-shadow-hover=\"\" data-shadow-click=\"none\" data-shadow=\"\" data-shd-shadow=\"\"  data-ultimate-target='#ubtn-3516'  data-responsive-json-new='{\"font-size\":\"desktop:16px;\",\"line-height\":\"desktop:18px;\"}'  style=\"font-family:&#039;Source Sans Pro&#039;;font-weight:600;border-radius:100px;border-width:1px;border-color:#f4a727;border-style:solid;background: #f4a727;color: #ffffff;\"><span class=\"ubtn-hover\" style=\"background-color:#f4a727\"><\/span><span class=\"ubtn-data ubtn-text \" >Contactez-nous<\/span><\/button><\/a><\/div>[\/vc_column][\/vc_row][vc_row type=&#8221;vc_default&#8221; css=&#8221;.vc_custom_1554659205132{margin-top: 0px !important;}&#8221;][vc_column el_class=&#8221;courses-box&#8221;][vc_row_inner css=&#8221;.vc_custom_1735364887822{margin-top: 100px !important;}&#8221;][vc_column_inner width=&#8221;1\/4&#8243;][vc_single_image image=&#8221;1163&#8243; img_size=&#8221;full&#8221; alignment=&#8221;center&#8221; style=&#8221;vc_box_rounded&#8221; onclick=&#8221;custom_link&#8221; css_animation=&#8221;fadeIn&#8221; link=&#8221;https:\/\/www.microsave.net\/institut-helix\/nos-formations\/concevoir-et-implementer-un-reseau-dagents\/&#8221;][\/vc_column_inner][vc_column_inner width=&#8221;1\/4&#8243;][vc_single_image image=&#8221;1164&#8243; img_size=&#8221;full&#8221; alignment=&#8221;center&#8221; style=&#8221;vc_box_rounded&#8221; onclick=&#8221;custom_link&#8221; css_animation=&#8221;fadeIn&#8221; link=&#8221;https:\/\/www.microsave.net\/institut-helix\/gerer-les-risques-et-prevenir-de-la-fraude-en-finance-digitale\/&#8221;][\/vc_column_inner][vc_column_inner width=&#8221;1\/4&#8243;][vc_single_image image=&#8221;1165&#8243; img_size=&#8221;full&#8221; alignment=&#8221;center&#8221; style=&#8221;vc_box_rounded&#8221; onclick=&#8221;custom_link&#8221; css_animation=&#8221;fadeIn&#8221; link=&#8221;https:\/\/www.microsave.net\/institut-helix\/reussir-sa-transformation-digitale\/&#8221;][\/vc_column_inner][vc_column_inner width=&#8221;1\/4&#8243;][vc_single_image image=&#8221;1166&#8243; img_size=&#8221;full&#8221; alignment=&#8221;center&#8221; style=&#8221;vc_box_rounded&#8221; onclick=&#8221;custom_link&#8221; css_animation=&#8221;fadeIn&#8221; link=&#8221;https:\/\/www.microsave.net\/institut-helix\/nos-formations\/gerer-la-croissance-dun-reseau-dagents\/&#8221;][\/vc_column_inner][\/vc_row_inner][vc_row_inner][vc_column_inner width=&#8221;1\/4&#8243;][vc_single_image image=&#8221;1168&#8243; img_size=&#8221;full&#8221; alignment=&#8221;center&#8221; style=&#8221;vc_box_rounded&#8221; onclick=&#8221;custom_link&#8221; css_animation=&#8221;fadeIn&#8221; link=&#8221;https:\/\/www.microsave.net\/institut-helix\/nos-formations\/se-lancer-dans-le-credit-digital\/&#8221;][\/vc_column_inner][vc_column_inner width=&#8221;1\/4&#8243;][vc_single_image image=&#8221;1169&#8243; img_size=&#8221;full&#8221; alignment=&#8221;center&#8221; style=&#8221;vc_box_rounded&#8221; onclick=&#8221;custom_link&#8221; css_animation=&#8221;fadeIn&#8221; link=&#8221;https:\/\/www.microsave.net\/institut-helix\/nos-formations\/concevoir-et-commercialiser-les-services-financiers-digitaux-2\/&#8221;][\/vc_column_inner][vc_column_inner width=&#8221;1\/4&#8243;][vc_single_image image=&#8221;1170&#8243; img_size=&#8221;full&#8221; alignment=&#8221;center&#8221; style=&#8221;vc_box_rounded&#8221; onclick=&#8221;custom_link&#8221; css_animation=&#8221;fadeIn&#8221; link=&#8221;https:\/\/www.microsave.net\/institut-helix\/se-lancer-dans-la-finance-digitale\/&#8221;][\/vc_column_inner][vc_column_inner width=&#8221;1\/4&#8243;][vc_single_image image=&#8221;1172&#8243; img_size=&#8221;full&#8221; alignment=&#8221;center&#8221; style=&#8221;vc_box_rounded&#8221; onclick=&#8221;custom_link&#8221; css_animation=&#8221;fadeIn&#8221; link=&#8221;https:\/\/www.microsave.net\/institut-helix\/building-msmes&#8221;][\/vc_column_inner][\/vc_row_inner][vc_row_inner][vc_column_inner width=&#8221;1\/4&#8243;][vc_single_image image=&#8221;1173&#8243; img_size=&#8221;full&#8221; alignment=&#8221;center&#8221; style=&#8221;vc_box_rounded&#8221; onclick=&#8221;custom_link&#8221; css_animation=&#8221;fadeIn&#8221; link=&#8221;https:\/\/www.microsave.net\/institut-helix\/climate-finance-101&#8243;][\/vc_column_inner][vc_column_inner width=&#8221;1\/4&#8243;][vc_single_image image=&#8221;1174&#8243; img_size=&#8221;full&#8221; alignment=&#8221;center&#8221; style=&#8221;vc_box_rounded&#8221; onclick=&#8221;custom_link&#8221; css_animation=&#8221;fadeIn&#8221; link=&#8221;https:\/\/www.microsave.net\/institut-helix\/building-state-capacity&#8221;][\/vc_column_inner][\/vc_row_inner][\/vc_column][\/vc_row][vc_row type=&#8221;vc_default&#8221; content_placement=&#8221;middle&#8221; css=&#8221;.vc_custom_1736593205216{border-top-width: 50px !important;padding-bottom: 0px !important;}&#8221; el_class=&#8221;visites-terrain-section&#8221;][vc_column width=&#8221;1\/2&#8243;][vc_custom_heading text=&#8221;Visites terrain&#8221; use_theme_fonts=&#8221;yes&#8221;][vc_separator color=&#8221;custom&#8221; align=&#8221;align_left&#8221; border_width=&#8221;4&#8243; el_width=&#8221;10&#8243; css_animation=&#8221;fadeInLeft&#8221; accent_color=&#8221;#009db4&#8243; css=&#8221;.vc_custom_1696483764039{margin-top: 5px !important;padding-top: 0px !important;}&#8221;][vc_column_text]Nous proposons \u00e9galement des visites terrain afin d&#8217;am\u00e9liorer l&#8217;exp\u00e9rience d&#8217;apprentissage des participants en leur permettant de valider les le\u00e7ons tir\u00e9es des formations en classe.[\/vc_column_text][\/vc_column][vc_column width=&#8221;1\/2&#8243;][vc_single_image image=&#8221;768&#8243; img_size=&#8221;500&#215;300&#8243;][\/vc_column][\/vc_row][vc_row type=&#8221;vc_default&#8221; content_placement=&#8221;middle&#8221; el_class=&#8221;plan-daction-section&#8221;][vc_column width=&#8221;1\/2&#8243;][vc_single_image image=&#8221;772&#8243; img_size=&#8221;500&#215;300&#8243;][\/vc_column][vc_column width=&#8221;1\/2&#8243;][vc_custom_heading text=&#8221;Plan d\u2019action&#8221; use_theme_fonts=&#8221;yes&#8221;][vc_separator color=&#8221;custom&#8221; align=&#8221;align_left&#8221; border_width=&#8221;4&#8243; el_width=&#8221;10&#8243; css_animation=&#8221;fadeInLeft&#8221; accent_color=&#8221;#009db4&#8243; css=&#8221;.vc_custom_1696483764039{margin-top: 5px !important;padding-top: 0px !important;}&#8221;][vc_column_text]Une fois la formation termin\u00e9e, nous engageons les parties prenantes \u00e0 \u00e9laborer un plan d&#8217;action de haut niveau \u00e0 court et \u00e0 long terme autour de la formation. Le plan d&#8217;action se concentre sur la strat\u00e9gie, le mod\u00e8le d&#8217;entreprise, le produit et les processus. Dans le cadre de ce plan d&#8217;action, nous \u00e9valuons les besoins en assistance technique sp\u00e9cifique, en renforcement des capacit\u00e9s et en mentorat personnalis\u00e9 afin de nous aligner sur la vision du client.[\/vc_column_text][\/vc_column][\/vc_row][vc_row type=&#8221;vc_default&#8221; gap=&#8221;30&#8243; css=&#8221;.vc_custom_1736592827892{padding-top: 0px !important;}&#8221; el_class=&#8221;training-approach-box&#8221;][vc_column width=&#8221;1\/2&#8243; css=&#8221;.vc_custom_1696479774714{background-color: #284181 !important;}&#8221;]<div class=\"aio-icon-component    style_1\"><a class=\"aio-icon-box-link\" href=\"https:\/\/www.microsave.net\/institut-helix\/notre-approche-de-formation\/\" title=\"Notre approche de formation\" ><div id=\"Info-box-wrap-8240\" class=\"aio-icon-box square_box-icon\" style=\"background-color:#284181;\"  ><div class=\"aio-icon-square_box\"><div class=\"ult-just-icon-wrapper  \"><div class=\"align-icon\" style=\"text-align:center;\">\n<div class=\"aio-icon-img \" style=\"font-size:48px;display:inline-block;\" >\n\t<img decoding=\"async\" class=\"img-icon\" alt=\"null\" src=\"https:\/\/www.microsave.net\/institut-helix\/wp-content\/uploads\/2023\/10\/image4.png\"\/>\n<\/div><\/div><\/div><\/div><div class=\"aio-icon-description ult-responsive\"  data-ultimate-target='#Info-box-wrap-8240 .aio-icon-description'  data-responsive-json-new='{\"font-size\":\"\",\"line-height\":\"\"}'  style=\"\"><\/p>\n<h2 style=\"color: #fff\">Notre approche de formation<\/h2>\n<p><\/div> <!-- description --><\/div> <!-- aio-icon-box --><\/a><\/div> <!-- aio-icon-component -->[\/vc_column][vc_column width=&#8221;1\/2&#8243; css=&#8221;.vc_custom_1696479818684{background-color: #00a7be !important;}&#8221;]<div class=\"aio-icon-component    style_1\"><a class=\"aio-icon-box-link\" href=\"https:\/\/www.microsave.net\/institut-helix\/outils-de-connaissances\/ \" title=\"Outils de connaissances\" ><div id=\"Info-box-wrap-1678\" class=\"aio-icon-box square_box-icon\" style=\"\"  ><div class=\"aio-icon-square_box\"><div class=\"ult-just-icon-wrapper  \"><div class=\"align-icon\" style=\"text-align:center;\">\n<div class=\"aio-icon-img \" style=\"font-size:48px;display:inline-block;\" >\n\t<img decoding=\"async\" class=\"img-icon\" alt=\"null\" src=\"https:\/\/www.microsave.net\/institut-helix\/wp-content\/uploads\/2023\/10\/image3.png\"\/>\n<\/div><\/div><\/div><\/div><div class=\"aio-icon-description ult-responsive\"  data-ultimate-target='#Info-box-wrap-1678 .aio-icon-description'  data-responsive-json-new='{\"font-size\":\"\",\"line-height\":\"\"}'  style=\"\"><\/p>\n<h2 style=\"color: #fff\">Outils de connaissances<\/h2>\n<p><\/div> <!-- description --><\/div> <!-- aio-icon-box --><\/a><\/div> <!-- aio-icon-component -->[\/vc_column][\/vc_row]<\/p>\n","protected":false},"excerpt":{"rendered":"<p>[vc_row type=&#8221;vc_default&#8221; full_width=&#8221;stretch_row&#8221; css=&#8221;.vc_custom_1752659280173{margin-top: -70px !important;margin-bottom: -70px !important;padding-bottom: 50px !important;background-color: #ffffff !important;}&#8221; el_class=&#8221;common-bottom-box&#8221;][vc_column css=&#8221;.vc_custom_1550651857106{margin-top: 0px !important;padding-top: 0px !important;}&#8221;][vc_column_text css=&#8221;.vc_custom_1698491266237{margin-top: 0px !important;padding-top: 50px !important;}&#8221;] Chaque formation con\u00e7ue et dispens\u00e9e \u00e0 l&#8217;Institut Helix est bas\u00e9e sur les principes de l&#8217;apprentissage des adultes afin de cr\u00e9er un environnement d&#8217;apprentissage efficace. Les animateurs utilisent une approche interactive par le&hellip;<\/p>\n","protected":false},"author":4,"featured_media":0,"parent":0,"menu_order":0,"comment_status":"closed","ping_status":"closed","template":"","meta":{"_acf_changed":false},"acf":[],"_links":{"self":[{"href":"https:\/\/www.microsave.net\/institut-helix\/wp-json\/wp\/v2\/pages\/762"}],"collection":[{"href":"https:\/\/www.microsave.net\/institut-helix\/wp-json\/wp\/v2\/pages"}],"about":[{"href":"https:\/\/www.microsave.net\/institut-helix\/wp-json\/wp\/v2\/types\/page"}],"author":[{"embeddable":true,"href":"https:\/\/www.microsave.net\/institut-helix\/wp-json\/wp\/v2\/users\/4"}],"replies":[{"embeddable":true,"href":"https:\/\/www.microsave.net\/institut-helix\/wp-json\/wp\/v2\/comments?post=762"}],"version-history":[{"count":73,"href":"https:\/\/www.microsave.net\/institut-helix\/wp-json\/wp\/v2\/pages\/762\/revisions"}],"predecessor-version":[{"id":1461,"href":"https:\/\/www.microsave.net\/institut-helix\/wp-json\/wp\/v2\/pages\/762\/revisions\/1461"}],"wp:attachment":[{"href":"https:\/\/www.microsave.net\/institut-helix\/wp-json\/wp\/v2\/media?parent=762"}],"curies":[{"name":"wp","href":"https:\/\/api.w.org\/{rel}","templated":true}]}}