{"id":96,"date":"2019-03-19T16:09:05","date_gmt":"2019-03-19T15:09:05","guid":{"rendered":"https:\/\/www.microsave.net\/institut-helix\/?page_id=96"},"modified":"2025-10-09T10:11:51","modified_gmt":"2025-10-09T07:11:51","slug":"qui-sommes-nous","status":"publish","type":"page","link":"https:\/\/www.microsave.net\/institut-helix\/qui-sommes-nous\/","title":{"rendered":"About us"},"content":{"rendered":"<p>[vc_row type=&#8221;vc_default&#8221; full_width=&#8221;stretch_row&#8221; bg_type=&#8221;bg_color&#8221; css=&#8221;.vc_custom_1752564507652{margin-top: -70px !important;background-color: #f0f0f0 !important;}&#8221; bg_color_value=&#8221;#f0f0f0&#8243; el_class=&#8221;about-heading-section&#8221;][vc_column][vc_column_text css=&#8221;.vc_custom_1698488808322{padding-top: 20px !important;}&#8221;]<\/p>\n<h2 style=\"text-align: center\">L&#8217;Institut Helix de MSC est votre partenaire privil\u00e9gi\u00e9 pour le renforcement des capacit\u00e9s en mati\u00e8re de services financiers, sociaux et \u00e9conomiques ax\u00e9s sur l&#8217;inclusion num\u00e9rique<\/h2>\n<p>[\/vc_column_text][\/vc_column][\/vc_row][vc_row type=&#8221;vc_default&#8221; full_width=&#8221;stretch_row_content_no_spaces&#8221; css=&#8221;.vc_custom_1550511003183{background: #ffffff url(https:\/\/www.microsave.net\/institut-helix\/wp-content\/uploads\/2019\/02\/DOWN-2.png?id=84) !important;background-position: center !important;background-repeat: no-repeat !important;background-size: cover !important;}&#8221;][vc_column][\/vc_column][\/vc_row][vc_row type=&#8221;vc_default&#8221; full_width=&#8221;stretch_row&#8221; css=&#8221;.vc_custom_1752569717457{margin-bottom: -70px !important;padding-bottom: 20px !important;background-color: #ffffff !important;}&#8221; el_class=&#8221;about-helix-section&#8221;][vc_column][vc_column_text css=&#8221;.vc_custom_1698488861314{margin-bottom: 0px !important;padding-bottom: 0px !important;}&#8221;]<\/p>\n<h6>A propos de l\u2019Institut Helix de MSC<\/h6>\n<p>[\/vc_column_text][vc_separator color=&#8221;custom&#8221; align=&#8221;align_left&#8221; border_width=&#8221;4&#8243; el_width=&#8221;10&#8243; css_animation=&#8221;fadeInLeft&#8221; accent_color=&#8221;#009db4&#8243; css=&#8221;.vc_custom_1696422507944{margin-top: 5px !important;padding-top: 0px !important;}&#8221;][vc_row_inner equal_height=&#8221;yes&#8221; content_placement=&#8221;middle&#8221; css=&#8221;.vc_custom_1736585824878{margin-top: 0px !important;margin-bottom: 30px !important;padding-bottom: 60px !important;}&#8221; el_class=&#8221;about-section&#8221;][vc_column_inner][vc_column_text]<\/p>\n<p style=\"text-align: justify\"><img loading=\"lazy\" decoding=\"async\" class=\"alignright wp-image-305\" src=\"https:\/\/www.microsave.net\/institut-helix\/wp-content\/uploads\/2023\/09\/about.jpg\" alt=\"\" width=\"400\" height=\"266\" \/><\/p>\n<p>L&#8217;Institut Helix du MSC a \u00e9t\u00e9 fond\u00e9 en novembre 2013 pour fournir des formations pratiques, hautement interactives et de classe mondiale sur les questions et pr\u00e9occupations \u00e9mergentes dans les services financiers, sociaux et \u00e9conomiques, en mettant l&#8217;accent sur l&#8217;inclusion num\u00e9rique. En 2017, notre institut s\u2019est \u00e9tendu \u00e0 la zone francophone, gr\u00e2ce au partenariat avec la Mastercard Foundation.<\/p>\n<p>L&#8217;Institut Helix est la branche formation de <a href=\"http:\/\/www.microsave.net\/fr\" target=\"_blank\" rel=\"noopener\">MSC<\/a>. MSC est un cabinet de conseil qui favorise l&#8217;inclusion financi\u00e8re, \u00e9conomique et sociale en s&#8217;associant aux participants des \u00e9cosyst\u00e8mes num\u00e9riques.<\/p>\n<p>Nos formations dotent les praticiens de l&#8217;industrie de connaissances et d&#8217;outils pratiques leur permettant d&#8217;avoir un impact durable. En effet, elles sont sp\u00e9cialement con\u00e7ues pour aider les organisations \u00e0 \u00e9laborer des strat\u00e9gies efficaces, \u00e0 am\u00e9liorer leurs op\u00e9rations et \u00e0 \u00e9tendre durablement les services financiers \u00e0 leurs clients.<\/p>\n<p>Nos clients sont \u00e0 la fois les op\u00e9rateurs de t\u00e9l\u00e9phonie mobile, les institutions financi\u00e8res, les d\u00e9cideurs publics, des FinTechs qui cherchent \u00e0 optimiser leurs performances, saisir des opportunit\u00e9s d\u2019innovation, et renforcer leur port\u00e9e aupr\u00e8s des populations exclues des services financiers. Nos formations s\u2019adressent \u00e9galement \u00e0 tout autre acteur qui souhaite s\u2019engager dans la finance digitale.[\/vc_column_text][\/vc_column_inner][\/vc_row_inner][\/vc_column][\/vc_row][vc_row type=&#8221;vc_default&#8221; full_width=&#8221;stretch_row&#8221; bg_type=&#8221;bg_color&#8221; css=&#8221;.vc_custom_1744022332675{border-bottom-width: 40px !important;background-color: #f0f0f0 !important;}&#8221; bg_color_value=&#8221;#f0f0f0&#8243; el_class=&#8221;why-choose-section&#8221;][vc_column css=&#8221;.vc_custom_1550585389207{padding-top: 40px !important;}&#8221;][vc_column_text css=&#8221;.vc_custom_1698489032521{margin-top: 30px !important;margin-bottom: 5px !important;padding-bottom: 0px !important;}&#8221;]<\/p>\n<h6>Pourquoi choisir l\u2019Institut Helix?<\/h6>\n<p>[\/vc_column_text][vc_separator color=&#8221;custom&#8221; align=&#8221;align_left&#8221; border_width=&#8221;4&#8243; el_width=&#8221;10&#8243; css_animation=&#8221;fadeInLeft&#8221; accent_color=&#8221;#009db4&#8243; css=&#8221;.vc_custom_1551049011337{margin-top: 5px !important;padding-top: 0px !important;}&#8221;][vc_column_text css=&#8221;.vc_custom_1759993901522{margin-top: 30px !important;margin-bottom: 5px !important;padding-bottom: 40px !important;}&#8221;]L\u2019Institut Helix de MSC est un leader mondial dans le domaine du renforcement des capacit\u00e9s dans les march\u00e9s et segments \u00e9mergents. Nous mettons l\u2019accent sur les services financiers, sociaux et \u00e9conomiques, et plus particuli\u00e8rement sur l&#8217;inclusion num\u00e9rique. Nos formations offrent plusieurs caract\u00e9ristiques uniques qui vous donnent un avantage sur la concurrence:<\/p>\n<p>&nbsp;<\/p>\n<p><img loading=\"lazy\" decoding=\"async\" class=\"aligncenter wp-image-1086 size-full\" src=\"https:\/\/www.microsave.net\/institut-helix\/wp-content\/uploads\/2023\/11\/1.gif\" alt=\"\" width=\"1440\" height=\"353\" \/>[\/vc_column_text][\/vc_column][\/vc_row][vc_row type=&#8221;vc_default&#8221; full_width=&#8221;stretch_row&#8221; bg_type=&#8221;bg_color&#8221; css=&#8221;.vc_custom_1744022393739{background-color: #ffffff !important;}&#8221; bg_color_value=&#8221;#ffffff&#8221; el_class=&#8221;our-impact-section&#8221;][vc_column css=&#8221;.vc_custom_1550585389207{padding-top: 40px !important;}&#8221;][vc_column_text css=&#8221;.vc_custom_1698489144560{margin-top: 30px !important;margin-bottom: 5px !important;padding-bottom: 0px !important;}&#8221;]<\/p>\n<h6>Notre impact<\/h6>\n<p>[\/vc_column_text][vc_separator color=&#8221;custom&#8221; align=&#8221;align_left&#8221; border_width=&#8221;4&#8243; el_width=&#8221;10&#8243; css_animation=&#8221;fadeInLeft&#8221; accent_color=&#8221;#009db4&#8243; css=&#8221;.vc_custom_1551049011337{margin-top: 5px !important;padding-top: 0px !important;}&#8221;][\/vc_column][\/vc_row][vc_row type=&#8221;vc_default&#8221; full_width=&#8221;stretch_row&#8221; bg_type=&#8221;bg_color&#8221; css=&#8221;.vc_custom_1752569850490{margin-top: 0px !important;background-color: #ffffff !important;}&#8221; bg_color_value=&#8221;#ffffff&#8221; el_class=&#8221;our-impact-section&#8221;][vc_column css=&#8221;.vc_custom_1550651857106{margin-top: 0px !important;padding-top: 0px !important;}&#8221;][vc_column_text css_animation=&#8221;fadeIn&#8221; css=&#8221;.vc_custom_1698489161975{margin-top: 0px !important;padding-top: 0px !important;background-color: #ffffff !important;}&#8221;]<\/p>\n<h2 style=\"text-align: center\">Nos r\u00e9alisations \u00e0 ce jour<\/h2>\n<p>[\/vc_column_text][\/vc_column][\/vc_row][vc_row type=&#8221;vc_default&#8221; full_width=&#8221;stretch_row&#8221; gap=&#8221;20&#8243; equal_height=&#8221;yes&#8221; css=&#8221;.vc_custom_1736585841562{margin-bottom: -70px !important;padding-top: 0px !important;padding-bottom: 40px !important;background-color: #ffffff !important;}&#8221; el_class=&#8221;our-achievments-box&#8221;][vc_column width=&#8221;1\/5&#8243; css=&#8221;.vc_custom_1551047216506{background-color: #2a3e79 !important;border-radius: 10px !important;}&#8221;]<div class=\"stats-block stats-top   vc_custom_1695798870838\"><div class=\"aio-icon-top\"><div class=\"ult-just-icon-wrapper  \"><div class=\"align-icon\" style=\"text-align:center;\">\n<div class=\"aio-icon-img \" style=\"font-size:90px;display:inline-block;\" data-animation=\"pulse\" data-animation-delay=\"03\">\n\t<img decoding=\"async\" class=\"img-icon\" alt=\"\" src=\"https:\/\/www.microsave.net\/institut-helix\/wp-content\/uploads\/2023\/09\/MSC-Icon-180X180-01.png\"\/>\n<\/div><\/div><\/div><\/div><div class=\"stats-desc\" id=\"counter-responsv-wrap-1344\"><div id=\"counter_86280348969d8f8a2c01fd\" data-id=\"counter_86280348969d8f8a2c01fd\"  data-ultimate-target='#counter-responsv-wrap-1344 .stats-number'  data-responsive-json-new='{\"font-size\":\"desktop:44px;\",\"line-height\":\"desktop:48px;\"}'  class=\"stats-number ult-responsive\" style=\"  font-family:&#039;Source Sans Pro&#039;;font-weight:700;color:#ffffff;\" data-speed=\"5\" data-counter-value=\"396\" data-separator=\",\" data-decimal=\".\">0<\/div><div id=\"counter-responsv-wrap-1344\"  data-ultimate-target='#counter-responsv-wrap-1344 .stats-text'  data-responsive-json-new='{\"font-size\":\"desktop:20px;\",\"line-height\":\"desktop:26px;\"}'  class=\"stats-text ult-responsive\" style=\"font-size:px;  font-family:&#039;Source Sans Pro&#039;;\"><\/div><\/div><\/div>[vc_column_text css=&#8221;.vc_custom_1698489737872{margin-top: 0px !important;padding-top: 0px !important;}&#8221;]<\/p>\n<h5 style=\"text-align: center\"><span style=\"color: #ffffff\">formations men\u00e9es<\/span><\/h5>\n<p>[\/vc_column_text][\/vc_column][vc_column width=&#8221;1\/5&#8243; css=&#8221;.vc_custom_1551047416933{background-color: #009fb6 !important;border-radius: 10px !important;}&#8221;]<div class=\"stats-block stats-top   vc_custom_1695798878987\"><div class=\"aio-icon-top\"><div class=\"ult-just-icon-wrapper  \"><div class=\"align-icon\" style=\"text-align:center;\">\n<div class=\"aio-icon-img \" style=\"font-size:90px;display:inline-block;\" data-animation=\"pulse\" data-animation-delay=\"03\">\n\t<img decoding=\"async\" class=\"img-icon\" alt=\"\" src=\"https:\/\/www.microsave.net\/institut-helix\/wp-content\/uploads\/2023\/09\/MSC-Icon-180X180-02.png\"\/>\n<\/div><\/div><\/div><\/div><div class=\"stats-desc\" id=\"counter-responsv-wrap-4040\"><div id=\"counter_188386741569d8f8a2c05c6\" data-id=\"counter_188386741569d8f8a2c05c6\"  data-ultimate-target='#counter-responsv-wrap-4040 .stats-number'  data-responsive-json-new='{\"font-size\":\"desktop:44px;\",\"line-height\":\"desktop:48px;\"}'  class=\"stats-number ult-responsive\" style=\"  font-family:&#039;Source Sans Pro&#039;;font-weight:700;color:#ffffff;\" data-speed=\"5\" data-counter-value=\"53\" data-separator=\",\" data-decimal=\".\">0<\/div><div id=\"counter-responsv-wrap-4040\"  data-ultimate-target='#counter-responsv-wrap-4040 .stats-text'  data-responsive-json-new='{\"font-size\":\"desktop:20px;\",\"line-height\":\"desktop:26px;\"}'  class=\"stats-text ult-responsive\" style=\"font-size:px;  font-family:&#039;Source Sans Pro&#039;;\"><\/div><\/div><\/div>[vc_column_text css=&#8221;.vc_custom_1698489772152{margin-top: 0px !important;padding-top: 0px !important;}&#8221;]<\/p>\n<h5 style=\"text-align: center\"><span style=\"color: #ffffff\">pays repr\u00e9sent\u00e9s par nos participants<\/span><\/h5>\n<p>[\/vc_column_text][\/vc_column][vc_column width=&#8221;1\/5&#8243; css=&#8221;.vc_custom_1551047747792{background-color: #f4a626 !important;border-radius: 10px !important;}&#8221;]<div class=\"stats-block stats-top   vc_custom_1695798887100\"><div class=\"aio-icon-top\"><div class=\"ult-just-icon-wrapper  \"><div class=\"align-icon\" style=\"text-align:center;\">\n<div class=\"aio-icon-img \" style=\"font-size:90px;display:inline-block;\" data-animation=\"pulse\" data-animation-delay=\"03\">\n\t<img decoding=\"async\" class=\"img-icon\" alt=\"\" src=\"https:\/\/www.microsave.net\/institut-helix\/wp-content\/uploads\/2023\/09\/MSC-Icon-180X180-03.png\"\/>\n<\/div><\/div><\/div><\/div><div class=\"stats-desc\" id=\"counter-responsv-wrap-2577\"><div id=\"counter_36304896669d8f8a2c0b58\" data-id=\"counter_36304896669d8f8a2c0b58\"  data-ultimate-target='#counter-responsv-wrap-2577 .stats-number'  data-responsive-json-new='{\"font-size\":\"desktop:44px;\",\"line-height\":\"desktop:48px;\"}'  class=\"stats-number ult-responsive\" style=\"  font-family:&#039;Source Sans Pro&#039;;font-weight:700;color:#ffffff;\" data-speed=\"5\" data-counter-value=\"11000\" data-separator=\",\" data-decimal=\".\">0<\/div><div class=\"counter_suffix mycust ult-responsive\"  data-ultimate-target='#counter-responsv-wrap-2577 .mycust'  data-responsive-json-new='{\"font-size\":\"desktop:44px;\",\"line-height\":\"desktop:58px;\"}'  style=\" color:#ffffff\">+<\/div><div id=\"counter-responsv-wrap-2577\"  data-ultimate-target='#counter-responsv-wrap-2577 .stats-text'  data-responsive-json-new='{\"font-size\":\"desktop:20px;\",\"line-height\":\"desktop:26px;\"}'  class=\"stats-text ult-responsive\" style=\"font-size:px;  font-family:&#039;Source Sans Pro&#039;;\"><\/div><\/div><\/div>[vc_column_text css=&#8221;.vc_custom_1698489784967{margin-top: 0px !important;padding-top: 0px !important;}&#8221;]<\/p>\n<h5 style=\"text-align: center\"><span style=\"color: #ffffff\">sp\u00e9cialistes de l\u2019inclusion financi\u00e8re form\u00e9s<\/span><\/h5>\n<p>[\/vc_column_text][\/vc_column][vc_column width=&#8221;1\/5&#8243; css=&#8221;.vc_custom_1551048093267{background-color: #2a3e79 !important;border-radius: 10px !important;}&#8221;]<div class=\"stats-block stats-top   vc_custom_1695798894743\"><div class=\"aio-icon-top\"><div class=\"ult-just-icon-wrapper  \"><div class=\"align-icon\" style=\"text-align:center;\">\n<div class=\"aio-icon-img \" style=\"font-size:90px;display:inline-block;\" data-animation=\"pulse\" data-animation-delay=\"03\">\n\t<img decoding=\"async\" class=\"img-icon\" alt=\"\" src=\"https:\/\/www.microsave.net\/institut-helix\/wp-content\/uploads\/2023\/09\/MSC-Icon-180X180-04.png\"\/>\n<\/div><\/div><\/div><\/div><div class=\"stats-desc\" id=\"counter-responsv-wrap-5768\"><div id=\"counter_10719459169d8f8a2c1068\" data-id=\"counter_10719459169d8f8a2c1068\"  data-ultimate-target='#counter-responsv-wrap-5768 .stats-number'  data-responsive-json-new='{\"font-size\":\"desktop:44px;\",\"line-height\":\"desktop:48px;\"}'  class=\"stats-number ult-responsive\" style=\"  font-family:&#039;Source Sans Pro&#039;;font-weight:700;color:#ffffff;\" data-speed=\"5\" data-counter-value=\"1500\" data-separator=\",\" data-decimal=\".\">0<\/div><div id=\"counter-responsv-wrap-5768\"  data-ultimate-target='#counter-responsv-wrap-5768 .stats-text'  data-responsive-json-new='{\"font-size\":\"desktop:20px;\",\"line-height\":\"desktop:26px;\"}'  class=\"stats-text ult-responsive\" style=\"font-size:px;  font-family:&#039;Source Sans Pro&#039;;\"><\/div><\/div><\/div>[vc_column_text css=&#8221;.vc_custom_1698489800865{margin-top: 0px !important;padding-top: 0px !important;}&#8221;]<\/p>\n<h5 style=\"text-align: center\"><span style=\"color: #ffffff\">organisations form\u00e9es<\/span><\/h5>\n<p>[\/vc_column_text][\/vc_column][vc_column width=&#8221;1\/5&#8243; css=&#8221;.vc_custom_1551048447677{background-color: #009fb6 !important;border-radius: 10px !important;}&#8221;]<div class=\"stats-block stats-top   vc_custom_1695798902412\"><div class=\"aio-icon-top\"><div class=\"ult-just-icon-wrapper  \"><div class=\"align-icon\" style=\"text-align:center;\">\n<div class=\"aio-icon-img \" style=\"font-size:90px;display:inline-block;\" data-animation=\"pulse\" data-animation-delay=\"03\">\n\t<img decoding=\"async\" class=\"img-icon\" alt=\"\" src=\"https:\/\/www.microsave.net\/institut-helix\/wp-content\/uploads\/2023\/09\/MSC-Icon-180X180-05.png\"\/>\n<\/div><\/div><\/div><\/div><div class=\"stats-desc\" id=\"counter-responsv-wrap-4960\"><div id=\"counter_105273786269d8f8a2c1582\" data-id=\"counter_105273786269d8f8a2c1582\"  data-ultimate-target='#counter-responsv-wrap-4960 .stats-number'  data-responsive-json-new='{\"font-size\":\"desktop:44px;\",\"line-height\":\"desktop:48px;\"}'  class=\"stats-number ult-responsive\" style=\"  font-family:&#039;Source Sans Pro&#039;;font-weight:700;color:#ffffff;\" data-speed=\"5\" data-counter-value=\"900\" data-separator=\",\" data-decimal=\".\">0<\/div><div id=\"counter-responsv-wrap-4960\"  data-ultimate-target='#counter-responsv-wrap-4960 .stats-text'  data-responsive-json-new='{\"font-size\":\"desktop:20px;\",\"line-height\":\"desktop:26px;\"}'  class=\"stats-text ult-responsive\" style=\"font-size:px;  font-family:&#039;Source Sans Pro&#039;;\"><\/div><\/div><\/div>[vc_column_text css=&#8221;.vc_custom_1698489816385{margin-top: 0px !important;padding-top: 0px !important;}&#8221;]<\/p>\n<h5 style=\"text-align: center\"><span style=\"color: #ffffff\">millions de clients atteints<\/span><\/h5>\n<p>[\/vc_column_text][\/vc_column][\/vc_row]<\/p>\n","protected":false},"excerpt":{"rendered":"<p>[vc_row type=&#8221;vc_default&#8221; full_width=&#8221;stretch_row&#8221; bg_type=&#8221;bg_color&#8221; css=&#8221;.vc_custom_1752564507652{margin-top: -70px !important;background-color: #f0f0f0 !important;}&#8221; bg_color_value=&#8221;#f0f0f0&#8243; el_class=&#8221;about-heading-section&#8221;][vc_column][vc_column_text css=&#8221;.vc_custom_1698488808322{padding-top: 20px !important;}&#8221;] L&#8217;Institut Helix de MSC est votre partenaire privil\u00e9gi\u00e9 pour le renforcement des capacit\u00e9s en mati\u00e8re de services financiers, sociaux et \u00e9conomiques ax\u00e9s sur l&#8217;inclusion num\u00e9rique [\/vc_column_text][\/vc_column][\/vc_row][vc_row type=&#8221;vc_default&#8221; full_width=&#8221;stretch_row_content_no_spaces&#8221; css=&#8221;.vc_custom_1550511003183{background: #ffffff url(https:\/\/www.microsave.net\/institut-helix\/wp-content\/uploads\/2019\/02\/DOWN-2.png?id=84) !important;background-position: center !important;background-repeat: no-repeat !important;background-size: cover !important;}&#8221;][vc_column][\/vc_column][\/vc_row][vc_row type=&#8221;vc_default&#8221; full_width=&#8221;stretch_row&#8221; css=&#8221;.vc_custom_1752569717457{margin-bottom:&hellip;<\/p>\n","protected":false},"author":2,"featured_media":0,"parent":0,"menu_order":0,"comment_status":"closed","ping_status":"closed","template":"","meta":{"_acf_changed":false},"acf":[],"_links":{"self":[{"href":"https:\/\/www.microsave.net\/institut-helix\/wp-json\/wp\/v2\/pages\/96"}],"collection":[{"href":"https:\/\/www.microsave.net\/institut-helix\/wp-json\/wp\/v2\/pages"}],"about":[{"href":"https:\/\/www.microsave.net\/institut-helix\/wp-json\/wp\/v2\/types\/page"}],"author":[{"embeddable":true,"href":"https:\/\/www.microsave.net\/institut-helix\/wp-json\/wp\/v2\/users\/2"}],"replies":[{"embeddable":true,"href":"https:\/\/www.microsave.net\/institut-helix\/wp-json\/wp\/v2\/comments?post=96"}],"version-history":[{"count":11,"href":"https:\/\/www.microsave.net\/institut-helix\/wp-json\/wp\/v2\/pages\/96\/revisions"}],"predecessor-version":[{"id":1538,"href":"https:\/\/www.microsave.net\/institut-helix\/wp-json\/wp\/v2\/pages\/96\/revisions\/1538"}],"wp:attachment":[{"href":"https:\/\/www.microsave.net\/institut-helix\/wp-json\/wp\/v2\/media?parent=96"}],"curies":[{"name":"wp","href":"https:\/\/api.w.org\/{rel}","templated":true}]}}